{"id":9566,"date":"2026-03-05T12:26:01","date_gmt":"2026-03-05T12:26:01","guid":{"rendered":"https:\/\/makermauz.de\/?post_type=product&#038;p=9566"},"modified":"2026-05-13T08:51:20","modified_gmt":"2026-05-13T08:51:20","slug":"schnittmuster-geschenkideen-set-baby","status":"publish","type":"product","link":"https:\/\/makermauz.de\/?product=schnittmuster-geschenkideen-set-baby","title":{"rendered":"Geschenkideen Set Baby"},"content":{"rendered":"\t\t<div data-elementor-type=\"wp-post\" data-elementor-id=\"9566\" class=\"elementor elementor-9566\">\n\t\t\t\t<div class=\"elementor-element elementor-element-6bd6b46 e-flex e-con-boxed e-con e-parent\" data-id=\"6bd6b46\" data-element_type=\"container\" data-e-type=\"container\">\n\t\t\t\t\t<div class=\"e-con-inner\">\n\t\t\t\t<div class=\"elementor-element elementor-element-0609953 elementor-widget elementor-widget-text-editor\" data-id=\"0609953\" data-element_type=\"widget\" data-e-type=\"widget\" data-widget_type=\"text-editor.default\">\n\t\t\t\t<div class=\"elementor-widget-container\">\n\t\t\t\t\t\t\t\t\t<h2 data-start=\"229\" data-end=\"288\">Geschenkideen Set Baby \u2013 Schnittmuster f\u00fcr Babygeschenke<\/h2><p data-start=\"290\" data-end=\"571\">Du m\u00f6chtest <strong data-start=\"302\" data-end=\"332\">Babygeschenke selber n\u00e4hen<\/strong> und suchst nach einem liebevollen DIY-Projekt?<br data-start=\"379\" data-end=\"382\" \/>Mit dem <strong data-start=\"390\" data-end=\"432\">Schnittmuster \u201eGeschenkideen Set Baby\u201c<\/strong> kannst du gleich mehrere praktische und s\u00fc\u00dfe <strong data-start=\"478\" data-end=\"503\">Babyaccessoires n\u00e4hen<\/strong> \u2013 perfekt als <strong data-start=\"518\" data-end=\"570\">handgemachtes Geschenk zur Geburt oder Babyparty<\/strong>.<\/p><p data-start=\"573\" data-end=\"674\">Das Set enth\u00e4lt einfache Schritt-f\u00fcr-Schritt-Anleitungen f\u00fcr drei beliebte <strong data-start=\"648\" data-end=\"673\">N\u00e4hprojekte f\u00fcr Babys<\/strong>:<\/p><ul data-start=\"676\" data-end=\"816\"><li data-start=\"676\" data-end=\"711\"><p data-start=\"678\" data-end=\"711\">einen <strong data-start=\"684\" data-end=\"711\">Bei\u00dfring mit Hasenohren<\/strong><\/p><\/li><li data-start=\"712\" data-end=\"752\"><p data-start=\"714\" data-end=\"752\">ein <strong data-start=\"718\" data-end=\"752\">Knistertuch mit Spielelementen<\/strong><\/p><\/li><li data-start=\"753\" data-end=\"816\"><p data-start=\"755\" data-end=\"816\">eine <strong data-start=\"760\" data-end=\"816\">Schnullerkette \/ ein Spielzeugband (2 Varianten)<\/strong><\/p><\/li><\/ul><p data-start=\"818\" data-end=\"956\">Alle Projekte sind <strong data-start=\"837\" data-end=\"855\">schnell gen\u00e4ht<\/strong> und eignen sich ideal, wenn du pers\u00f6nliche und praktische <strong data-start=\"914\" data-end=\"935\">DIY Babygeschenke<\/strong> anfertigen m\u00f6chtest.<\/p><h3 data-start=\"958\" data-end=\"991\">Bei\u00dfring mit Hasenohren n\u00e4hen<\/h3><p data-start=\"992\" data-end=\"1236\">Der Greifling kombiniert <strong data-start=\"1017\" data-end=\"1035\">Holz und Stoff<\/strong> und l\u00e4dt Babys zum Greifen, F\u00fchlen und Entdecken ein. Die unterschiedlichen Materialien f\u00f6rdern spielerisch den <strong data-start=\"1148\" data-end=\"1171\">Tast- und Greifsinn<\/strong> und machen den Bei\u00dfring zu einem tollen Begleiter im Babyalltag.<\/p><h3 data-start=\"1238\" data-end=\"1272\">Knistertuch mit Spielelementen<\/h3><p data-start=\"1273\" data-end=\"1551\">Das <strong data-start=\"1277\" data-end=\"1292\">Knistertuch<\/strong> sorgt mit verschiedenen Stoffen und dem integrierten Knistereffekt f\u00fcr spannende Sinneseindr\u00fccke. Zus\u00e4tzlich kann ein <strong data-start=\"1411\" data-end=\"1434\">Bei\u00dfring integriert<\/strong> werden. Nat\u00fcrlich kannst du das Tuch ganz individuell gestalten und weitere Spielelemente hinzuf\u00fcgen oder weglassen.<\/p><h3 data-start=\"1553\" data-end=\"1593\">Schnullerkette \/ Spielzeugband n\u00e4hen<\/h3><p data-start=\"1594\" data-end=\"1651\">Die <strong data-start=\"1598\" data-end=\"1616\">Schnullerkette<\/strong> kannst du in zwei Varianten n\u00e4hen:<\/p><ul data-start=\"1653\" data-end=\"1771\"><li data-start=\"1653\" data-end=\"1708\"><p data-start=\"1655\" data-end=\"1708\">als <strong data-start=\"1659\" data-end=\"1692\">waschbare Version mit B\u00e4ndern<\/strong> f\u00fcr Schnuller<\/p><\/li><li data-start=\"1709\" data-end=\"1771\"><p data-start=\"1711\" data-end=\"1771\">oder mit <strong data-start=\"1720\" data-end=\"1734\">Druckknopf<\/strong>, passend f\u00fcr Schnuller und Spielzeug<\/p><\/li><\/ul><p data-start=\"1773\" data-end=\"1858\">So entsteht ein praktisches Babyaccessoire, das im Alltag mit Baby nicht fehlen darf.<\/p><p data-start=\"1860\" data-end=\"1991\">\u2728 Mit diesem Schnittmuster-Set kannst du <strong data-start=\"1901\" data-end=\"1939\">mehrere Babygeschenke selber n\u00e4hen<\/strong> \u2013 pers\u00f6nlich, praktisch und mit viel Liebe gemacht. Perfekt f\u00fcr alle, die <strong data-start=\"2190\" data-end=\"2213\">Babygeschenke n\u00e4hen<\/strong>, <strong data-start=\"2215\" data-end=\"2248\">DIY Babyaccessoires erstellen<\/strong> oder ein <strong data-start=\"2258\" data-end=\"2292\">besonderes Geschenk zur Geburt<\/strong> selber machen m\u00f6chten.<\/p><p><strong>N\u00e4hschwierigkeit<\/strong>: Leicht, ben\u00f6tigt etwas Erfahrung<\/p><p><a href=\"https:\/\/makermauz.de\/wp-content\/uploads\/2026\/03\/Lookbook-Baby-Geschenkideen-Set-von-Maker-Mauz-Sewing.pdf\" target=\"_blank\" rel=\"noopener\">Lookbook mit den Proben\u00e4hbeispielen des Geschenkideen Sets Baby<\/a><\/p><p><strong>\u00a0<\/strong><\/p><h3>Das bekommst du:<\/h3><ul><li>Schnittmuster in A4 zum Ausdrucken (im PDF Format)<\/li><li>Ausf\u00fchrliche Schritt f\u00fcr Schritt Anleitung (im PDF Format)<\/li><\/ul><div><h3><strong><br \/><\/strong>Ben\u00f6tigtes Material:\u00a0<\/h3><\/div><ul><li><div>F\u00fcr den Greifling ben\u00f6tigst du zwei gewebte Baumwollstoffe z.B. Gewebte Baumwolle, Waffelpiqu\u00e9 (hier empfiehlt sich nur eine Seite aus Waffelpiqu\u00e9, da der Greifling sonst zu dick wird) oder Musselin. Du ben\u00f6tigst einen Stoffrest in der Gr\u00f6\u00dfe von ca. 37 \u00d7 6 cm. Au\u00dferdem ben\u00f6tigst du einen Holzring ca. 5,5 cm. (Achte beim Kauf auf Schadstofffreiheit)<\/div><div>\u00a0<\/div><\/li><li><div>F\u00fcr das Knistertuch ben\u00f6tigst du Stoffreste aus Baumwolle wie z.B. Webare, Waffelpique, Cord oder Musselin. Zudem ben\u00f6tigst du: Knisterfolie oder Bratschlauch (aus Supermarkt), Baumwoll-Kordel z.B. Baumwoll-Jersey , Holzring-ca. 5,5 cm. (Achte beim Kauf auf Schadstofffreiheit)<\/div><\/li><li><div>F\u00fcr das Schnullerband ben\u00f6tigst du Stoffereste aus Baumwolle wie z.B. Webare oder Musselin in der Gr\u00f6\u00dfe von 23x 6 cm f\u00fcr Schnullerband 1 und in der Gr\u00f6\u00dfe von 10 x 17 cm f\u00fcr Schnullerband 2. Au\u00dferdem ben\u00f6tigst du Schnullerclips, Vlies H200 (Schnullerband 1), eine Baumwoll-Kordel z.B. Baumwoll-Jersey (Schnullerband 2) und Plastikdruckkn\u00f6pfe (Schnullerband 1)<\/div><\/li><\/ul>\t\t\t\t\t\t\t\t<\/div>\n\t\t\t\t<\/div>\n\t\t\t\t\t<\/div>\n\t\t\t\t<\/div>\n\t\t\t\t<\/div>\n\t\t","protected":false},"excerpt":{"rendered":"<ul>\n<li>PDF-Schnittmuster und N\u00e4hanleitung zum selber Ausdrucken, versandkostenfrei<\/li>\n<li>Sofort zum Download verf\u00fcgbar<\/li>\n<li>N\u00e4hschwierigkeit: Leicht, ben\u00f6tigt etwas Erfahrung<\/li>\n<\/ul>\n","protected":false},"featured_media":9569,"comment_status":"open","ping_status":"closed","template":"","meta":{"om_disable_all_campaigns":false,"kt_blocks_editor_width":"","_monsterinsights_skip_tracking":false,"_monsterinsights_sitenote_active":false,"_monsterinsights_sitenote_note":"","_monsterinsights_sitenote_category":0,"_links_to":"","_links_to_target":""},"product_brand":[],"product_cat":[230,109],"product_tag":[231,261,263,262,260],"class_list":{"0":"post-9566","1":"product","2":"type-product","3":"status-publish","4":"has-post-thumbnail","6":"product_cat-babys-kinder","7":"product_cat-schnittmuster","8":"product_tag-baby","9":"product_tag-beissring","10":"product_tag-greifling","11":"product_tag-knistertuch","12":"product_tag-schnullerkette","14":"first","15":"instock","16":"downloadable","17":"virtual","18":"sold-individually","19":"purchasable","20":"product-type-simple"},"yoast_head":"<!-- This site is optimized with the Yoast SEO plugin v27.6 - https:\/\/yoast.com\/product\/yoast-seo-wordpress\/ -->\n<title>Schnittmuster f\u00fcr ein Baby Geschenkideen Set<\/title>\n<meta name=\"description\" content=\"Geschenkideen f\u00fcrs Baby: N\u00e4he mit diesem Schnittmuster-Set liebevolle Babygeschenke wie Bei\u00dfring, Schnullerkette oder Knistertuch ganz einfach selbst.\" \/>\n<meta name=\"robots\" content=\"index, follow, max-snippet:-1, max-image-preview:large, max-video-preview:-1\" \/>\n<link rel=\"canonical\" href=\"https:\/\/makermauz.de\/?product=schnittmuster-geschenkideen-set-baby\" \/>\n<meta property=\"og:locale\" content=\"de_DE\" \/>\n<meta property=\"og:type\" content=\"article\" \/>\n<meta property=\"og:title\" content=\"Schnittmuster f\u00fcr ein Baby Geschenkideen Set\" \/>\n<meta property=\"og:description\" content=\"Geschenkideen f\u00fcrs Baby: N\u00e4he mit diesem Schnittmuster-Set liebevolle Babygeschenke wie Bei\u00dfring, Schnullerkette oder Knistertuch ganz einfach selbst.\" \/>\n<meta property=\"og:url\" content=\"https:\/\/makermauz.de\/?product=schnittmuster-geschenkideen-set-baby\" \/>\n<meta property=\"og:site_name\" content=\"Maker Mauz Sewing\" \/>\n<meta property=\"article:modified_time\" content=\"2026-05-13T08:51:20+00:00\" \/>\n<meta property=\"og:image\" content=\"https:\/\/makermauz.de\/wp-content\/uploads\/2026\/03\/Naehanleitung_Geschenkideen-Set-Baby-Beissring-Schnullerkette-Knistertuch_Maker-Mauz-Sewing.jpg\" \/>\n\t<meta property=\"og:image:width\" content=\"1000\" \/>\n\t<meta property=\"og:image:height\" content=\"1000\" \/>\n\t<meta property=\"og:image:type\" content=\"image\/jpeg\" \/>\n<meta name=\"twitter:card\" content=\"summary_large_image\" \/>\n<meta name=\"twitter:label1\" content=\"Gesch\u00e4tzte Lesezeit\" \/>\n\t<meta name=\"twitter:data1\" content=\"3\u00a0Minuten\" \/>\n<script type=\"application\/ld+json\" class=\"yoast-schema-graph\">{\"@context\":\"https:\\\/\\\/schema.org\",\"@graph\":[{\"@type\":\"WebPage\",\"@id\":\"https:\\\/\\\/makermauz.de\\\/?product=schnittmuster-geschenkideen-set-baby\",\"url\":\"https:\\\/\\\/makermauz.de\\\/?product=schnittmuster-geschenkideen-set-baby\",\"name\":\"Schnittmuster f\u00fcr ein Baby Geschenkideen Set\",\"isPartOf\":{\"@id\":\"https:\\\/\\\/makermauz.de\\\/#website\"},\"primaryImageOfPage\":{\"@id\":\"https:\\\/\\\/makermauz.de\\\/?product=schnittmuster-geschenkideen-set-baby#primaryimage\"},\"image\":{\"@id\":\"https:\\\/\\\/makermauz.de\\\/?product=schnittmuster-geschenkideen-set-baby#primaryimage\"},\"thumbnailUrl\":\"https:\\\/\\\/makermauz.de\\\/wp-content\\\/uploads\\\/2026\\\/03\\\/Naehanleitung_Geschenkideen-Set-Baby-Beissring-Schnullerkette-Knistertuch_Maker-Mauz-Sewing.jpg\",\"datePublished\":\"2026-03-05T12:26:01+00:00\",\"dateModified\":\"2026-05-13T08:51:20+00:00\",\"description\":\"Geschenkideen f\u00fcrs Baby: N\u00e4he mit diesem Schnittmuster-Set liebevolle Babygeschenke wie Bei\u00dfring, Schnullerkette oder Knistertuch ganz einfach selbst.\",\"breadcrumb\":{\"@id\":\"https:\\\/\\\/makermauz.de\\\/?product=schnittmuster-geschenkideen-set-baby#breadcrumb\"},\"inLanguage\":\"de\",\"potentialAction\":[{\"@type\":\"ReadAction\",\"target\":[\"https:\\\/\\\/makermauz.de\\\/?product=schnittmuster-geschenkideen-set-baby\"]}]},{\"@type\":\"ImageObject\",\"inLanguage\":\"de\",\"@id\":\"https:\\\/\\\/makermauz.de\\\/?product=schnittmuster-geschenkideen-set-baby#primaryimage\",\"url\":\"https:\\\/\\\/makermauz.de\\\/wp-content\\\/uploads\\\/2026\\\/03\\\/Naehanleitung_Geschenkideen-Set-Baby-Beissring-Schnullerkette-Knistertuch_Maker-Mauz-Sewing.jpg\",\"contentUrl\":\"https:\\\/\\\/makermauz.de\\\/wp-content\\\/uploads\\\/2026\\\/03\\\/Naehanleitung_Geschenkideen-Set-Baby-Beissring-Schnullerkette-Knistertuch_Maker-Mauz-Sewing.jpg\",\"width\":1000,\"height\":1000,\"caption\":\"Bei\u00dfring, Schnullerband und Knistertuch selber n\u00e4hen\"},{\"@type\":\"BreadcrumbList\",\"@id\":\"https:\\\/\\\/makermauz.de\\\/?product=schnittmuster-geschenkideen-set-baby#breadcrumb\",\"itemListElement\":[{\"@type\":\"ListItem\",\"position\":1,\"name\":\"Startseite\",\"item\":\"https:\\\/\\\/makermauz.de\\\/\"},{\"@type\":\"ListItem\",\"position\":2,\"name\":\"Shop\",\"item\":\"https:\\\/\\\/makermauz.de\\\/?page_id=2666\"},{\"@type\":\"ListItem\",\"position\":3,\"name\":\"Geschenkideen Set Baby\"}]},{\"@type\":\"WebSite\",\"@id\":\"https:\\\/\\\/makermauz.de\\\/#website\",\"url\":\"https:\\\/\\\/makermauz.de\\\/\",\"name\":\"Maker Mauz Sewing\",\"description\":\"N\u00e4hen lernen, Schnittmuster, N\u00e4hanleitungen, Plotterdateien, DIYs\",\"publisher\":{\"@id\":\"https:\\\/\\\/makermauz.de\\\/#\\\/schema\\\/person\\\/66099be1b4736a5fae4fdbba61fc3467\"},\"potentialAction\":[{\"@type\":\"SearchAction\",\"target\":{\"@type\":\"EntryPoint\",\"urlTemplate\":\"https:\\\/\\\/makermauz.de\\\/?s={search_term_string}\"},\"query-input\":{\"@type\":\"PropertyValueSpecification\",\"valueRequired\":true,\"valueName\":\"search_term_string\"}}],\"inLanguage\":\"de\"},{\"@type\":[\"Person\",\"Organization\"],\"@id\":\"https:\\\/\\\/makermauz.de\\\/#\\\/schema\\\/person\\\/66099be1b4736a5fae4fdbba61fc3467\",\"name\":\"Maker Mauz\",\"image\":{\"@type\":\"ImageObject\",\"inLanguage\":\"de\",\"@id\":\"https:\\\/\\\/secure.gravatar.com\\\/avatar\\\/d8220a7fcaab42a4ad29f49238f10b3cfff9d051acd6cc346f6a59384eed2871?s=96&d=mm&r=g\",\"url\":\"https:\\\/\\\/secure.gravatar.com\\\/avatar\\\/d8220a7fcaab42a4ad29f49238f10b3cfff9d051acd6cc346f6a59384eed2871?s=96&d=mm&r=g\",\"contentUrl\":\"https:\\\/\\\/secure.gravatar.com\\\/avatar\\\/d8220a7fcaab42a4ad29f49238f10b3cfff9d051acd6cc346f6a59384eed2871?s=96&d=mm&r=g\",\"caption\":\"Maker Mauz\"},\"logo\":{\"@id\":\"https:\\\/\\\/secure.gravatar.com\\\/avatar\\\/d8220a7fcaab42a4ad29f49238f10b3cfff9d051acd6cc346f6a59384eed2871?s=96&d=mm&r=g\"}}]}<\/script>\n<!-- \/ Yoast SEO plugin. -->","yoast_head_json":{"title":"Schnittmuster f\u00fcr ein Baby Geschenkideen Set","description":"Geschenkideen f\u00fcrs Baby: N\u00e4he mit diesem Schnittmuster-Set liebevolle Babygeschenke wie Bei\u00dfring, Schnullerkette oder Knistertuch ganz einfach selbst.","robots":{"index":"index","follow":"follow","max-snippet":"max-snippet:-1","max-image-preview":"max-image-preview:large","max-video-preview":"max-video-preview:-1"},"canonical":"https:\/\/makermauz.de\/?product=schnittmuster-geschenkideen-set-baby","og_locale":"de_DE","og_type":"article","og_title":"Schnittmuster f\u00fcr ein Baby Geschenkideen Set","og_description":"Geschenkideen f\u00fcrs Baby: N\u00e4he mit diesem Schnittmuster-Set liebevolle Babygeschenke wie Bei\u00dfring, Schnullerkette oder Knistertuch ganz einfach selbst.","og_url":"https:\/\/makermauz.de\/?product=schnittmuster-geschenkideen-set-baby","og_site_name":"Maker Mauz Sewing","article_modified_time":"2026-05-13T08:51:20+00:00","og_image":[{"width":1000,"height":1000,"url":"https:\/\/makermauz.de\/wp-content\/uploads\/2026\/03\/Naehanleitung_Geschenkideen-Set-Baby-Beissring-Schnullerkette-Knistertuch_Maker-Mauz-Sewing.jpg","type":"image\/jpeg"}],"twitter_card":"summary_large_image","twitter_misc":{"Gesch\u00e4tzte Lesezeit":"3\u00a0Minuten"},"schema":{"@context":"https:\/\/schema.org","@graph":[{"@type":"WebPage","@id":"https:\/\/makermauz.de\/?product=schnittmuster-geschenkideen-set-baby","url":"https:\/\/makermauz.de\/?product=schnittmuster-geschenkideen-set-baby","name":"Schnittmuster f\u00fcr ein Baby Geschenkideen Set","isPartOf":{"@id":"https:\/\/makermauz.de\/#website"},"primaryImageOfPage":{"@id":"https:\/\/makermauz.de\/?product=schnittmuster-geschenkideen-set-baby#primaryimage"},"image":{"@id":"https:\/\/makermauz.de\/?product=schnittmuster-geschenkideen-set-baby#primaryimage"},"thumbnailUrl":"https:\/\/makermauz.de\/wp-content\/uploads\/2026\/03\/Naehanleitung_Geschenkideen-Set-Baby-Beissring-Schnullerkette-Knistertuch_Maker-Mauz-Sewing.jpg","datePublished":"2026-03-05T12:26:01+00:00","dateModified":"2026-05-13T08:51:20+00:00","description":"Geschenkideen f\u00fcrs Baby: N\u00e4he mit diesem Schnittmuster-Set liebevolle Babygeschenke wie Bei\u00dfring, Schnullerkette oder Knistertuch ganz einfach selbst.","breadcrumb":{"@id":"https:\/\/makermauz.de\/?product=schnittmuster-geschenkideen-set-baby#breadcrumb"},"inLanguage":"de","potentialAction":[{"@type":"ReadAction","target":["https:\/\/makermauz.de\/?product=schnittmuster-geschenkideen-set-baby"]}]},{"@type":"ImageObject","inLanguage":"de","@id":"https:\/\/makermauz.de\/?product=schnittmuster-geschenkideen-set-baby#primaryimage","url":"https:\/\/makermauz.de\/wp-content\/uploads\/2026\/03\/Naehanleitung_Geschenkideen-Set-Baby-Beissring-Schnullerkette-Knistertuch_Maker-Mauz-Sewing.jpg","contentUrl":"https:\/\/makermauz.de\/wp-content\/uploads\/2026\/03\/Naehanleitung_Geschenkideen-Set-Baby-Beissring-Schnullerkette-Knistertuch_Maker-Mauz-Sewing.jpg","width":1000,"height":1000,"caption":"Bei\u00dfring, Schnullerband und Knistertuch selber n\u00e4hen"},{"@type":"BreadcrumbList","@id":"https:\/\/makermauz.de\/?product=schnittmuster-geschenkideen-set-baby#breadcrumb","itemListElement":[{"@type":"ListItem","position":1,"name":"Startseite","item":"https:\/\/makermauz.de\/"},{"@type":"ListItem","position":2,"name":"Shop","item":"https:\/\/makermauz.de\/?page_id=2666"},{"@type":"ListItem","position":3,"name":"Geschenkideen Set Baby"}]},{"@type":"WebSite","@id":"https:\/\/makermauz.de\/#website","url":"https:\/\/makermauz.de\/","name":"Maker Mauz Sewing","description":"N\u00e4hen lernen, Schnittmuster, N\u00e4hanleitungen, Plotterdateien, DIYs","publisher":{"@id":"https:\/\/makermauz.de\/#\/schema\/person\/66099be1b4736a5fae4fdbba61fc3467"},"potentialAction":[{"@type":"SearchAction","target":{"@type":"EntryPoint","urlTemplate":"https:\/\/makermauz.de\/?s={search_term_string}"},"query-input":{"@type":"PropertyValueSpecification","valueRequired":true,"valueName":"search_term_string"}}],"inLanguage":"de"},{"@type":["Person","Organization"],"@id":"https:\/\/makermauz.de\/#\/schema\/person\/66099be1b4736a5fae4fdbba61fc3467","name":"Maker Mauz","image":{"@type":"ImageObject","inLanguage":"de","@id":"https:\/\/secure.gravatar.com\/avatar\/d8220a7fcaab42a4ad29f49238f10b3cfff9d051acd6cc346f6a59384eed2871?s=96&d=mm&r=g","url":"https:\/\/secure.gravatar.com\/avatar\/d8220a7fcaab42a4ad29f49238f10b3cfff9d051acd6cc346f6a59384eed2871?s=96&d=mm&r=g","contentUrl":"https:\/\/secure.gravatar.com\/avatar\/d8220a7fcaab42a4ad29f49238f10b3cfff9d051acd6cc346f6a59384eed2871?s=96&d=mm&r=g","caption":"Maker Mauz"},"logo":{"@id":"https:\/\/secure.gravatar.com\/avatar\/d8220a7fcaab42a4ad29f49238f10b3cfff9d051acd6cc346f6a59384eed2871?s=96&d=mm&r=g"}}]}},"_links":{"self":[{"href":"https:\/\/makermauz.de\/index.php?rest_route=\/wp\/v2\/product\/9566","targetHints":{"allow":["GET"]}}],"collection":[{"href":"https:\/\/makermauz.de\/index.php?rest_route=\/wp\/v2\/product"}],"about":[{"href":"https:\/\/makermauz.de\/index.php?rest_route=\/wp\/v2\/types\/product"}],"replies":[{"embeddable":true,"href":"https:\/\/makermauz.de\/index.php?rest_route=%2Fwp%2Fv2%2Fcomments&post=9566"}],"version-history":[{"count":10,"href":"https:\/\/makermauz.de\/index.php?rest_route=\/wp\/v2\/product\/9566\/revisions"}],"predecessor-version":[{"id":9615,"href":"https:\/\/makermauz.de\/index.php?rest_route=\/wp\/v2\/product\/9566\/revisions\/9615"}],"wp:featuredmedia":[{"embeddable":true,"href":"https:\/\/makermauz.de\/index.php?rest_route=\/wp\/v2\/media\/9569"}],"wp:attachment":[{"href":"https:\/\/makermauz.de\/index.php?rest_route=%2Fwp%2Fv2%2Fmedia&parent=9566"}],"wp:term":[{"taxonomy":"product_brand","embeddable":true,"href":"https:\/\/makermauz.de\/index.php?rest_route=%2Fwp%2Fv2%2Fproduct_brand&post=9566"},{"taxonomy":"product_cat","embeddable":true,"href":"https:\/\/makermauz.de\/index.php?rest_route=%2Fwp%2Fv2%2Fproduct_cat&post=9566"},{"taxonomy":"product_tag","embeddable":true,"href":"https:\/\/makermauz.de\/index.php?rest_route=%2Fwp%2Fv2%2Fproduct_tag&post=9566"}],"curies":[{"name":"wp","href":"https:\/\/api.w.org\/{rel}","templated":true}]}}