{"id":9505,"date":"2026-02-25T18:20:24","date_gmt":"2026-02-25T18:20:24","guid":{"rendered":"https:\/\/makermauz.de\/?post_type=product&#038;p=9505"},"modified":"2026-05-13T08:51:20","modified_gmt":"2026-05-13T08:51:20","slug":"patchworkdecke-spieldecke","status":"publish","type":"product","link":"https:\/\/makermauz.de\/?product=patchworkdecke-spieldecke","title":{"rendered":"Patchworkdecke Spieldecke"},"content":{"rendered":"\t\t<div data-elementor-type=\"wp-post\" data-elementor-id=\"9505\" class=\"elementor elementor-9505\">\n\t\t\t\t<div class=\"elementor-element elementor-element-6bd6b46 e-flex e-con-boxed e-con e-parent\" data-id=\"6bd6b46\" data-element_type=\"container\" data-e-type=\"container\">\n\t\t\t\t\t<div class=\"e-con-inner\">\n\t\t\t\t<div class=\"elementor-element elementor-element-0609953 elementor-widget elementor-widget-text-editor\" data-id=\"0609953\" data-element_type=\"widget\" data-e-type=\"widget\" data-widget_type=\"text-editor.default\">\n\t\t\t\t<div class=\"elementor-widget-container\">\n\t\t\t\t\t\t\t\t\t<p>Die N\u00e4hanleitung f\u00fcr die Patchworkdecke \/ Spieldecke eignet sich ideal als Krabbeldecke oder als Unterlage unter einem Spielebogen. Die Polsterung sch\u00fctzt vor kalten B\u00f6den und sorgt \u2013 je nach gew\u00e4hlter St\u00e4rke \u2013 f\u00fcr eine angenehm kuschelige Liegefl\u00e4che. Bunte Farben und unterschiedliche Formen regen die Sinneswahrnehmung deines Babys spielerisch an. Optional lassen sich Spielelemente wie Knisterfolie oder andere spannende Materialien integrieren. Die Babydecke ist dabei sehr flexibel gestaltbar: Gr\u00f6\u00dfe und Form k\u00f6nnen individuell angepasst werden, zum Beispiel aus Rechtecken statt \u2013 wie hier gezeigt \u2013 aus Quadraten. Au\u00dferdem l\u00e4sst sich die Decke problemlos auch als Picknickdecke, als Couch\u00fcberwurf oder als Nesteldecke f\u00fcr Demenzkranke n\u00e4hen. Als Randabschluss kann wahlweise ein einfassender Stoffstreifen oder Schr\u00e4gband genutzt werden.<\/p><p><strong>N\u00e4hschwierigkeit<\/strong>: Leicht, ben\u00f6tigt etwas Erfahrung<\/p><p><a href=\"https:\/\/makermauz.de\/wp-content\/uploads\/2026\/02\/Lookbook-Patchworkdecke-Spieldecke-von-Maker-Mauz-Sewing.pdf\" target=\"_blank\" rel=\"noopener\">Lookbook mit den Proben\u00e4hbeispielen der Patchworkdecke Spieldecke<\/a><\/p><p><strong>\u00a0<\/strong><strong>Das bekommst du:<\/strong><\/p><ul><li>Ausf\u00fchrliche Schritt f\u00fcr Schritt Anleitung (im PDF Format)<\/li><\/ul><div><p><strong><br \/>Ben\u00f6tigtes Material:\u00a0<\/strong><\/p><\/div><ul><li>Vorderseite: Verschiedene Baumwollwebwaren mit etwas Stand, die gut miteinander kombinierbar sind.<\/li><li>R\u00fcckseite: Baumwollwebware, Fleecestoff, eine alte Decke oder wasserabweisende Stoffe wie z. B. Outdoorstoff (ideal, wenn die Decke als Au\u00dfendecke oder Picknickdecke genutzt werden soll).<\/li><li>F\u00fcllung: Volumenvlies<\/li><li>Optional: Knisterfolie oder Bratschlauch, Baumwoll-Kordel, Holzelemente usw., Schr\u00e4gband<\/li><\/ul>\t\t\t\t\t\t\t\t<\/div>\n\t\t\t\t<\/div>\n\t\t\t\t\t<\/div>\n\t\t\t\t<\/div>\n\t\t\t\t<\/div>\n\t\t","protected":false},"excerpt":{"rendered":"<ul>\n<li>PDF-N\u00e4hanleitung, versandkostenfrei<\/li>\n<li>Sofort zum Download verf\u00fcgbar<\/li>\n<li>N\u00e4hschwierigkeit: Leicht, ben\u00f6tigt etwas Erfahrung<\/li>\n<\/ul>\n","protected":false},"featured_media":9516,"comment_status":"open","ping_status":"closed","template":"","meta":{"om_disable_all_campaigns":false,"kt_blocks_editor_width":"","_monsterinsights_skip_tracking":false,"_monsterinsights_sitenote_active":false,"_monsterinsights_sitenote_note":"","_monsterinsights_sitenote_category":0,"_links_to":"","_links_to_target":""},"product_brand":[],"product_cat":[230,109],"product_tag":[250,231,245,244,251,246,247,248,249],"class_list":{"0":"post-9505","1":"product","2":"type-product","3":"status-publish","4":"has-post-thumbnail","6":"product_cat-babys-kinder","7":"product_cat-schnittmuster","8":"product_tag-activitydecke","9":"product_tag-baby","10":"product_tag-babydecke","11":"product_tag-decke","12":"product_tag-krabbeldecke","13":"product_tag-nesteldecke","14":"product_tag-outdoordecke","15":"product_tag-picknikdecke","16":"product_tag-spieldecke","18":"first","19":"instock","20":"downloadable","21":"virtual","22":"sold-individually","23":"purchasable","24":"product-type-simple"},"yoast_head":"<!-- This site is optimized with the Yoast SEO plugin v27.6 - https:\/\/yoast.com\/product\/yoast-seo-wordpress\/ -->\n<title>N\u00e4hanleitung Patchworkdecke Spieldecke<\/title>\n<meta name=\"description\" content=\"N\u00e4hanleitung Patchworkdecke: Perfekt als Spieldecke, Krabbeldecke, Couch\u00fcberwurf, Picknickdecke oder Nesteldecke f\u00fcr Demenzkranke.\" \/>\n<meta name=\"robots\" content=\"index, follow, max-snippet:-1, max-image-preview:large, max-video-preview:-1\" \/>\n<link rel=\"canonical\" href=\"https:\/\/makermauz.de\/?product=patchworkdecke-spieldecke\" \/>\n<meta property=\"og:locale\" content=\"de_DE\" \/>\n<meta property=\"og:type\" content=\"article\" \/>\n<meta property=\"og:title\" content=\"N\u00e4hanleitung Patchworkdecke Spieldecke\" \/>\n<meta property=\"og:description\" content=\"N\u00e4hanleitung Patchworkdecke: Perfekt als Spieldecke, Krabbeldecke, Couch\u00fcberwurf, Picknickdecke oder Nesteldecke f\u00fcr Demenzkranke.\" \/>\n<meta property=\"og:url\" content=\"https:\/\/makermauz.de\/?product=patchworkdecke-spieldecke\" \/>\n<meta property=\"og:site_name\" content=\"Maker Mauz Sewing\" \/>\n<meta property=\"article:modified_time\" content=\"2026-05-13T08:51:20+00:00\" \/>\n<meta property=\"og:image\" content=\"https:\/\/makermauz.de\/wp-content\/uploads\/2026\/02\/Schnittmuster_Patchworkdecke-Spieledecke_Maker-Mauz-Sewing.jpg\" \/>\n\t<meta property=\"og:image:width\" content=\"1000\" \/>\n\t<meta property=\"og:image:height\" content=\"1000\" \/>\n\t<meta property=\"og:image:type\" content=\"image\/jpeg\" \/>\n<meta name=\"twitter:card\" content=\"summary_large_image\" \/>\n<meta name=\"twitter:label1\" content=\"Gesch\u00e4tzte Lesezeit\" \/>\n\t<meta name=\"twitter:data1\" content=\"2\u00a0Minuten\" \/>\n<script type=\"application\/ld+json\" class=\"yoast-schema-graph\">{\"@context\":\"https:\\\/\\\/schema.org\",\"@graph\":[{\"@type\":\"WebPage\",\"@id\":\"https:\\\/\\\/makermauz.de\\\/?product=patchworkdecke-spieldecke\",\"url\":\"https:\\\/\\\/makermauz.de\\\/?product=patchworkdecke-spieldecke\",\"name\":\"N\u00e4hanleitung Patchworkdecke Spieldecke\",\"isPartOf\":{\"@id\":\"https:\\\/\\\/makermauz.de\\\/#website\"},\"primaryImageOfPage\":{\"@id\":\"https:\\\/\\\/makermauz.de\\\/?product=patchworkdecke-spieldecke#primaryimage\"},\"image\":{\"@id\":\"https:\\\/\\\/makermauz.de\\\/?product=patchworkdecke-spieldecke#primaryimage\"},\"thumbnailUrl\":\"https:\\\/\\\/makermauz.de\\\/wp-content\\\/uploads\\\/2026\\\/02\\\/Schnittmuster_Patchworkdecke-Spieledecke_Maker-Mauz-Sewing.jpg\",\"datePublished\":\"2026-02-25T18:20:24+00:00\",\"dateModified\":\"2026-05-13T08:51:20+00:00\",\"description\":\"N\u00e4hanleitung Patchworkdecke: Perfekt als Spieldecke, Krabbeldecke, Couch\u00fcberwurf, Picknickdecke oder Nesteldecke f\u00fcr Demenzkranke.\",\"breadcrumb\":{\"@id\":\"https:\\\/\\\/makermauz.de\\\/?product=patchworkdecke-spieldecke#breadcrumb\"},\"inLanguage\":\"de\",\"potentialAction\":[{\"@type\":\"ReadAction\",\"target\":[\"https:\\\/\\\/makermauz.de\\\/?product=patchworkdecke-spieldecke\"]}]},{\"@type\":\"ImageObject\",\"inLanguage\":\"de\",\"@id\":\"https:\\\/\\\/makermauz.de\\\/?product=patchworkdecke-spieldecke#primaryimage\",\"url\":\"https:\\\/\\\/makermauz.de\\\/wp-content\\\/uploads\\\/2026\\\/02\\\/Schnittmuster_Patchworkdecke-Spieledecke_Maker-Mauz-Sewing.jpg\",\"contentUrl\":\"https:\\\/\\\/makermauz.de\\\/wp-content\\\/uploads\\\/2026\\\/02\\\/Schnittmuster_Patchworkdecke-Spieledecke_Maker-Mauz-Sewing.jpg\",\"width\":1000,\"height\":1000,\"caption\":\"N\u00e4hanleitung f\u00fcr eine Activity Babydecke\"},{\"@type\":\"BreadcrumbList\",\"@id\":\"https:\\\/\\\/makermauz.de\\\/?product=patchworkdecke-spieldecke#breadcrumb\",\"itemListElement\":[{\"@type\":\"ListItem\",\"position\":1,\"name\":\"Startseite\",\"item\":\"https:\\\/\\\/makermauz.de\\\/\"},{\"@type\":\"ListItem\",\"position\":2,\"name\":\"Shop\",\"item\":\"https:\\\/\\\/makermauz.de\\\/?page_id=2666\"},{\"@type\":\"ListItem\",\"position\":3,\"name\":\"Patchworkdecke Spieldecke\"}]},{\"@type\":\"WebSite\",\"@id\":\"https:\\\/\\\/makermauz.de\\\/#website\",\"url\":\"https:\\\/\\\/makermauz.de\\\/\",\"name\":\"Maker Mauz Sewing\",\"description\":\"N\u00e4hen lernen, Schnittmuster, N\u00e4hanleitungen, Plotterdateien, DIYs\",\"publisher\":{\"@id\":\"https:\\\/\\\/makermauz.de\\\/#\\\/schema\\\/person\\\/66099be1b4736a5fae4fdbba61fc3467\"},\"potentialAction\":[{\"@type\":\"SearchAction\",\"target\":{\"@type\":\"EntryPoint\",\"urlTemplate\":\"https:\\\/\\\/makermauz.de\\\/?s={search_term_string}\"},\"query-input\":{\"@type\":\"PropertyValueSpecification\",\"valueRequired\":true,\"valueName\":\"search_term_string\"}}],\"inLanguage\":\"de\"},{\"@type\":[\"Person\",\"Organization\"],\"@id\":\"https:\\\/\\\/makermauz.de\\\/#\\\/schema\\\/person\\\/66099be1b4736a5fae4fdbba61fc3467\",\"name\":\"Maker Mauz\",\"image\":{\"@type\":\"ImageObject\",\"inLanguage\":\"de\",\"@id\":\"https:\\\/\\\/secure.gravatar.com\\\/avatar\\\/d8220a7fcaab42a4ad29f49238f10b3cfff9d051acd6cc346f6a59384eed2871?s=96&d=mm&r=g\",\"url\":\"https:\\\/\\\/secure.gravatar.com\\\/avatar\\\/d8220a7fcaab42a4ad29f49238f10b3cfff9d051acd6cc346f6a59384eed2871?s=96&d=mm&r=g\",\"contentUrl\":\"https:\\\/\\\/secure.gravatar.com\\\/avatar\\\/d8220a7fcaab42a4ad29f49238f10b3cfff9d051acd6cc346f6a59384eed2871?s=96&d=mm&r=g\",\"caption\":\"Maker Mauz\"},\"logo\":{\"@id\":\"https:\\\/\\\/secure.gravatar.com\\\/avatar\\\/d8220a7fcaab42a4ad29f49238f10b3cfff9d051acd6cc346f6a59384eed2871?s=96&d=mm&r=g\"}}]}<\/script>\n<!-- \/ Yoast SEO plugin. -->","yoast_head_json":{"title":"N\u00e4hanleitung Patchworkdecke Spieldecke","description":"N\u00e4hanleitung Patchworkdecke: Perfekt als Spieldecke, Krabbeldecke, Couch\u00fcberwurf, Picknickdecke oder Nesteldecke f\u00fcr Demenzkranke.","robots":{"index":"index","follow":"follow","max-snippet":"max-snippet:-1","max-image-preview":"max-image-preview:large","max-video-preview":"max-video-preview:-1"},"canonical":"https:\/\/makermauz.de\/?product=patchworkdecke-spieldecke","og_locale":"de_DE","og_type":"article","og_title":"N\u00e4hanleitung Patchworkdecke Spieldecke","og_description":"N\u00e4hanleitung Patchworkdecke: Perfekt als Spieldecke, Krabbeldecke, Couch\u00fcberwurf, Picknickdecke oder Nesteldecke f\u00fcr Demenzkranke.","og_url":"https:\/\/makermauz.de\/?product=patchworkdecke-spieldecke","og_site_name":"Maker Mauz Sewing","article_modified_time":"2026-05-13T08:51:20+00:00","og_image":[{"width":1000,"height":1000,"url":"https:\/\/makermauz.de\/wp-content\/uploads\/2026\/02\/Schnittmuster_Patchworkdecke-Spieledecke_Maker-Mauz-Sewing.jpg","type":"image\/jpeg"}],"twitter_card":"summary_large_image","twitter_misc":{"Gesch\u00e4tzte Lesezeit":"2\u00a0Minuten"},"schema":{"@context":"https:\/\/schema.org","@graph":[{"@type":"WebPage","@id":"https:\/\/makermauz.de\/?product=patchworkdecke-spieldecke","url":"https:\/\/makermauz.de\/?product=patchworkdecke-spieldecke","name":"N\u00e4hanleitung Patchworkdecke Spieldecke","isPartOf":{"@id":"https:\/\/makermauz.de\/#website"},"primaryImageOfPage":{"@id":"https:\/\/makermauz.de\/?product=patchworkdecke-spieldecke#primaryimage"},"image":{"@id":"https:\/\/makermauz.de\/?product=patchworkdecke-spieldecke#primaryimage"},"thumbnailUrl":"https:\/\/makermauz.de\/wp-content\/uploads\/2026\/02\/Schnittmuster_Patchworkdecke-Spieledecke_Maker-Mauz-Sewing.jpg","datePublished":"2026-02-25T18:20:24+00:00","dateModified":"2026-05-13T08:51:20+00:00","description":"N\u00e4hanleitung Patchworkdecke: Perfekt als Spieldecke, Krabbeldecke, Couch\u00fcberwurf, Picknickdecke oder Nesteldecke f\u00fcr Demenzkranke.","breadcrumb":{"@id":"https:\/\/makermauz.de\/?product=patchworkdecke-spieldecke#breadcrumb"},"inLanguage":"de","potentialAction":[{"@type":"ReadAction","target":["https:\/\/makermauz.de\/?product=patchworkdecke-spieldecke"]}]},{"@type":"ImageObject","inLanguage":"de","@id":"https:\/\/makermauz.de\/?product=patchworkdecke-spieldecke#primaryimage","url":"https:\/\/makermauz.de\/wp-content\/uploads\/2026\/02\/Schnittmuster_Patchworkdecke-Spieledecke_Maker-Mauz-Sewing.jpg","contentUrl":"https:\/\/makermauz.de\/wp-content\/uploads\/2026\/02\/Schnittmuster_Patchworkdecke-Spieledecke_Maker-Mauz-Sewing.jpg","width":1000,"height":1000,"caption":"N\u00e4hanleitung f\u00fcr eine Activity Babydecke"},{"@type":"BreadcrumbList","@id":"https:\/\/makermauz.de\/?product=patchworkdecke-spieldecke#breadcrumb","itemListElement":[{"@type":"ListItem","position":1,"name":"Startseite","item":"https:\/\/makermauz.de\/"},{"@type":"ListItem","position":2,"name":"Shop","item":"https:\/\/makermauz.de\/?page_id=2666"},{"@type":"ListItem","position":3,"name":"Patchworkdecke Spieldecke"}]},{"@type":"WebSite","@id":"https:\/\/makermauz.de\/#website","url":"https:\/\/makermauz.de\/","name":"Maker Mauz Sewing","description":"N\u00e4hen lernen, Schnittmuster, N\u00e4hanleitungen, Plotterdateien, DIYs","publisher":{"@id":"https:\/\/makermauz.de\/#\/schema\/person\/66099be1b4736a5fae4fdbba61fc3467"},"potentialAction":[{"@type":"SearchAction","target":{"@type":"EntryPoint","urlTemplate":"https:\/\/makermauz.de\/?s={search_term_string}"},"query-input":{"@type":"PropertyValueSpecification","valueRequired":true,"valueName":"search_term_string"}}],"inLanguage":"de"},{"@type":["Person","Organization"],"@id":"https:\/\/makermauz.de\/#\/schema\/person\/66099be1b4736a5fae4fdbba61fc3467","name":"Maker Mauz","image":{"@type":"ImageObject","inLanguage":"de","@id":"https:\/\/secure.gravatar.com\/avatar\/d8220a7fcaab42a4ad29f49238f10b3cfff9d051acd6cc346f6a59384eed2871?s=96&d=mm&r=g","url":"https:\/\/secure.gravatar.com\/avatar\/d8220a7fcaab42a4ad29f49238f10b3cfff9d051acd6cc346f6a59384eed2871?s=96&d=mm&r=g","contentUrl":"https:\/\/secure.gravatar.com\/avatar\/d8220a7fcaab42a4ad29f49238f10b3cfff9d051acd6cc346f6a59384eed2871?s=96&d=mm&r=g","caption":"Maker Mauz"},"logo":{"@id":"https:\/\/secure.gravatar.com\/avatar\/d8220a7fcaab42a4ad29f49238f10b3cfff9d051acd6cc346f6a59384eed2871?s=96&d=mm&r=g"}}]}},"_links":{"self":[{"href":"https:\/\/makermauz.de\/index.php?rest_route=\/wp\/v2\/product\/9505","targetHints":{"allow":["GET"]}}],"collection":[{"href":"https:\/\/makermauz.de\/index.php?rest_route=\/wp\/v2\/product"}],"about":[{"href":"https:\/\/makermauz.de\/index.php?rest_route=\/wp\/v2\/types\/product"}],"replies":[{"embeddable":true,"href":"https:\/\/makermauz.de\/index.php?rest_route=%2Fwp%2Fv2%2Fcomments&post=9505"}],"version-history":[{"count":21,"href":"https:\/\/makermauz.de\/index.php?rest_route=\/wp\/v2\/product\/9505\/revisions"}],"predecessor-version":[{"id":9547,"href":"https:\/\/makermauz.de\/index.php?rest_route=\/wp\/v2\/product\/9505\/revisions\/9547"}],"wp:featuredmedia":[{"embeddable":true,"href":"https:\/\/makermauz.de\/index.php?rest_route=\/wp\/v2\/media\/9516"}],"wp:attachment":[{"href":"https:\/\/makermauz.de\/index.php?rest_route=%2Fwp%2Fv2%2Fmedia&parent=9505"}],"wp:term":[{"taxonomy":"product_brand","embeddable":true,"href":"https:\/\/makermauz.de\/index.php?rest_route=%2Fwp%2Fv2%2Fproduct_brand&post=9505"},{"taxonomy":"product_cat","embeddable":true,"href":"https:\/\/makermauz.de\/index.php?rest_route=%2Fwp%2Fv2%2Fproduct_cat&post=9505"},{"taxonomy":"product_tag","embeddable":true,"href":"https:\/\/makermauz.de\/index.php?rest_route=%2Fwp%2Fv2%2Fproduct_tag&post=9505"}],"curies":[{"name":"wp","href":"https:\/\/api.w.org\/{rel}","templated":true}]}}