{"id":9350,"date":"2025-12-21T09:28:55","date_gmt":"2025-12-21T09:28:55","guid":{"rendered":"https:\/\/makermauz.de\/?post_type=product&#038;p=9350"},"modified":"2025-12-30T14:24:36","modified_gmt":"2025-12-30T14:24:36","slug":"schnittmuster-muetze-inka","status":"publish","type":"product","link":"https:\/\/makermauz.de\/?product=schnittmuster-muetze-inka","title":{"rendered":"M\u00fctze Inka (Gr. 45 &#8211; 65)"},"content":{"rendered":"\t\t<div data-elementor-type=\"wp-post\" data-elementor-id=\"9350\" class=\"elementor elementor-9350\">\n\t\t\t\t<div class=\"elementor-element elementor-element-6bd6b46 e-flex e-con-boxed e-con e-parent\" data-id=\"6bd6b46\" data-element_type=\"container\" data-e-type=\"container\">\n\t\t\t\t\t<div class=\"e-con-inner\">\n\t\t\t\t<div class=\"elementor-element elementor-element-0609953 elementor-widget elementor-widget-text-editor\" data-id=\"0609953\" data-element_type=\"widget\" data-e-type=\"widget\" data-widget_type=\"text-editor.default\">\n\t\t\t\t<div class=\"elementor-widget-container\">\n\t\t\t\t\t\t\t\t\t<p>Die M\u00fctze Inka passt sowohl Kinder als auch Erwachsenen (Gr\u00f6\u00dfe 45 &#8211; 65) und kann mit oder ohne Ohren gen\u00e4ht werden. Ohne Ohren kann sie als Wendem\u00fctze genutzt werden. Aus den Katzenohren lassen sich Dino-Zacken zaubern. Das Schnittmuster kann f\u00fcr den Sommer sowie f\u00fcr den Winter verwendet werden und eignet sich f\u00fcr Anf\u00e4ngerinnen und Anf\u00e4nger.<\/p><p>Das Schnittmuster ist auch in einer Babygr\u00f6\u00dfe erh\u00e4ltlich oder als Set mit allen Gr\u00f6\u00dfen.<\/p><p><strong>N\u00e4hschwierigkeit<\/strong>: Leicht, ben\u00f6tigt etwas Erfahrung<\/p><p><a href=\"https:\/\/makermauz.de\/wp-content\/uploads\/2025\/12\/Lookbook-Muetze-Inka-Alle-von-Maker-Mauz-Sewing.pdf\" target=\"_blank\" rel=\"noopener\">Lookbook mit den Proben\u00e4hbeispielen der M\u00fctze Inka (Hier werden alle Gr\u00f6\u00dfen gezeigt s. Textbeschreibung oben)<\/a><\/p><p><strong>\u00a0<\/strong><strong>Das bekommst du:<\/strong><\/p><ul><li>Schnittmuster in A4 zum Ausdrucken und Zusammenkleben mit Ebenen (im PDF Format)<\/li><li>Schnittmuster in A2 zum Ausdrucken oder f\u00fcr den Beamer<\/li><li>Ausf\u00fchrliche Schritt f\u00fcr Schritt Anleitung (im PDF Format)<\/li><\/ul><div><p><strong><br \/>Ben\u00f6tigtes Material:\u00a0<\/strong><\/p><\/div><ul><li>Die M\u00fctze ist f\u00fcr elastische Stoffe ausgelegt wie z.B. Jersey, French Terry, Kuschelfleece, Sweat, Strickstoffe oder Rippjersey, kann aber auch aus Wollwalk gen\u00e4ht<br \/>werden. Du ben\u00f6tigst ca. 33 cm Stoff bei einer Stoffbreite von 140 cm.<\/li><li>Optional: Bei sehr d\u00fcnnem Stoff kannst du diesen bei den Ohren mit Vlies verst\u00e4rken oder waschbare F\u00fcllwatte hineinf\u00fcllen.<\/li><li>Optional: Bindeb\u00e4nder<\/li><\/ul>\t\t\t\t\t\t\t\t<\/div>\n\t\t\t\t<\/div>\n\t\t\t\t\t<\/div>\n\t\t\t\t<\/div>\n\t\t\t\t<\/div>\n\t\t","protected":false},"excerpt":{"rendered":"<ul>\n<li>A4 PDF-Schnittmuster zum Ausdrucken und Zusammenkleben mit Ebenen, versandkostenfrei<\/li>\n<li>Schnittmuster in A2 zum Ausdrucken oder f\u00fcr den Beamer<\/li>\n<li>PDF-N\u00e4hanleitung<\/li>\n<li>Sofort zum Download verf\u00fcgbar<\/li>\n<li>N\u00e4hschwierigkeit: Leicht, ben\u00f6tigt etwas Erfahrung<\/li>\n<\/ul>\n","protected":false},"featured_media":9317,"comment_status":"open","ping_status":"closed","template":"","meta":{"om_disable_all_campaigns":false,"kt_blocks_editor_width":"","_monsterinsights_skip_tracking":false,"_monsterinsights_sitenote_active":false,"_monsterinsights_sitenote_note":"","_monsterinsights_sitenote_category":0,"_links_to":"","_links_to_target":""},"product_brand":[],"product_cat":[230,114,166,109],"product_tag":[231,239,238],"class_list":{"0":"post-9350","1":"product","2":"type-product","3":"status-publish","4":"has-post-thumbnail","6":"product_cat-babys-kinder","7":"product_cat-damen","8":"product_cat-schnittmuster-herren","9":"product_cat-schnittmuster","10":"product_tag-baby","11":"product_tag-inka","12":"product_tag-muetze","14":"first","15":"instock","16":"downloadable","17":"virtual","18":"sold-individually","19":"purchasable","20":"product-type-simple"},"yoast_head":"<!-- This site is optimized with the Yoast SEO plugin v27.6 - https:\/\/yoast.com\/product\/yoast-seo-wordpress\/ -->\n<title>Schnittmuster M\u00fctze Inka von Maker Mauz Sewing<\/title>\n<meta name=\"description\" content=\"Das Schnittmuster M\u00fctze Inka passt Kinder, Frauen und M\u00e4nnern und kann mit oder ohne Ohren gen\u00e4ht werden. Sie kann auch als Wendem\u00fctze gen\u00e4ht werden.\" \/>\n<meta name=\"robots\" content=\"index, follow, max-snippet:-1, max-image-preview:large, max-video-preview:-1\" \/>\n<link rel=\"canonical\" href=\"https:\/\/makermauz.de\/?product=schnittmuster-muetze-inka\" \/>\n<meta property=\"og:locale\" content=\"de_DE\" \/>\n<meta property=\"og:type\" content=\"article\" \/>\n<meta property=\"og:title\" content=\"Schnittmuster M\u00fctze Inka von Maker Mauz Sewing\" \/>\n<meta property=\"og:description\" content=\"Das Schnittmuster M\u00fctze Inka passt Kinder, Frauen und M\u00e4nnern und kann mit oder ohne Ohren gen\u00e4ht werden. Sie kann auch als Wendem\u00fctze gen\u00e4ht werden.\" \/>\n<meta property=\"og:url\" content=\"https:\/\/makermauz.de\/?product=schnittmuster-muetze-inka\" \/>\n<meta property=\"og:site_name\" content=\"Maker Mauz Sewing\" \/>\n<meta property=\"article:modified_time\" content=\"2025-12-30T14:24:36+00:00\" \/>\n<meta property=\"og:image\" content=\"https:\/\/makermauz.de\/wp-content\/uploads\/2025\/12\/schnittmuster_Muetze_Inka_ErwachseneKinder_maker-mauz-sewing_1.jpg\" \/>\n\t<meta property=\"og:image:width\" content=\"1000\" \/>\n\t<meta property=\"og:image:height\" content=\"1000\" \/>\n\t<meta property=\"og:image:type\" content=\"image\/jpeg\" \/>\n<meta name=\"twitter:card\" content=\"summary_large_image\" \/>\n<meta name=\"twitter:label1\" content=\"Gesch\u00e4tzte Lesezeit\" \/>\n\t<meta name=\"twitter:data1\" content=\"1\u00a0Minute\" \/>\n<script type=\"application\/ld+json\" class=\"yoast-schema-graph\">{\"@context\":\"https:\\\/\\\/schema.org\",\"@graph\":[{\"@type\":\"WebPage\",\"@id\":\"https:\\\/\\\/makermauz.de\\\/?product=schnittmuster-muetze-inka\",\"url\":\"https:\\\/\\\/makermauz.de\\\/?product=schnittmuster-muetze-inka\",\"name\":\"Schnittmuster M\u00fctze Inka von Maker Mauz Sewing\",\"isPartOf\":{\"@id\":\"https:\\\/\\\/makermauz.de\\\/#website\"},\"primaryImageOfPage\":{\"@id\":\"https:\\\/\\\/makermauz.de\\\/?product=schnittmuster-muetze-inka#primaryimage\"},\"image\":{\"@id\":\"https:\\\/\\\/makermauz.de\\\/?product=schnittmuster-muetze-inka#primaryimage\"},\"thumbnailUrl\":\"https:\\\/\\\/makermauz.de\\\/wp-content\\\/uploads\\\/2025\\\/12\\\/schnittmuster_Muetze_Inka_ErwachseneKinder_maker-mauz-sewing_1.jpg\",\"datePublished\":\"2025-12-21T09:28:55+00:00\",\"dateModified\":\"2025-12-30T14:24:36+00:00\",\"description\":\"Das Schnittmuster M\u00fctze Inka passt Kinder, Frauen und M\u00e4nnern und kann mit oder ohne Ohren gen\u00e4ht werden. Sie kann auch als Wendem\u00fctze gen\u00e4ht werden.\",\"breadcrumb\":{\"@id\":\"https:\\\/\\\/makermauz.de\\\/?product=schnittmuster-muetze-inka#breadcrumb\"},\"inLanguage\":\"de\",\"potentialAction\":[{\"@type\":\"ReadAction\",\"target\":[\"https:\\\/\\\/makermauz.de\\\/?product=schnittmuster-muetze-inka\"]}]},{\"@type\":\"ImageObject\",\"inLanguage\":\"de\",\"@id\":\"https:\\\/\\\/makermauz.de\\\/?product=schnittmuster-muetze-inka#primaryimage\",\"url\":\"https:\\\/\\\/makermauz.de\\\/wp-content\\\/uploads\\\/2025\\\/12\\\/schnittmuster_Muetze_Inka_ErwachseneKinder_maker-mauz-sewing_1.jpg\",\"contentUrl\":\"https:\\\/\\\/makermauz.de\\\/wp-content\\\/uploads\\\/2025\\\/12\\\/schnittmuster_Muetze_Inka_ErwachseneKinder_maker-mauz-sewing_1.jpg\",\"width\":1000,\"height\":1000,\"caption\":\"Tier-M\u00fctze n\u00e4hen f\u00fcr Erwachsene und Kinder\"},{\"@type\":\"BreadcrumbList\",\"@id\":\"https:\\\/\\\/makermauz.de\\\/?product=schnittmuster-muetze-inka#breadcrumb\",\"itemListElement\":[{\"@type\":\"ListItem\",\"position\":1,\"name\":\"Startseite\",\"item\":\"https:\\\/\\\/makermauz.de\\\/\"},{\"@type\":\"ListItem\",\"position\":2,\"name\":\"Shop\",\"item\":\"https:\\\/\\\/makermauz.de\\\/?page_id=2666\"},{\"@type\":\"ListItem\",\"position\":3,\"name\":\"M\u00fctze Inka (Gr. 45 &#8211; 65)\"}]},{\"@type\":\"WebSite\",\"@id\":\"https:\\\/\\\/makermauz.de\\\/#website\",\"url\":\"https:\\\/\\\/makermauz.de\\\/\",\"name\":\"Maker Mauz Sewing\",\"description\":\"N\u00e4hen lernen, Schnittmuster, N\u00e4hanleitungen, Plotterdateien, DIYs\",\"publisher\":{\"@id\":\"https:\\\/\\\/makermauz.de\\\/#\\\/schema\\\/person\\\/66099be1b4736a5fae4fdbba61fc3467\"},\"potentialAction\":[{\"@type\":\"SearchAction\",\"target\":{\"@type\":\"EntryPoint\",\"urlTemplate\":\"https:\\\/\\\/makermauz.de\\\/?s={search_term_string}\"},\"query-input\":{\"@type\":\"PropertyValueSpecification\",\"valueRequired\":true,\"valueName\":\"search_term_string\"}}],\"inLanguage\":\"de\"},{\"@type\":[\"Person\",\"Organization\"],\"@id\":\"https:\\\/\\\/makermauz.de\\\/#\\\/schema\\\/person\\\/66099be1b4736a5fae4fdbba61fc3467\",\"name\":\"Maker Mauz\",\"image\":{\"@type\":\"ImageObject\",\"inLanguage\":\"de\",\"@id\":\"https:\\\/\\\/secure.gravatar.com\\\/avatar\\\/d8220a7fcaab42a4ad29f49238f10b3cfff9d051acd6cc346f6a59384eed2871?s=96&d=mm&r=g\",\"url\":\"https:\\\/\\\/secure.gravatar.com\\\/avatar\\\/d8220a7fcaab42a4ad29f49238f10b3cfff9d051acd6cc346f6a59384eed2871?s=96&d=mm&r=g\",\"contentUrl\":\"https:\\\/\\\/secure.gravatar.com\\\/avatar\\\/d8220a7fcaab42a4ad29f49238f10b3cfff9d051acd6cc346f6a59384eed2871?s=96&d=mm&r=g\",\"caption\":\"Maker Mauz\"},\"logo\":{\"@id\":\"https:\\\/\\\/secure.gravatar.com\\\/avatar\\\/d8220a7fcaab42a4ad29f49238f10b3cfff9d051acd6cc346f6a59384eed2871?s=96&d=mm&r=g\"}}]}<\/script>\n<!-- \/ Yoast SEO plugin. -->","yoast_head_json":{"title":"Schnittmuster M\u00fctze Inka von Maker Mauz Sewing","description":"Das Schnittmuster M\u00fctze Inka passt Kinder, Frauen und M\u00e4nnern und kann mit oder ohne Ohren gen\u00e4ht werden. Sie kann auch als Wendem\u00fctze gen\u00e4ht werden.","robots":{"index":"index","follow":"follow","max-snippet":"max-snippet:-1","max-image-preview":"max-image-preview:large","max-video-preview":"max-video-preview:-1"},"canonical":"https:\/\/makermauz.de\/?product=schnittmuster-muetze-inka","og_locale":"de_DE","og_type":"article","og_title":"Schnittmuster M\u00fctze Inka von Maker Mauz Sewing","og_description":"Das Schnittmuster M\u00fctze Inka passt Kinder, Frauen und M\u00e4nnern und kann mit oder ohne Ohren gen\u00e4ht werden. Sie kann auch als Wendem\u00fctze gen\u00e4ht werden.","og_url":"https:\/\/makermauz.de\/?product=schnittmuster-muetze-inka","og_site_name":"Maker Mauz Sewing","article_modified_time":"2025-12-30T14:24:36+00:00","og_image":[{"width":1000,"height":1000,"url":"https:\/\/makermauz.de\/wp-content\/uploads\/2025\/12\/schnittmuster_Muetze_Inka_ErwachseneKinder_maker-mauz-sewing_1.jpg","type":"image\/jpeg"}],"twitter_card":"summary_large_image","twitter_misc":{"Gesch\u00e4tzte Lesezeit":"1\u00a0Minute"},"schema":{"@context":"https:\/\/schema.org","@graph":[{"@type":"WebPage","@id":"https:\/\/makermauz.de\/?product=schnittmuster-muetze-inka","url":"https:\/\/makermauz.de\/?product=schnittmuster-muetze-inka","name":"Schnittmuster M\u00fctze Inka von Maker Mauz Sewing","isPartOf":{"@id":"https:\/\/makermauz.de\/#website"},"primaryImageOfPage":{"@id":"https:\/\/makermauz.de\/?product=schnittmuster-muetze-inka#primaryimage"},"image":{"@id":"https:\/\/makermauz.de\/?product=schnittmuster-muetze-inka#primaryimage"},"thumbnailUrl":"https:\/\/makermauz.de\/wp-content\/uploads\/2025\/12\/schnittmuster_Muetze_Inka_ErwachseneKinder_maker-mauz-sewing_1.jpg","datePublished":"2025-12-21T09:28:55+00:00","dateModified":"2025-12-30T14:24:36+00:00","description":"Das Schnittmuster M\u00fctze Inka passt Kinder, Frauen und M\u00e4nnern und kann mit oder ohne Ohren gen\u00e4ht werden. Sie kann auch als Wendem\u00fctze gen\u00e4ht werden.","breadcrumb":{"@id":"https:\/\/makermauz.de\/?product=schnittmuster-muetze-inka#breadcrumb"},"inLanguage":"de","potentialAction":[{"@type":"ReadAction","target":["https:\/\/makermauz.de\/?product=schnittmuster-muetze-inka"]}]},{"@type":"ImageObject","inLanguage":"de","@id":"https:\/\/makermauz.de\/?product=schnittmuster-muetze-inka#primaryimage","url":"https:\/\/makermauz.de\/wp-content\/uploads\/2025\/12\/schnittmuster_Muetze_Inka_ErwachseneKinder_maker-mauz-sewing_1.jpg","contentUrl":"https:\/\/makermauz.de\/wp-content\/uploads\/2025\/12\/schnittmuster_Muetze_Inka_ErwachseneKinder_maker-mauz-sewing_1.jpg","width":1000,"height":1000,"caption":"Tier-M\u00fctze n\u00e4hen f\u00fcr Erwachsene und Kinder"},{"@type":"BreadcrumbList","@id":"https:\/\/makermauz.de\/?product=schnittmuster-muetze-inka#breadcrumb","itemListElement":[{"@type":"ListItem","position":1,"name":"Startseite","item":"https:\/\/makermauz.de\/"},{"@type":"ListItem","position":2,"name":"Shop","item":"https:\/\/makermauz.de\/?page_id=2666"},{"@type":"ListItem","position":3,"name":"M\u00fctze Inka (Gr. 45 &#8211; 65)"}]},{"@type":"WebSite","@id":"https:\/\/makermauz.de\/#website","url":"https:\/\/makermauz.de\/","name":"Maker Mauz Sewing","description":"N\u00e4hen lernen, Schnittmuster, N\u00e4hanleitungen, Plotterdateien, DIYs","publisher":{"@id":"https:\/\/makermauz.de\/#\/schema\/person\/66099be1b4736a5fae4fdbba61fc3467"},"potentialAction":[{"@type":"SearchAction","target":{"@type":"EntryPoint","urlTemplate":"https:\/\/makermauz.de\/?s={search_term_string}"},"query-input":{"@type":"PropertyValueSpecification","valueRequired":true,"valueName":"search_term_string"}}],"inLanguage":"de"},{"@type":["Person","Organization"],"@id":"https:\/\/makermauz.de\/#\/schema\/person\/66099be1b4736a5fae4fdbba61fc3467","name":"Maker Mauz","image":{"@type":"ImageObject","inLanguage":"de","@id":"https:\/\/secure.gravatar.com\/avatar\/d8220a7fcaab42a4ad29f49238f10b3cfff9d051acd6cc346f6a59384eed2871?s=96&d=mm&r=g","url":"https:\/\/secure.gravatar.com\/avatar\/d8220a7fcaab42a4ad29f49238f10b3cfff9d051acd6cc346f6a59384eed2871?s=96&d=mm&r=g","contentUrl":"https:\/\/secure.gravatar.com\/avatar\/d8220a7fcaab42a4ad29f49238f10b3cfff9d051acd6cc346f6a59384eed2871?s=96&d=mm&r=g","caption":"Maker Mauz"},"logo":{"@id":"https:\/\/secure.gravatar.com\/avatar\/d8220a7fcaab42a4ad29f49238f10b3cfff9d051acd6cc346f6a59384eed2871?s=96&d=mm&r=g"}}]}},"_links":{"self":[{"href":"https:\/\/makermauz.de\/index.php?rest_route=\/wp\/v2\/product\/9350","targetHints":{"allow":["GET"]}}],"collection":[{"href":"https:\/\/makermauz.de\/index.php?rest_route=\/wp\/v2\/product"}],"about":[{"href":"https:\/\/makermauz.de\/index.php?rest_route=\/wp\/v2\/types\/product"}],"replies":[{"embeddable":true,"href":"https:\/\/makermauz.de\/index.php?rest_route=%2Fwp%2Fv2%2Fcomments&post=9350"}],"version-history":[{"count":10,"href":"https:\/\/makermauz.de\/index.php?rest_route=\/wp\/v2\/product\/9350\/revisions"}],"predecessor-version":[{"id":9422,"href":"https:\/\/makermauz.de\/index.php?rest_route=\/wp\/v2\/product\/9350\/revisions\/9422"}],"wp:featuredmedia":[{"embeddable":true,"href":"https:\/\/makermauz.de\/index.php?rest_route=\/wp\/v2\/media\/9317"}],"wp:attachment":[{"href":"https:\/\/makermauz.de\/index.php?rest_route=%2Fwp%2Fv2%2Fmedia&parent=9350"}],"wp:term":[{"taxonomy":"product_brand","embeddable":true,"href":"https:\/\/makermauz.de\/index.php?rest_route=%2Fwp%2Fv2%2Fproduct_brand&post=9350"},{"taxonomy":"product_cat","embeddable":true,"href":"https:\/\/makermauz.de\/index.php?rest_route=%2Fwp%2Fv2%2Fproduct_cat&post=9350"},{"taxonomy":"product_tag","embeddable":true,"href":"https:\/\/makermauz.de\/index.php?rest_route=%2Fwp%2Fv2%2Fproduct_tag&post=9350"}],"curies":[{"name":"wp","href":"https:\/\/api.w.org\/{rel}","templated":true}]}}