{"id":9178,"date":"2025-10-31T14:21:43","date_gmt":"2025-10-31T14:21:43","guid":{"rendered":"https:\/\/makermauz.de\/?post_type=product&#038;p=9178"},"modified":"2026-02-26T12:37:59","modified_gmt":"2026-02-26T12:37:59","slug":"wickeltasche-mia","status":"publish","type":"product","link":"https:\/\/makermauz.de\/?product=wickeltasche-mia","title":{"rendered":"Wickeltasche Mia"},"content":{"rendered":"\t\t<div data-elementor-type=\"wp-post\" data-elementor-id=\"9178\" class=\"elementor elementor-9178\">\n\t\t\t\t<div class=\"elementor-element elementor-element-6bd6b46 e-flex e-con-boxed e-con e-parent\" data-id=\"6bd6b46\" data-element_type=\"container\" data-e-type=\"container\">\n\t\t\t\t\t<div class=\"e-con-inner\">\n\t\t\t\t<div class=\"elementor-element elementor-element-0609953 elementor-widget elementor-widget-text-editor\" data-id=\"0609953\" data-element_type=\"widget\" data-e-type=\"widget\" data-widget_type=\"text-editor.default\">\n\t\t\t\t<div class=\"elementor-widget-container\">\n\t\t\t\t\t\t\t\t\t<p>Die Wickeltasche Mia bietet Platz f\u00fcr alle wichtigen Wickelutensilien und ist der perfekte Begleiter f\u00fcr kleine wie gro\u00dfe Abenteuer mit deinem Baby. Dank der durchdachten Aufteilung gelingt ein Windelwechsel unterwegs schnell und unkompliziert. Ein integriertes Fach mit Entnahme\u00f6ffnung f\u00fcr Feuchtt\u00fccher sorgt f\u00fcr praktische Handhabung, w\u00e4hrend mehrere Steckf\u00e4cher gen\u00fcgend Raum f\u00fcr Windeln und eine Wickelunterlage bieten. Zus\u00e4tzlich ist eine Tasche mit Druckknopf f\u00fcr Kleinigkeiten wie Spuckt\u00fccher und Nasstasche vorhanden. Auch der Schnuller findet seinen Platz. Verschlossen wird die Tasche wahlweise<br \/>mit Gummizug oder Lasche, die je nach Inhalt am Verschluss verstellbar ist. Beim Au\u00dfendesign hast du freie Wahl: entweder schlicht aus einem Stoff oder in einer Kombination aus zwei Stoffen \u2013 auf Wunsch auch mit dekorativem Schr\u00e4gband.<\/p><p><strong>N\u00e4hschwierigkeit<\/strong>: Leicht, ben\u00f6tigt etwas Erfahrung<\/p><p><a href=\"https:\/\/makermauz.de\/wp-content\/uploads\/2025\/11\/Lookbook-Wickeltasche-Mia-von-Maker-Mauz-Sewing.pdf\" target=\"_blank\" rel=\"noopener\">Lookbook mit den Proben\u00e4hbeispielen der Wickeltasche Mia<\/a><\/p><p><strong>\u00a0<\/strong><strong>Das bekommst du:<\/strong><\/p><ul><li>Schnittmuster in A4 zum Ausdrucken und Zusammenkleben mit Ebenen (im PDF Format)<\/li><li>Schnittmuster in A1 zum Ausdrucken oder f\u00fcr den Beamer<\/li><li>Ausf\u00fchrliche Schritt f\u00fcr Schritt Anleitung (im PDF Format)<\/li><li>YouTube Video Tutorial zum Schnittmuster s. unten<\/li><\/ul><div><p><strong><br \/>Ben\u00f6tigtes Material:\u00a0<\/strong><\/p><\/div><ul><li>Als Grundmaterial f\u00fcr die Wickeltasche ben\u00f6tigst du f\u00fcr die Au\u00dfenseite z.B. Cord, Canvas, Leinen, beschichtete Baumwolle oder Waffelpiquet bei einer Stoffl\u00e4nge von ca. 30 cm*.<\/li><li>F\u00fcr die Innenseite kannst du z.B. Baumwolle, beschichtete Baumwollle oder Wachstuch bei einer Stoffl\u00e4nge von ca. 65 cm* verwenden. Wenn du dich f\u00fcr zwei verschiedene Innenstoffe entscheidest (wie ich in dieser Anleitung), ben\u00f6tigst du jeweils 35 cm*.<\/li><li>F\u00fcr die Wickelunterlage solltest du einen abwischbaren Stoff wie Wachstuch oder beschichtete Baumwolle bei einer Stoffl\u00e4nge von ca. 35cm*\u00a0 verwenden.<\/li><li>Vlies, z.B. H200 oder H250 (je nach Dicke deines verwendeten Stoffes) bei einer Stoffl\u00e4nge von ca. 35 cm*<\/li><li>5 mm breiter Schaumstoff in der Gr\u00f6\u00dfe von 27 x 43 cm (je nach Stoffdicke kann gegebenenfalls auch Volumenvlies verwendet werden)<\/li><li>Volumenvlies, z.B. H640 in der Gr\u00f6\u00dfe von 34,5 x 50 cm<\/li><li>4 Plastikdruckkn\u00f6pfe<\/li><li>Optional: 2 cm breites und 34 cm langes Gummiband<\/li><li>\u00a0Optional: 2,9 m Schr\u00e4gband<\/li><\/ul><p>*bei einer Stoffbreite von 140 cm<\/p>\t\t\t\t\t\t\t\t<\/div>\n\t\t\t\t<\/div>\n\t\t\t\t\t<\/div>\n\t\t\t\t<\/div>\n\t\t<div class=\"elementor-element elementor-element-caa7d82 e-flex e-con-boxed e-con e-parent\" data-id=\"caa7d82\" data-element_type=\"container\" data-e-type=\"container\">\n\t\t\t\t\t<div class=\"e-con-inner\">\n\t\t\t\t<div class=\"elementor-element elementor-element-c333060 elementor-widget-divider--separator-type-pattern elementor-widget-divider--view-line elementor-widget elementor-widget-divider\" data-id=\"c333060\" data-element_type=\"widget\" data-e-type=\"widget\" data-widget_type=\"divider.default\">\n\t\t\t\t<div class=\"elementor-widget-container\">\n\t\t\t\t\t\t\t<div class=\"elementor-divider\" style=\"--divider-pattern-url: url(&quot;data:image\/svg+xml,%3Csvg xmlns=&#039;http:\/\/www.w3.org\/2000\/svg&#039; preserveAspectRatio=&#039;none&#039; overflow=&#039;visible&#039; height=&#039;100%&#039; viewBox=&#039;0 0 24 24&#039; fill=&#039;none&#039; stroke=&#039;black&#039; stroke-width=&#039;1&#039; stroke-linecap=&#039;square&#039; stroke-miterlimit=&#039;10&#039;%3E%3Cpolyline points=&#039;0,18 12,6 24,18 &#039;\/%3E%3C\/svg%3E&quot;);\">\n\t\t\t<span class=\"elementor-divider-separator\">\n\t\t\t\t\t\t<\/span>\n\t\t<\/div>\n\t\t\t\t\t\t<\/div>\n\t\t\t\t<\/div>\n\t\t\t\t<div class=\"elementor-element elementor-element-4a21748 elementor-widget elementor-widget-heading\" data-id=\"4a21748\" data-element_type=\"widget\" data-e-type=\"widget\" data-widget_type=\"heading.default\">\n\t\t\t\t<div class=\"elementor-widget-container\">\n\t\t\t\t\t<h2 class=\"elementor-heading-title elementor-size-default\">Videos zur Wickeltasche<\/h2>\t\t\t\t<\/div>\n\t\t\t\t<\/div>\n\t\t\t\t\t<\/div>\n\t\t\t\t<\/div>\n\t\t<div class=\"elementor-element elementor-element-d6693df e-flex e-con-boxed e-con e-parent\" data-id=\"d6693df\" data-element_type=\"container\" data-e-type=\"container\" data-settings=\"{&quot;background_background&quot;:&quot;gradient&quot;}\">\n\t\t\t\t\t<div class=\"e-con-inner\">\n\t\t<div class=\"elementor-element elementor-element-f6da3c2 e-con-full e-flex e-con e-child\" data-id=\"f6da3c2\" data-element_type=\"container\" data-e-type=\"container\">\n\t\t\t\t<div class=\"elementor-element elementor-element-aac03d2 elementor-widget elementor-widget-video\" data-id=\"aac03d2\" data-element_type=\"widget\" data-e-type=\"widget\" data-settings=\"{&quot;youtube_url&quot;:&quot;https:\\\/\\\/youtu.be\\\/n69pKmPirbY&quot;,&quot;video_type&quot;:&quot;youtube&quot;,&quot;controls&quot;:&quot;yes&quot;}\" data-widget_type=\"video.default\">\n\t\t\t\t<div class=\"elementor-widget-container\">\n\t\t\t\t\t\t\t<div class=\"elementor-wrapper elementor-open-inline\">\n\t\t\t<div class=\"elementor-video\"><\/div>\t\t<\/div>\n\t\t\t\t\t\t<\/div>\n\t\t\t\t<\/div>\n\t\t\t\t<\/div>\n\t\t<div class=\"elementor-element elementor-element-47c3600 e-con-full e-flex e-con e-child\" data-id=\"47c3600\" data-element_type=\"container\" data-e-type=\"container\">\n\t\t\t\t<div class=\"elementor-element elementor-element-42f453d elementor-widget elementor-widget-video\" data-id=\"42f453d\" data-element_type=\"widget\" data-e-type=\"widget\" data-settings=\"{&quot;youtube_url&quot;:&quot;https:\\\/\\\/youtu.be\\\/VlqRh2nZAYY&quot;,&quot;video_type&quot;:&quot;youtube&quot;,&quot;controls&quot;:&quot;yes&quot;}\" data-widget_type=\"video.default\">\n\t\t\t\t<div class=\"elementor-widget-container\">\n\t\t\t\t\t\t\t<div class=\"elementor-wrapper elementor-open-inline\">\n\t\t\t<div class=\"elementor-video\"><\/div>\t\t<\/div>\n\t\t\t\t\t\t<\/div>\n\t\t\t\t<\/div>\n\t\t\t\t<\/div>\n\t\t\t\t\t<\/div>\n\t\t\t\t<\/div>\n\t\t\t\t<\/div>\n\t\t","protected":false},"excerpt":{"rendered":"<ul>\n<li>A4 PDF-Schnittmuster zum Ausdrucken und Zusammenkleben mit Ebenen, versandkostenfrei<\/li>\n<li>A1 PDF-Schnittmuster zum Ausdrucken oder f\u00fcr den Beamer<\/li>\n<li>PDF-N\u00e4hanleitung und N\u00e4hvideo<\/li>\n<li>Sofort zum Download verf\u00fcgbar<\/li>\n<li>N\u00e4hschwierigkeit: Leicht, ben\u00f6tigt etwas Erfahrung<\/li>\n<\/ul>\n","protected":false},"featured_media":9199,"comment_status":"open","ping_status":"closed","template":"","meta":{"om_disable_all_campaigns":false,"kt_blocks_editor_width":"","_monsterinsights_skip_tracking":false,"_monsterinsights_sitenote_active":false,"_monsterinsights_sitenote_note":"","_monsterinsights_sitenote_category":0,"_links_to":"","_links_to_target":""},"product_brand":[],"product_cat":[230,109],"product_tag":[231,234,235,232,233],"class_list":{"0":"post-9178","1":"product","2":"type-product","3":"status-publish","4":"has-post-thumbnail","6":"product_cat-babys-kinder","7":"product_cat-schnittmuster","8":"product_tag-baby","9":"product_tag-mia","10":"product_tag-wickeln","11":"product_tag-wickeltasche","12":"product_tag-wickelunterlage","14":"first","15":"instock","16":"downloadable","17":"virtual","18":"sold-individually","19":"purchasable","20":"product-type-simple"},"yoast_head":"<!-- This site is optimized with the Yoast SEO plugin v27.6 - https:\/\/yoast.com\/product\/yoast-seo-wordpress\/ -->\n<title>Schnittmuster Wickeltasche Mia von Maker Mauz Sewing<\/title>\n<meta name=\"description\" content=\"Das Schnittmuster Wickeltasche Mia bietet Platz f\u00fcr alle wichtigen Wickelutensilien - der perfekte Begleiter f\u00fcr kleine wie gro\u00dfe Abenteuer mit deinem Baby\" \/>\n<meta name=\"robots\" content=\"index, follow, max-snippet:-1, max-image-preview:large, max-video-preview:-1\" \/>\n<link rel=\"canonical\" href=\"https:\/\/makermauz.de\/?product=wickeltasche-mia\" \/>\n<meta property=\"og:locale\" content=\"de_DE\" \/>\n<meta property=\"og:type\" content=\"article\" \/>\n<meta property=\"og:title\" content=\"Schnittmuster Wickeltasche Mia von Maker Mauz Sewing\" \/>\n<meta property=\"og:description\" content=\"Das Schnittmuster Wickeltasche Mia bietet Platz f\u00fcr alle wichtigen Wickelutensilien - der perfekte Begleiter f\u00fcr kleine wie gro\u00dfe Abenteuer mit deinem Baby\" \/>\n<meta property=\"og:url\" content=\"https:\/\/makermauz.de\/?product=wickeltasche-mia\" \/>\n<meta property=\"og:site_name\" content=\"Maker Mauz Sewing\" \/>\n<meta property=\"article:modified_time\" content=\"2026-02-26T12:37:59+00:00\" \/>\n<meta property=\"og:image\" content=\"https:\/\/makermauz.de\/wp-content\/uploads\/2025\/10\/schnittmuster_wickeltasche-mia_maker-mauz-sewing_4.jpg\" \/>\n\t<meta property=\"og:image:width\" content=\"900\" \/>\n\t<meta property=\"og:image:height\" content=\"900\" \/>\n\t<meta property=\"og:image:type\" content=\"image\/jpeg\" \/>\n<meta name=\"twitter:card\" content=\"summary_large_image\" \/>\n<meta name=\"twitter:label1\" content=\"Gesch\u00e4tzte Lesezeit\" \/>\n\t<meta name=\"twitter:data1\" content=\"3\u00a0Minuten\" \/>\n<script type=\"application\/ld+json\" class=\"yoast-schema-graph\">{\"@context\":\"https:\\\/\\\/schema.org\",\"@graph\":[{\"@type\":\"WebPage\",\"@id\":\"https:\\\/\\\/makermauz.de\\\/?product=wickeltasche-mia\",\"url\":\"https:\\\/\\\/makermauz.de\\\/?product=wickeltasche-mia\",\"name\":\"Schnittmuster Wickeltasche Mia von Maker Mauz Sewing\",\"isPartOf\":{\"@id\":\"https:\\\/\\\/makermauz.de\\\/#website\"},\"primaryImageOfPage\":{\"@id\":\"https:\\\/\\\/makermauz.de\\\/?product=wickeltasche-mia#primaryimage\"},\"image\":{\"@id\":\"https:\\\/\\\/makermauz.de\\\/?product=wickeltasche-mia#primaryimage\"},\"thumbnailUrl\":\"https:\\\/\\\/makermauz.de\\\/wp-content\\\/uploads\\\/2025\\\/10\\\/schnittmuster_wickeltasche-mia_maker-mauz-sewing_4.jpg\",\"datePublished\":\"2025-10-31T14:21:43+00:00\",\"dateModified\":\"2026-02-26T12:37:59+00:00\",\"description\":\"Das Schnittmuster Wickeltasche Mia bietet Platz f\u00fcr alle wichtigen Wickelutensilien - der perfekte Begleiter f\u00fcr kleine wie gro\u00dfe Abenteuer mit deinem Baby\",\"breadcrumb\":{\"@id\":\"https:\\\/\\\/makermauz.de\\\/?product=wickeltasche-mia#breadcrumb\"},\"inLanguage\":\"de\",\"potentialAction\":[{\"@type\":\"ReadAction\",\"target\":[\"https:\\\/\\\/makermauz.de\\\/?product=wickeltasche-mia\"]}]},{\"@type\":\"ImageObject\",\"inLanguage\":\"de\",\"@id\":\"https:\\\/\\\/makermauz.de\\\/?product=wickeltasche-mia#primaryimage\",\"url\":\"https:\\\/\\\/makermauz.de\\\/wp-content\\\/uploads\\\/2025\\\/10\\\/schnittmuster_wickeltasche-mia_maker-mauz-sewing_4.jpg\",\"contentUrl\":\"https:\\\/\\\/makermauz.de\\\/wp-content\\\/uploads\\\/2025\\\/10\\\/schnittmuster_wickeltasche-mia_maker-mauz-sewing_4.jpg\",\"width\":900,\"height\":900,\"caption\":\"Schnittmuster Wickeltasche + Wickelunterlage Mia\"},{\"@type\":\"BreadcrumbList\",\"@id\":\"https:\\\/\\\/makermauz.de\\\/?product=wickeltasche-mia#breadcrumb\",\"itemListElement\":[{\"@type\":\"ListItem\",\"position\":1,\"name\":\"Startseite\",\"item\":\"https:\\\/\\\/makermauz.de\\\/\"},{\"@type\":\"ListItem\",\"position\":2,\"name\":\"Shop\",\"item\":\"https:\\\/\\\/makermauz.de\\\/?page_id=2666\"},{\"@type\":\"ListItem\",\"position\":3,\"name\":\"Wickeltasche Mia\"}]},{\"@type\":\"WebSite\",\"@id\":\"https:\\\/\\\/makermauz.de\\\/#website\",\"url\":\"https:\\\/\\\/makermauz.de\\\/\",\"name\":\"Maker Mauz Sewing\",\"description\":\"N\u00e4hen lernen, Schnittmuster, N\u00e4hanleitungen, Plotterdateien, DIYs\",\"publisher\":{\"@id\":\"https:\\\/\\\/makermauz.de\\\/#\\\/schema\\\/person\\\/66099be1b4736a5fae4fdbba61fc3467\"},\"potentialAction\":[{\"@type\":\"SearchAction\",\"target\":{\"@type\":\"EntryPoint\",\"urlTemplate\":\"https:\\\/\\\/makermauz.de\\\/?s={search_term_string}\"},\"query-input\":{\"@type\":\"PropertyValueSpecification\",\"valueRequired\":true,\"valueName\":\"search_term_string\"}}],\"inLanguage\":\"de\"},{\"@type\":[\"Person\",\"Organization\"],\"@id\":\"https:\\\/\\\/makermauz.de\\\/#\\\/schema\\\/person\\\/66099be1b4736a5fae4fdbba61fc3467\",\"name\":\"Maker Mauz\",\"image\":{\"@type\":\"ImageObject\",\"inLanguage\":\"de\",\"@id\":\"https:\\\/\\\/secure.gravatar.com\\\/avatar\\\/d8220a7fcaab42a4ad29f49238f10b3cfff9d051acd6cc346f6a59384eed2871?s=96&d=mm&r=g\",\"url\":\"https:\\\/\\\/secure.gravatar.com\\\/avatar\\\/d8220a7fcaab42a4ad29f49238f10b3cfff9d051acd6cc346f6a59384eed2871?s=96&d=mm&r=g\",\"contentUrl\":\"https:\\\/\\\/secure.gravatar.com\\\/avatar\\\/d8220a7fcaab42a4ad29f49238f10b3cfff9d051acd6cc346f6a59384eed2871?s=96&d=mm&r=g\",\"caption\":\"Maker Mauz\"},\"logo\":{\"@id\":\"https:\\\/\\\/secure.gravatar.com\\\/avatar\\\/d8220a7fcaab42a4ad29f49238f10b3cfff9d051acd6cc346f6a59384eed2871?s=96&d=mm&r=g\"}}]}<\/script>\n<!-- \/ Yoast SEO plugin. -->","yoast_head_json":{"title":"Schnittmuster Wickeltasche Mia von Maker Mauz Sewing","description":"Das Schnittmuster Wickeltasche Mia bietet Platz f\u00fcr alle wichtigen Wickelutensilien - der perfekte Begleiter f\u00fcr kleine wie gro\u00dfe Abenteuer mit deinem Baby","robots":{"index":"index","follow":"follow","max-snippet":"max-snippet:-1","max-image-preview":"max-image-preview:large","max-video-preview":"max-video-preview:-1"},"canonical":"https:\/\/makermauz.de\/?product=wickeltasche-mia","og_locale":"de_DE","og_type":"article","og_title":"Schnittmuster Wickeltasche Mia von Maker Mauz Sewing","og_description":"Das Schnittmuster Wickeltasche Mia bietet Platz f\u00fcr alle wichtigen Wickelutensilien - der perfekte Begleiter f\u00fcr kleine wie gro\u00dfe Abenteuer mit deinem Baby","og_url":"https:\/\/makermauz.de\/?product=wickeltasche-mia","og_site_name":"Maker Mauz Sewing","article_modified_time":"2026-02-26T12:37:59+00:00","og_image":[{"width":900,"height":900,"url":"https:\/\/makermauz.de\/wp-content\/uploads\/2025\/10\/schnittmuster_wickeltasche-mia_maker-mauz-sewing_4.jpg","type":"image\/jpeg"}],"twitter_card":"summary_large_image","twitter_misc":{"Gesch\u00e4tzte Lesezeit":"3\u00a0Minuten"},"schema":{"@context":"https:\/\/schema.org","@graph":[{"@type":"WebPage","@id":"https:\/\/makermauz.de\/?product=wickeltasche-mia","url":"https:\/\/makermauz.de\/?product=wickeltasche-mia","name":"Schnittmuster Wickeltasche Mia von Maker Mauz Sewing","isPartOf":{"@id":"https:\/\/makermauz.de\/#website"},"primaryImageOfPage":{"@id":"https:\/\/makermauz.de\/?product=wickeltasche-mia#primaryimage"},"image":{"@id":"https:\/\/makermauz.de\/?product=wickeltasche-mia#primaryimage"},"thumbnailUrl":"https:\/\/makermauz.de\/wp-content\/uploads\/2025\/10\/schnittmuster_wickeltasche-mia_maker-mauz-sewing_4.jpg","datePublished":"2025-10-31T14:21:43+00:00","dateModified":"2026-02-26T12:37:59+00:00","description":"Das Schnittmuster Wickeltasche Mia bietet Platz f\u00fcr alle wichtigen Wickelutensilien - der perfekte Begleiter f\u00fcr kleine wie gro\u00dfe Abenteuer mit deinem Baby","breadcrumb":{"@id":"https:\/\/makermauz.de\/?product=wickeltasche-mia#breadcrumb"},"inLanguage":"de","potentialAction":[{"@type":"ReadAction","target":["https:\/\/makermauz.de\/?product=wickeltasche-mia"]}]},{"@type":"ImageObject","inLanguage":"de","@id":"https:\/\/makermauz.de\/?product=wickeltasche-mia#primaryimage","url":"https:\/\/makermauz.de\/wp-content\/uploads\/2025\/10\/schnittmuster_wickeltasche-mia_maker-mauz-sewing_4.jpg","contentUrl":"https:\/\/makermauz.de\/wp-content\/uploads\/2025\/10\/schnittmuster_wickeltasche-mia_maker-mauz-sewing_4.jpg","width":900,"height":900,"caption":"Schnittmuster Wickeltasche + Wickelunterlage Mia"},{"@type":"BreadcrumbList","@id":"https:\/\/makermauz.de\/?product=wickeltasche-mia#breadcrumb","itemListElement":[{"@type":"ListItem","position":1,"name":"Startseite","item":"https:\/\/makermauz.de\/"},{"@type":"ListItem","position":2,"name":"Shop","item":"https:\/\/makermauz.de\/?page_id=2666"},{"@type":"ListItem","position":3,"name":"Wickeltasche Mia"}]},{"@type":"WebSite","@id":"https:\/\/makermauz.de\/#website","url":"https:\/\/makermauz.de\/","name":"Maker Mauz Sewing","description":"N\u00e4hen lernen, Schnittmuster, N\u00e4hanleitungen, Plotterdateien, DIYs","publisher":{"@id":"https:\/\/makermauz.de\/#\/schema\/person\/66099be1b4736a5fae4fdbba61fc3467"},"potentialAction":[{"@type":"SearchAction","target":{"@type":"EntryPoint","urlTemplate":"https:\/\/makermauz.de\/?s={search_term_string}"},"query-input":{"@type":"PropertyValueSpecification","valueRequired":true,"valueName":"search_term_string"}}],"inLanguage":"de"},{"@type":["Person","Organization"],"@id":"https:\/\/makermauz.de\/#\/schema\/person\/66099be1b4736a5fae4fdbba61fc3467","name":"Maker Mauz","image":{"@type":"ImageObject","inLanguage":"de","@id":"https:\/\/secure.gravatar.com\/avatar\/d8220a7fcaab42a4ad29f49238f10b3cfff9d051acd6cc346f6a59384eed2871?s=96&d=mm&r=g","url":"https:\/\/secure.gravatar.com\/avatar\/d8220a7fcaab42a4ad29f49238f10b3cfff9d051acd6cc346f6a59384eed2871?s=96&d=mm&r=g","contentUrl":"https:\/\/secure.gravatar.com\/avatar\/d8220a7fcaab42a4ad29f49238f10b3cfff9d051acd6cc346f6a59384eed2871?s=96&d=mm&r=g","caption":"Maker Mauz"},"logo":{"@id":"https:\/\/secure.gravatar.com\/avatar\/d8220a7fcaab42a4ad29f49238f10b3cfff9d051acd6cc346f6a59384eed2871?s=96&d=mm&r=g"}}]}},"_links":{"self":[{"href":"https:\/\/makermauz.de\/index.php?rest_route=\/wp\/v2\/product\/9178","targetHints":{"allow":["GET"]}}],"collection":[{"href":"https:\/\/makermauz.de\/index.php?rest_route=\/wp\/v2\/product"}],"about":[{"href":"https:\/\/makermauz.de\/index.php?rest_route=\/wp\/v2\/types\/product"}],"replies":[{"embeddable":true,"href":"https:\/\/makermauz.de\/index.php?rest_route=%2Fwp%2Fv2%2Fcomments&post=9178"}],"version-history":[{"count":30,"href":"https:\/\/makermauz.de\/index.php?rest_route=\/wp\/v2\/product\/9178\/revisions"}],"predecessor-version":[{"id":9276,"href":"https:\/\/makermauz.de\/index.php?rest_route=\/wp\/v2\/product\/9178\/revisions\/9276"}],"wp:featuredmedia":[{"embeddable":true,"href":"https:\/\/makermauz.de\/index.php?rest_route=\/wp\/v2\/media\/9199"}],"wp:attachment":[{"href":"https:\/\/makermauz.de\/index.php?rest_route=%2Fwp%2Fv2%2Fmedia&parent=9178"}],"wp:term":[{"taxonomy":"product_brand","embeddable":true,"href":"https:\/\/makermauz.de\/index.php?rest_route=%2Fwp%2Fv2%2Fproduct_brand&post=9178"},{"taxonomy":"product_cat","embeddable":true,"href":"https:\/\/makermauz.de\/index.php?rest_route=%2Fwp%2Fv2%2Fproduct_cat&post=9178"},{"taxonomy":"product_tag","embeddable":true,"href":"https:\/\/makermauz.de\/index.php?rest_route=%2Fwp%2Fv2%2Fproduct_tag&post=9178"}],"curies":[{"name":"wp","href":"https:\/\/api.w.org\/{rel}","templated":true}]}}