{"id":8577,"date":"2025-06-25T18:04:53","date_gmt":"2025-06-25T18:04:53","guid":{"rendered":"https:\/\/makermauz.de\/?post_type=product&#038;p=8577"},"modified":"2025-09-23T13:29:57","modified_gmt":"2025-09-23T13:29:57","slug":"hundebett-alma","status":"publish","type":"product","link":"https:\/\/makermauz.de\/?product=hundebett-alma","title":{"rendered":"Hundebett \/ Katzenbett Alma"},"content":{"rendered":"\t\t<div data-elementor-type=\"wp-post\" data-elementor-id=\"8577\" class=\"elementor elementor-8577\">\n\t\t\t\t<div class=\"elementor-element elementor-element-6bd6b46 e-flex e-con-boxed e-con e-parent\" data-id=\"6bd6b46\" data-element_type=\"container\" data-e-type=\"container\">\n\t\t\t\t\t<div class=\"e-con-inner\">\n\t\t\t\t<div class=\"elementor-element elementor-element-0609953 elementor-widget elementor-widget-text-editor\" data-id=\"0609953\" data-element_type=\"widget\" data-e-type=\"widget\" data-widget_type=\"text-editor.default\">\n\t\t\t\t<div class=\"elementor-widget-container\">\n\t\t\t\t\t\t\t\t\t<p>Mit dem Schnittmuster Hundebett Alma n\u00e4hst du im Handumdrehen einen gem\u00fctlichen R\u00fcckzugsort f\u00fcr deinen Hund oder deine Katze \u2013 ganz nach deinem Geschmack. Ob kuschelig weich mit Pl\u00fcschstoffen oder stylisch passend zu deiner Einrichtung \u2013 du entscheidest!<\/p><p>Das Schnittmuster enth\u00e4lt mehrere Gr\u00f6\u00dfen, sodass sowohl kleine Fellnasen als auch gr\u00f6\u00dfere Hunde bequem Platz finden. Die rechteckige Form mit praktischer \u00d6ffnung an der Vorderseite erleichtert \u00e4lteren oder kleineren Hunden den Einstieg. Und das Beste: Das Hundebett \/ Katzenbett ist je nach Materialwahl waschbar und somit pflegeleicht.<\/p><p><strong>N\u00e4hschwierigkeit<\/strong>: Mittel: Ben\u00f6tigt fortgeschrittene Erfahrung<\/p><p><a href=\"https:\/\/makermauz.de\/wp-content\/uploads\/2025\/09\/Lookbook-Hundebett-Alma-von-Maker-Mauz-Sewing.pdf\" target=\"_blank\" rel=\"noopener\">Lookbook mit den Proben\u00e4hbeispielen<\/a><\/p><p><strong>\u00a0<\/strong><strong>Das bekommst du:<\/strong><\/p><ul><li>Schnittmuster in A4 zum Ausdrucken und Zusammenkleben mit Ebenen (im PDF Format)<\/li><li>Schnittmuster in A0 zum Ausdrucken oder f\u00fcr den Beamer<\/li><li>Ausf\u00fchrliche Schritt f\u00fcr Schritt Anleitung (im PDF Format)<\/li><li>YouTube Video Tutorial zum Schnittmuster s. unten<\/li><\/ul><div><p><strong><br \/>Ben\u00f6tigtes Material:\u00a0<\/strong><\/p><\/div><ul><li>Als Grundmaterial f\u00fcr das Hundebett kannst du z.B. Fleece, Wellnessfleece, Teddystoff, Pl\u00fcsch, Cord, Kunstleder oder Canvas verwenden. Der Stoff sollte nicht zu dick sein, sonst wird das N\u00e4hen schwierig.<\/li><li>F\u00fcllmaterial, das du entweder neu kaufen oder aus alten Kissen wiederverwenden kannst. (Hinweis: F\u00fcllwatte gibt es in verschiedenen Waschtermeraturen, so sind manche mit 40 Grad, andere bei 95 Grad waschbar) Am Boden kannst du auch dickes Volumenvlies verwenden, oder alternativ einen Schaumstoff oder Memory-Schaumstoff. Dies ist besonders bei den gr\u00f6\u00dferen Hunden zu empfehlen<\/li><li>1 Endlosrei\u00dfverschluss (3 cm breit) in der L\u00e4nge von Schnittteil D (Der Zipper sollte schon vor dem Zuschnitt aufgezogen werden. Tipp: Ein W\u00e4scherei\u00dfverschluss f\u00fcr Bettw\u00e4sche hat einen flacheren Zipper. Dieser ist besser bei empfindlichen B\u00f6den.)<\/li><li>\u00a0Optional: Extra Kissen<\/li><li>\u00a0Optional: Paspelband<\/li><\/ul>\t\t\t\t\t\t\t\t<\/div>\n\t\t\t\t<\/div>\n\t\t\t\t\t<\/div>\n\t\t\t\t<\/div>\n\t\t<div class=\"elementor-element elementor-element-caa7d82 e-flex e-con-boxed e-con e-parent\" data-id=\"caa7d82\" data-element_type=\"container\" data-e-type=\"container\">\n\t\t\t\t\t<div class=\"e-con-inner\">\n\t\t\t\t<div class=\"elementor-element elementor-element-c333060 elementor-widget-divider--separator-type-pattern elementor-widget-divider--view-line elementor-widget elementor-widget-divider\" data-id=\"c333060\" data-element_type=\"widget\" data-e-type=\"widget\" data-widget_type=\"divider.default\">\n\t\t\t\t<div class=\"elementor-widget-container\">\n\t\t\t\t\t\t\t<div class=\"elementor-divider\" style=\"--divider-pattern-url: url(&quot;data:image\/svg+xml,%3Csvg xmlns=&#039;http:\/\/www.w3.org\/2000\/svg&#039; preserveAspectRatio=&#039;none&#039; overflow=&#039;visible&#039; height=&#039;100%&#039; viewBox=&#039;0 0 24 24&#039; fill=&#039;none&#039; stroke=&#039;black&#039; stroke-width=&#039;1&#039; stroke-linecap=&#039;square&#039; stroke-miterlimit=&#039;10&#039;%3E%3Cpolyline points=&#039;0,18 12,6 24,18 &#039;\/%3E%3C\/svg%3E&quot;);\">\n\t\t\t<span class=\"elementor-divider-separator\">\n\t\t\t\t\t\t<\/span>\n\t\t<\/div>\n\t\t\t\t\t\t<\/div>\n\t\t\t\t<\/div>\n\t\t\t\t\t<\/div>\n\t\t\t\t<\/div>\n\t\t<div class=\"elementor-element elementor-element-d6693df e-flex e-con-boxed e-con e-parent\" data-id=\"d6693df\" data-element_type=\"container\" data-e-type=\"container\" data-settings=\"{&quot;background_background&quot;:&quot;gradient&quot;}\">\n\t\t\t\t\t<div class=\"e-con-inner\">\n\t\t<div class=\"elementor-element elementor-element-307839b e-con-full e-flex e-con e-child\" data-id=\"307839b\" data-element_type=\"container\" data-e-type=\"container\">\n\t\t\t\t<div class=\"elementor-element elementor-element-464cfa6 elementor-widget elementor-widget-text-editor\" data-id=\"464cfa6\" data-element_type=\"widget\" data-e-type=\"widget\" data-widget_type=\"text-editor.default\">\n\t\t\t\t<div class=\"elementor-widget-container\">\n\t\t\t\t\t\t\t\t\t<h2 style=\"margin-bottom: 7.45312px; text-align: center;\"><span style=\"background-color: transparent;\">Videoanleitung<br \/><\/span>\u00a0Hundebett Alma<\/h2><p style=\"font-family: Abel, sans-serif; text-align: center;\">Zus\u00e4tzlich zur PDF Anleitung werden dir die Arbeitsschritte die du zum N\u00e4hen des Hundesofas ben\u00f6tigst, in diesem Video noch mal Schritt f\u00fcr Schritt erkl\u00e4rt.<\/p><p style=\"font-family: Abel, sans-serif; text-align: center;\">Weitere N\u00e4hvideos findest du auf meinem\u00a0<a href=\"https:\/\/www.youtube.com\/c\/makermauzsewing\" target=\"_blank\" rel=\"noopener\">YouTube-Kanal Maker Mauz Sewing<\/a><\/p>\t\t\t\t\t\t\t\t<\/div>\n\t\t\t\t<\/div>\n\t\t\t\t<\/div>\n\t\t<div class=\"elementor-element elementor-element-f6da3c2 e-con-full e-flex e-con e-child\" data-id=\"f6da3c2\" data-element_type=\"container\" data-e-type=\"container\">\n\t\t\t\t<div class=\"elementor-element elementor-element-aac03d2 elementor-widget elementor-widget-video\" data-id=\"aac03d2\" data-element_type=\"widget\" data-e-type=\"widget\" data-settings=\"{&quot;youtube_url&quot;:&quot;https:\\\/\\\/youtu.be\\\/OuRll4GyngM&quot;,&quot;video_type&quot;:&quot;youtube&quot;,&quot;controls&quot;:&quot;yes&quot;}\" data-widget_type=\"video.default\">\n\t\t\t\t<div class=\"elementor-widget-container\">\n\t\t\t\t\t\t\t<div class=\"elementor-wrapper elementor-open-inline\">\n\t\t\t<div class=\"elementor-video\"><\/div>\t\t<\/div>\n\t\t\t\t\t\t<\/div>\n\t\t\t\t<\/div>\n\t\t\t\t<\/div>\n\t\t\t\t\t<\/div>\n\t\t\t\t<\/div>\n\t\t\t\t<\/div>\n\t\t","protected":false},"excerpt":{"rendered":"<ul>\n<li>A4 PDF-Schnittmuster zum Ausdrucken und Zusammenkleben mit Ebenen, versandkostenfrei<\/li>\n<li>A0 PDF-Schnittmuster zum Ausdrucken oder f\u00fcr den Beamer<\/li>\n<li>PDF-N\u00e4hanleitung und N\u00e4hvideo<\/li>\n<li>Sofort zum Download verf\u00fcgbar<\/li>\n<li>N\u00e4hschwierigkeit: Mittel: Ben\u00f6tigt fortgeschrittene Erfahrung<\/li>\n<\/ul>\n","protected":false},"featured_media":8678,"comment_status":"open","ping_status":"closed","template":"","meta":{"om_disable_all_campaigns":false,"kt_blocks_editor_width":"","_monsterinsights_skip_tracking":false,"_monsterinsights_sitenote_active":false,"_monsterinsights_sitenote_note":"","_monsterinsights_sitenote_category":0,"_links_to":"","_links_to_target":""},"product_brand":[],"product_cat":[109,160],"product_tag":[163,165,162,174,161],"class_list":{"0":"post-8577","1":"product","2":"type-product","3":"status-publish","4":"has-post-thumbnail","6":"product_cat-schnittmuster","7":"product_cat-tiere-schnittmuster","8":"product_tag-hunde","9":"product_tag-hundebett","10":"product_tag-katzen","11":"product_tag-katzensofa","12":"product_tag-tiere","14":"first","15":"instock","16":"downloadable","17":"virtual","18":"sold-individually","19":"purchasable","20":"product-type-simple"},"yoast_head":"<!-- This site is optimized with the Yoast SEO plugin v27.6 - https:\/\/yoast.com\/product\/yoast-seo-wordpress\/ -->\n<title>Schnittmuster Hundebett Alma von Maker Mauz Sewing<\/title>\n<meta name=\"description\" content=\"Das Schnittmuster Hundebett Alma enth\u00e4lt mehrere Gr\u00f6\u00dfen, sodass sowohl kleine Fellnasen als auch gr\u00f6\u00dfere Hunde bequem Platz finden.\" \/>\n<meta name=\"robots\" content=\"index, follow, max-snippet:-1, max-image-preview:large, max-video-preview:-1\" \/>\n<link rel=\"canonical\" href=\"https:\/\/makermauz.de\/?product=hundebett-alma\" \/>\n<meta property=\"og:locale\" content=\"de_DE\" \/>\n<meta property=\"og:type\" content=\"article\" \/>\n<meta property=\"og:title\" content=\"Schnittmuster Hundebett Alma von Maker Mauz Sewing\" \/>\n<meta property=\"og:description\" content=\"Das Schnittmuster Hundebett Alma enth\u00e4lt mehrere Gr\u00f6\u00dfen, sodass sowohl kleine Fellnasen als auch gr\u00f6\u00dfere Hunde bequem Platz finden.\" \/>\n<meta property=\"og:url\" content=\"https:\/\/makermauz.de\/?product=hundebett-alma\" \/>\n<meta property=\"og:site_name\" content=\"Maker Mauz Sewing\" \/>\n<meta property=\"article:modified_time\" content=\"2025-09-23T13:29:57+00:00\" \/>\n<meta property=\"og:image\" content=\"https:\/\/makermauz.de\/wp-content\/uploads\/2025\/09\/Schnittmuster_Hunde-Bett-Alma_Maker-Mauz-Sewing_3_DE.jpg\" \/>\n\t<meta property=\"og:image:width\" content=\"1200\" \/>\n\t<meta property=\"og:image:height\" content=\"1200\" \/>\n\t<meta property=\"og:image:type\" content=\"image\/jpeg\" \/>\n<meta name=\"twitter:card\" content=\"summary_large_image\" \/>\n<meta name=\"twitter:label1\" content=\"Gesch\u00e4tzte Lesezeit\" \/>\n\t<meta name=\"twitter:data1\" content=\"2\u00a0Minuten\" \/>\n<script type=\"application\/ld+json\" class=\"yoast-schema-graph\">{\"@context\":\"https:\\\/\\\/schema.org\",\"@graph\":[{\"@type\":\"WebPage\",\"@id\":\"https:\\\/\\\/makermauz.de\\\/?product=hundebett-alma\",\"url\":\"https:\\\/\\\/makermauz.de\\\/?product=hundebett-alma\",\"name\":\"Schnittmuster Hundebett Alma von Maker Mauz Sewing\",\"isPartOf\":{\"@id\":\"https:\\\/\\\/makermauz.de\\\/#website\"},\"primaryImageOfPage\":{\"@id\":\"https:\\\/\\\/makermauz.de\\\/?product=hundebett-alma#primaryimage\"},\"image\":{\"@id\":\"https:\\\/\\\/makermauz.de\\\/?product=hundebett-alma#primaryimage\"},\"thumbnailUrl\":\"https:\\\/\\\/makermauz.de\\\/wp-content\\\/uploads\\\/2025\\\/09\\\/Schnittmuster_Hunde-Bett-Alma_Maker-Mauz-Sewing_3_DE.jpg\",\"datePublished\":\"2025-06-25T18:04:53+00:00\",\"dateModified\":\"2025-09-23T13:29:57+00:00\",\"description\":\"Das Schnittmuster Hundebett Alma enth\u00e4lt mehrere Gr\u00f6\u00dfen, sodass sowohl kleine Fellnasen als auch gr\u00f6\u00dfere Hunde bequem Platz finden.\",\"breadcrumb\":{\"@id\":\"https:\\\/\\\/makermauz.de\\\/?product=hundebett-alma#breadcrumb\"},\"inLanguage\":\"de\",\"potentialAction\":[{\"@type\":\"ReadAction\",\"target\":[\"https:\\\/\\\/makermauz.de\\\/?product=hundebett-alma\"]}]},{\"@type\":\"ImageObject\",\"inLanguage\":\"de\",\"@id\":\"https:\\\/\\\/makermauz.de\\\/?product=hundebett-alma#primaryimage\",\"url\":\"https:\\\/\\\/makermauz.de\\\/wp-content\\\/uploads\\\/2025\\\/09\\\/Schnittmuster_Hunde-Bett-Alma_Maker-Mauz-Sewing_3_DE.jpg\",\"contentUrl\":\"https:\\\/\\\/makermauz.de\\\/wp-content\\\/uploads\\\/2025\\\/09\\\/Schnittmuster_Hunde-Bett-Alma_Maker-Mauz-Sewing_3_DE.jpg\",\"width\":1200,\"height\":1200,\"caption\":\"Hundebett Alma Schnittmuster\"},{\"@type\":\"BreadcrumbList\",\"@id\":\"https:\\\/\\\/makermauz.de\\\/?product=hundebett-alma#breadcrumb\",\"itemListElement\":[{\"@type\":\"ListItem\",\"position\":1,\"name\":\"Startseite\",\"item\":\"https:\\\/\\\/makermauz.de\\\/\"},{\"@type\":\"ListItem\",\"position\":2,\"name\":\"Shop\",\"item\":\"https:\\\/\\\/makermauz.de\\\/?page_id=2666\"},{\"@type\":\"ListItem\",\"position\":3,\"name\":\"Hundebett \\\/ Katzenbett Alma\"}]},{\"@type\":\"WebSite\",\"@id\":\"https:\\\/\\\/makermauz.de\\\/#website\",\"url\":\"https:\\\/\\\/makermauz.de\\\/\",\"name\":\"Maker Mauz Sewing\",\"description\":\"N\u00e4hen lernen, Schnittmuster, N\u00e4hanleitungen, Plotterdateien, DIYs\",\"publisher\":{\"@id\":\"https:\\\/\\\/makermauz.de\\\/#\\\/schema\\\/person\\\/66099be1b4736a5fae4fdbba61fc3467\"},\"potentialAction\":[{\"@type\":\"SearchAction\",\"target\":{\"@type\":\"EntryPoint\",\"urlTemplate\":\"https:\\\/\\\/makermauz.de\\\/?s={search_term_string}\"},\"query-input\":{\"@type\":\"PropertyValueSpecification\",\"valueRequired\":true,\"valueName\":\"search_term_string\"}}],\"inLanguage\":\"de\"},{\"@type\":[\"Person\",\"Organization\"],\"@id\":\"https:\\\/\\\/makermauz.de\\\/#\\\/schema\\\/person\\\/66099be1b4736a5fae4fdbba61fc3467\",\"name\":\"Maker Mauz\",\"image\":{\"@type\":\"ImageObject\",\"inLanguage\":\"de\",\"@id\":\"https:\\\/\\\/secure.gravatar.com\\\/avatar\\\/d8220a7fcaab42a4ad29f49238f10b3cfff9d051acd6cc346f6a59384eed2871?s=96&d=mm&r=g\",\"url\":\"https:\\\/\\\/secure.gravatar.com\\\/avatar\\\/d8220a7fcaab42a4ad29f49238f10b3cfff9d051acd6cc346f6a59384eed2871?s=96&d=mm&r=g\",\"contentUrl\":\"https:\\\/\\\/secure.gravatar.com\\\/avatar\\\/d8220a7fcaab42a4ad29f49238f10b3cfff9d051acd6cc346f6a59384eed2871?s=96&d=mm&r=g\",\"caption\":\"Maker Mauz\"},\"logo\":{\"@id\":\"https:\\\/\\\/secure.gravatar.com\\\/avatar\\\/d8220a7fcaab42a4ad29f49238f10b3cfff9d051acd6cc346f6a59384eed2871?s=96&d=mm&r=g\"}}]}<\/script>\n<!-- \/ Yoast SEO plugin. -->","yoast_head_json":{"title":"Schnittmuster Hundebett Alma von Maker Mauz Sewing","description":"Das Schnittmuster Hundebett Alma enth\u00e4lt mehrere Gr\u00f6\u00dfen, sodass sowohl kleine Fellnasen als auch gr\u00f6\u00dfere Hunde bequem Platz finden.","robots":{"index":"index","follow":"follow","max-snippet":"max-snippet:-1","max-image-preview":"max-image-preview:large","max-video-preview":"max-video-preview:-1"},"canonical":"https:\/\/makermauz.de\/?product=hundebett-alma","og_locale":"de_DE","og_type":"article","og_title":"Schnittmuster Hundebett Alma von Maker Mauz Sewing","og_description":"Das Schnittmuster Hundebett Alma enth\u00e4lt mehrere Gr\u00f6\u00dfen, sodass sowohl kleine Fellnasen als auch gr\u00f6\u00dfere Hunde bequem Platz finden.","og_url":"https:\/\/makermauz.de\/?product=hundebett-alma","og_site_name":"Maker Mauz Sewing","article_modified_time":"2025-09-23T13:29:57+00:00","og_image":[{"width":1200,"height":1200,"url":"https:\/\/makermauz.de\/wp-content\/uploads\/2025\/09\/Schnittmuster_Hunde-Bett-Alma_Maker-Mauz-Sewing_3_DE.jpg","type":"image\/jpeg"}],"twitter_card":"summary_large_image","twitter_misc":{"Gesch\u00e4tzte Lesezeit":"2\u00a0Minuten"},"schema":{"@context":"https:\/\/schema.org","@graph":[{"@type":"WebPage","@id":"https:\/\/makermauz.de\/?product=hundebett-alma","url":"https:\/\/makermauz.de\/?product=hundebett-alma","name":"Schnittmuster Hundebett Alma von Maker Mauz Sewing","isPartOf":{"@id":"https:\/\/makermauz.de\/#website"},"primaryImageOfPage":{"@id":"https:\/\/makermauz.de\/?product=hundebett-alma#primaryimage"},"image":{"@id":"https:\/\/makermauz.de\/?product=hundebett-alma#primaryimage"},"thumbnailUrl":"https:\/\/makermauz.de\/wp-content\/uploads\/2025\/09\/Schnittmuster_Hunde-Bett-Alma_Maker-Mauz-Sewing_3_DE.jpg","datePublished":"2025-06-25T18:04:53+00:00","dateModified":"2025-09-23T13:29:57+00:00","description":"Das Schnittmuster Hundebett Alma enth\u00e4lt mehrere Gr\u00f6\u00dfen, sodass sowohl kleine Fellnasen als auch gr\u00f6\u00dfere Hunde bequem Platz finden.","breadcrumb":{"@id":"https:\/\/makermauz.de\/?product=hundebett-alma#breadcrumb"},"inLanguage":"de","potentialAction":[{"@type":"ReadAction","target":["https:\/\/makermauz.de\/?product=hundebett-alma"]}]},{"@type":"ImageObject","inLanguage":"de","@id":"https:\/\/makermauz.de\/?product=hundebett-alma#primaryimage","url":"https:\/\/makermauz.de\/wp-content\/uploads\/2025\/09\/Schnittmuster_Hunde-Bett-Alma_Maker-Mauz-Sewing_3_DE.jpg","contentUrl":"https:\/\/makermauz.de\/wp-content\/uploads\/2025\/09\/Schnittmuster_Hunde-Bett-Alma_Maker-Mauz-Sewing_3_DE.jpg","width":1200,"height":1200,"caption":"Hundebett Alma Schnittmuster"},{"@type":"BreadcrumbList","@id":"https:\/\/makermauz.de\/?product=hundebett-alma#breadcrumb","itemListElement":[{"@type":"ListItem","position":1,"name":"Startseite","item":"https:\/\/makermauz.de\/"},{"@type":"ListItem","position":2,"name":"Shop","item":"https:\/\/makermauz.de\/?page_id=2666"},{"@type":"ListItem","position":3,"name":"Hundebett \/ Katzenbett Alma"}]},{"@type":"WebSite","@id":"https:\/\/makermauz.de\/#website","url":"https:\/\/makermauz.de\/","name":"Maker Mauz Sewing","description":"N\u00e4hen lernen, Schnittmuster, N\u00e4hanleitungen, Plotterdateien, DIYs","publisher":{"@id":"https:\/\/makermauz.de\/#\/schema\/person\/66099be1b4736a5fae4fdbba61fc3467"},"potentialAction":[{"@type":"SearchAction","target":{"@type":"EntryPoint","urlTemplate":"https:\/\/makermauz.de\/?s={search_term_string}"},"query-input":{"@type":"PropertyValueSpecification","valueRequired":true,"valueName":"search_term_string"}}],"inLanguage":"de"},{"@type":["Person","Organization"],"@id":"https:\/\/makermauz.de\/#\/schema\/person\/66099be1b4736a5fae4fdbba61fc3467","name":"Maker Mauz","image":{"@type":"ImageObject","inLanguage":"de","@id":"https:\/\/secure.gravatar.com\/avatar\/d8220a7fcaab42a4ad29f49238f10b3cfff9d051acd6cc346f6a59384eed2871?s=96&d=mm&r=g","url":"https:\/\/secure.gravatar.com\/avatar\/d8220a7fcaab42a4ad29f49238f10b3cfff9d051acd6cc346f6a59384eed2871?s=96&d=mm&r=g","contentUrl":"https:\/\/secure.gravatar.com\/avatar\/d8220a7fcaab42a4ad29f49238f10b3cfff9d051acd6cc346f6a59384eed2871?s=96&d=mm&r=g","caption":"Maker Mauz"},"logo":{"@id":"https:\/\/secure.gravatar.com\/avatar\/d8220a7fcaab42a4ad29f49238f10b3cfff9d051acd6cc346f6a59384eed2871?s=96&d=mm&r=g"}}]}},"_links":{"self":[{"href":"https:\/\/makermauz.de\/index.php?rest_route=\/wp\/v2\/product\/8577","targetHints":{"allow":["GET"]}}],"collection":[{"href":"https:\/\/makermauz.de\/index.php?rest_route=\/wp\/v2\/product"}],"about":[{"href":"https:\/\/makermauz.de\/index.php?rest_route=\/wp\/v2\/types\/product"}],"replies":[{"embeddable":true,"href":"https:\/\/makermauz.de\/index.php?rest_route=%2Fwp%2Fv2%2Fcomments&post=8577"}],"version-history":[{"count":22,"href":"https:\/\/makermauz.de\/index.php?rest_route=\/wp\/v2\/product\/8577\/revisions"}],"predecessor-version":[{"id":9126,"href":"https:\/\/makermauz.de\/index.php?rest_route=\/wp\/v2\/product\/8577\/revisions\/9126"}],"wp:featuredmedia":[{"embeddable":true,"href":"https:\/\/makermauz.de\/index.php?rest_route=\/wp\/v2\/media\/8678"}],"wp:attachment":[{"href":"https:\/\/makermauz.de\/index.php?rest_route=%2Fwp%2Fv2%2Fmedia&parent=8577"}],"wp:term":[{"taxonomy":"product_brand","embeddable":true,"href":"https:\/\/makermauz.de\/index.php?rest_route=%2Fwp%2Fv2%2Fproduct_brand&post=8577"},{"taxonomy":"product_cat","embeddable":true,"href":"https:\/\/makermauz.de\/index.php?rest_route=%2Fwp%2Fv2%2Fproduct_cat&post=8577"},{"taxonomy":"product_tag","embeddable":true,"href":"https:\/\/makermauz.de\/index.php?rest_route=%2Fwp%2Fv2%2Fproduct_tag&post=8577"}],"curies":[{"name":"wp","href":"https:\/\/api.w.org\/{rel}","templated":true}]}}