{"id":7530,"date":"2024-07-20T10:07:52","date_gmt":"2024-07-20T10:07:52","guid":{"rendered":"https:\/\/makermauz.de\/?post_type=product&#038;p=7530"},"modified":"2025-09-12T15:32:27","modified_gmt":"2025-09-12T15:32:27","slug":"set-jogginghose-hoodie-fur-frau-und-mann","status":"publish","type":"product","link":"https:\/\/makermauz.de\/?product=set-jogginghose-hoodie-fur-frau-und-mann","title":{"rendered":"Set Jogginghose + Hoodie f\u00fcr Frau und Mann"},"content":{"rendered":"\t\t<div data-elementor-type=\"wp-post\" data-elementor-id=\"7530\" class=\"elementor elementor-7530\">\n\t\t\t\t\t\t<section class=\"elementor-section elementor-top-section elementor-element elementor-element-c0efce1 elementor-section-boxed elementor-section-height-default elementor-section-height-default\" data-id=\"c0efce1\" data-element_type=\"section\" data-e-type=\"section\">\n\t\t\t\t\t\t<div class=\"elementor-container elementor-column-gap-default\">\n\t\t\t\t\t<div class=\"elementor-column elementor-col-100 elementor-top-column elementor-element elementor-element-513d263e\" data-id=\"513d263e\" data-element_type=\"column\" data-e-type=\"column\">\n\t\t\t<div class=\"elementor-widget-wrap elementor-element-populated\">\n\t\t\t\t\t\t<div class=\"elementor-element elementor-element-786b3925 elementor-widget elementor-widget-text-editor\" data-id=\"786b3925\" data-element_type=\"widget\" data-e-type=\"widget\" data-widget_type=\"text-editor.default\">\n\t\t\t\t<div class=\"elementor-widget-container\">\n\t\t\t\t\t\t\t\t\t<p>Hier bekommst du das Schnittmuster Set Pullover Hoodie Nafia (Weiblich) und Nafi (M\u00e4nnlich) + Jogginghose Laiska (Weiblich) und Manoah (M\u00e4nnlich) im Sparpaket.<\/p><p>Der lang\u00e4rmlige Pullover kann mit Halsb\u00fcndchen oder als Hoodie mit Kapuze gen\u00e4ht werden. Die Kapuze kannst du mit \u00d6sen und einer Kordel verzieren. Au\u00dferdem hast du die Wahl zwischen einer Beuteltasche, keiner Tasche oder zwei seitlichen Taschen. Kombiniere nach Lust und Laune die Varianten untereinander. Der Schnitt f\u00e4llt eng und tailliert aus.<\/p><p>Die Jogginghose kann sowohl als kurze als auch als lange Hose gen\u00e4ht werden. W\u00e4hle zwischen eleganten Leistentaschen mit oder ohne Rei\u00dfverschluss, praktischen Rei\u00dfverschlusstaschen oder einer schlichten Variante ohne Taschen. Die lange Jogginghose ist mit einem gem\u00fctlichen Beinb\u00fcndchen versehen, w\u00e4hrend die kurze Hose mit einem Saum \u00fcberzeugt. Der elastische Hosenbund besteht aus zwei Gummib\u00e4ndern und einer Kordel, die durch \u00d6sen oder Knopfl\u00f6cher gef\u00e4delt wird. Lasse deiner Kreativit\u00e4t freien Lauf und kombiniere die verschiedenen Varianten ganz nach deinem pers\u00f6nlichen Stil.<\/p><p><a href=\"https:\/\/makermauz.de\/wp-content\/uploads\/woocommerce_uploads\/2024\/05\/Probenaehen-Pullover-Hoodie-Nafi-von-Maker-Mauz-Sewing-wzl0qi.pdf\">L<\/a><a href=\"https:\/\/makermauz.de\/wp-content\/uploads\/2024\/05\/Probenaehen-Pullover-Hoodie-Nafi-von-Maker-Mauz-Sewing-wzl0qi.pdf\" target=\"_blank\" rel=\"noopener\">ookbook Pullover Hoodie Nafi<\/a><br \/><a href=\"https:\/\/makermauz.de\/wp-content\/uploads\/2023\/01\/Probenaehbeispiele-Pullover-Hoodie-Nafia-von-Maker-Mauz-Sewing.pdf\">Lookbook\u00a0Pullover Hoodie Nafia<\/a><br \/><a href=\"https:\/\/makermauz.de\/wp-content\/uploads\/2024\/07\/Probenaehen-Jogginghose-Manoah-von-Maker-Mauz-Sewing.pdf\">Lookbook Jogginghose Manoah<\/a><br \/><a href=\"https:\/\/makermauz.de\/wp-content\/uploads\/2024\/07\/Probenaehen-Jogginghose-Laiska-von-Maker-Mauz-Sewing.pdf\">Lookbook Jogginghose Laiska<\/a><\/p><p><strong>N\u00e4hschwierigkeit Leicht: <\/strong><\/p><p>Ben\u00f6tigt etwas Erfahrung (2 von 4)<\/p><p><strong>Das bekommst du:<\/strong><\/p><ul><li>Schnittmuster in A4 zum Ausdrucken und Zusammenkleben mit Ebenen (im PDF Format)<\/li><li>Schnittmuster in A0 zum Ausdrucken mit Ebenen (im PDF Format)<\/li><li>Ausf\u00fchrliche Schritt f\u00fcr Schritt Anleitung (im PDF Format)<\/li><li>\u00a0YouTube Video Tutorial zum Schnittmuster\u00a0<\/li><\/ul><div><p><strong>Ben\u00f6tigtes Material:\u00a0<\/strong><\/p><\/div><ul><li>Stoffempfehlung: Sweatstoff<\/li><li>Innentaschen Optional aus leichtem Jersey und\/oder B\u00fcndchenstoff<\/li><li>2 \u00d6sen oder Knopfl\u00f6cher<\/li><li>Gummiband 1,2 &#8211; 1,5 cm breit und ca. 200 &#8211; 300 cm lang<\/li><li>150 &#8211; 200 cm lange Kordel<\/li><li>Vlies, z.B. H180 oder H200 f\u00fcr Innentaschen<\/li><li>0-4 Rei\u00dfverschl\u00fcsse je nach Version<\/li><\/ul><div>\u00a0<\/div><div><div><strong>Ma\u00dfe:<\/strong><\/div><div><strong>\u00a0<\/strong><\/div><div>F\u00fcr die richtige Wahl der K\u00f6rperma\u00dfe, solltest du dich vorher messen. W\u00e4hle nach den Angaben im Schnittmuster die ben\u00f6tigte Gr\u00f6\u00dfe.<\/div><\/div>\t\t\t\t\t\t\t\t<\/div>\n\t\t\t\t<\/div>\n\t\t\t\t<div class=\"elementor-element elementor-element-391889c elementor-widget-divider--separator-type-pattern elementor-widget-divider--view-line elementor-widget elementor-widget-divider\" data-id=\"391889c\" data-element_type=\"widget\" data-e-type=\"widget\" data-widget_type=\"divider.default\">\n\t\t\t\t<div class=\"elementor-widget-container\">\n\t\t\t\t\t\t\t<div class=\"elementor-divider\" style=\"--divider-pattern-url: url(&quot;data:image\/svg+xml,%3Csvg xmlns=&#039;http:\/\/www.w3.org\/2000\/svg&#039; preserveAspectRatio=&#039;none&#039; overflow=&#039;visible&#039; height=&#039;100%&#039; viewBox=&#039;0 0 24 24&#039; fill=&#039;none&#039; stroke=&#039;black&#039; stroke-width=&#039;1&#039; stroke-linecap=&#039;square&#039; stroke-miterlimit=&#039;10&#039;%3E%3Cpolyline points=&#039;0,18 12,6 24,18 &#039;\/%3E%3C\/svg%3E&quot;);\">\n\t\t\t<span class=\"elementor-divider-separator\">\n\t\t\t\t\t\t<\/span>\n\t\t<\/div>\n\t\t\t\t\t\t<\/div>\n\t\t\t\t<\/div>\n\t\t\t\t\t<\/div>\n\t\t<\/div>\n\t\t\t\t\t<\/div>\n\t\t<\/section>\n\t\t\t\t<section class=\"elementor-section elementor-top-section elementor-element elementor-element-1545887 elementor-section-boxed elementor-section-height-default elementor-section-height-default\" data-id=\"1545887\" data-element_type=\"section\" data-e-type=\"section\">\n\t\t\t\t\t\t<div class=\"elementor-container elementor-column-gap-default\">\n\t\t\t\t\t<div class=\"elementor-column elementor-col-50 elementor-top-column elementor-element elementor-element-d9ac30f\" data-id=\"d9ac30f\" data-element_type=\"column\" data-e-type=\"column\" data-settings=\"{&quot;background_background&quot;:&quot;gradient&quot;}\">\n\t\t\t<div class=\"elementor-widget-wrap elementor-element-populated\">\n\t\t\t\t\t\t<div class=\"elementor-element elementor-element-eca1314 elementor-widget elementor-widget-text-editor\" data-id=\"eca1314\" data-element_type=\"widget\" data-e-type=\"widget\" data-widget_type=\"text-editor.default\">\n\t\t\t\t<div class=\"elementor-widget-container\">\n\t\t\t\t\t\t\t\t\t<h2 style=\"text-align: center;\"><span style=\"background-color: transparent;\">Videoanleitung <\/span>Pullover Hoodie Nafi + Nafia<\/h2><p style=\"text-align: center;\">Zus\u00e4tzlich zur PDF Anleitung werden dir die Arbeitsschritte, die du zum N\u00e4hen des Pullovers oder Hoodies ben\u00f6tigst, in diesem Video noch mal Schritt f\u00fcr Schritt erkl\u00e4rt. Dieses Video zeigt zwar die Frauenvariante, aber die N\u00e4hschritte sind die gleichen f\u00fcr beide Varianten.<\/p><p style=\"text-align: center;\">Weitere N\u00e4hvideos findest du auf meinem\u00a0<a href=\"https:\/\/www.youtube.com\/c\/makermauzsewing\" target=\"_blank\" rel=\"noopener\">YouTube-Kanal Maker Mauz Sewing<\/a><\/p>\t\t\t\t\t\t\t\t<\/div>\n\t\t\t\t<\/div>\n\t\t\t\t\t<\/div>\n\t\t<\/div>\n\t\t\t\t<div class=\"elementor-column elementor-col-50 elementor-top-column elementor-element elementor-element-b4398ca\" data-id=\"b4398ca\" data-element_type=\"column\" data-e-type=\"column\" data-settings=\"{&quot;background_background&quot;:&quot;gradient&quot;}\">\n\t\t\t<div class=\"elementor-widget-wrap elementor-element-populated\">\n\t\t\t\t\t\t<div class=\"elementor-element elementor-element-6147d4f elementor-widget__width-inherit elementor-widget elementor-widget-video\" data-id=\"6147d4f\" data-element_type=\"widget\" data-e-type=\"widget\" data-settings=\"{&quot;youtube_url&quot;:&quot;https:\\\/\\\/youtu.be\\\/yHWH2CVlV9Y&quot;,&quot;video_type&quot;:&quot;youtube&quot;,&quot;controls&quot;:&quot;yes&quot;}\" data-widget_type=\"video.default\">\n\t\t\t\t<div class=\"elementor-widget-container\">\n\t\t\t\t\t\t\t<div class=\"elementor-wrapper elementor-open-inline\">\n\t\t\t<div class=\"elementor-video\"><\/div>\t\t<\/div>\n\t\t\t\t\t\t<\/div>\n\t\t\t\t<\/div>\n\t\t\t\t\t<\/div>\n\t\t<\/div>\n\t\t\t\t\t<\/div>\n\t\t<\/section>\n\t\t<div class=\"elementor-element elementor-element-deff068 e-flex e-con-boxed e-con e-parent\" data-id=\"deff068\" data-element_type=\"container\" data-e-type=\"container\">\n\t\t\t\t\t<div class=\"e-con-inner\">\n\t\t\t\t<div class=\"elementor-element elementor-element-896960c elementor-widget-divider--separator-type-pattern elementor-widget-divider--view-line elementor-widget elementor-widget-divider\" data-id=\"896960c\" data-element_type=\"widget\" data-e-type=\"widget\" data-widget_type=\"divider.default\">\n\t\t\t\t<div class=\"elementor-widget-container\">\n\t\t\t\t\t\t\t<div class=\"elementor-divider\" style=\"--divider-pattern-url: url(&quot;data:image\/svg+xml,%3Csvg xmlns=&#039;http:\/\/www.w3.org\/2000\/svg&#039; preserveAspectRatio=&#039;none&#039; overflow=&#039;visible&#039; height=&#039;100%&#039; viewBox=&#039;0 0 24 24&#039; fill=&#039;none&#039; stroke=&#039;black&#039; stroke-width=&#039;1&#039; stroke-linecap=&#039;square&#039; stroke-miterlimit=&#039;10&#039;%3E%3Cpolyline points=&#039;0,18 12,6 24,18 &#039;\/%3E%3C\/svg%3E&quot;);\">\n\t\t\t<span class=\"elementor-divider-separator\">\n\t\t\t\t\t\t<\/span>\n\t\t<\/div>\n\t\t\t\t\t\t<\/div>\n\t\t\t\t<\/div>\n\t\t\t\t\t<\/div>\n\t\t\t\t<\/div>\n\t\t\t\t<section class=\"elementor-section elementor-top-section elementor-element elementor-element-aaedbc4 elementor-section-boxed elementor-section-height-default elementor-section-height-default\" data-id=\"aaedbc4\" data-element_type=\"section\" data-e-type=\"section\">\n\t\t\t\t\t\t<div class=\"elementor-container elementor-column-gap-default\">\n\t\t\t\t\t<div class=\"elementor-column elementor-col-50 elementor-top-column elementor-element elementor-element-d20cd55\" data-id=\"d20cd55\" data-element_type=\"column\" data-e-type=\"column\" data-settings=\"{&quot;background_background&quot;:&quot;gradient&quot;}\">\n\t\t\t<div class=\"elementor-widget-wrap elementor-element-populated\">\n\t\t\t\t\t\t<div class=\"elementor-element elementor-element-ce28419 elementor-widget__width-inherit elementor-widget elementor-widget-video\" data-id=\"ce28419\" data-element_type=\"widget\" data-e-type=\"widget\" data-settings=\"{&quot;youtube_url&quot;:&quot;https:\\\/\\\/youtu.be\\\/e6xsrtKaNmY&quot;,&quot;video_type&quot;:&quot;youtube&quot;,&quot;controls&quot;:&quot;yes&quot;}\" data-widget_type=\"video.default\">\n\t\t\t\t<div class=\"elementor-widget-container\">\n\t\t\t\t\t\t\t<div class=\"elementor-wrapper elementor-open-inline\">\n\t\t\t<div class=\"elementor-video\"><\/div>\t\t<\/div>\n\t\t\t\t\t\t<\/div>\n\t\t\t\t<\/div>\n\t\t\t\t\t<\/div>\n\t\t<\/div>\n\t\t\t\t<div class=\"elementor-column elementor-col-50 elementor-top-column elementor-element elementor-element-b039f99\" data-id=\"b039f99\" data-element_type=\"column\" data-e-type=\"column\" data-settings=\"{&quot;background_background&quot;:&quot;gradient&quot;}\">\n\t\t\t<div class=\"elementor-widget-wrap elementor-element-populated\">\n\t\t\t\t\t\t<div class=\"elementor-element elementor-element-07cea8e elementor-widget elementor-widget-text-editor\" data-id=\"07cea8e\" data-element_type=\"widget\" data-e-type=\"widget\" data-widget_type=\"text-editor.default\">\n\t\t\t\t<div class=\"elementor-widget-container\">\n\t\t\t\t\t\t\t\t\t<h2 style=\"text-align: center;\"><span style=\"background-color: transparent;\">Videoanleitung <\/span>Jogginghose Laiska + Manoah<\/h2><p style=\"text-align: center;\">Zus\u00e4tzlich zur PDF Anleitung werden dir die Arbeitsschritte, die du zum N\u00e4hen der Jogginghose ben\u00f6tigst, in diesem Video noch mal Schritt f\u00fcr Schritt erkl\u00e4rt. Dieses Video zeigt zwar die Frauenvariante, aber die N\u00e4hschritte sind die gleichen f\u00fcr beide Varianten.<\/p><p style=\"text-align: center;\">Weitere N\u00e4hvideos findest du auf meinem\u00a0<a href=\"https:\/\/www.youtube.com\/c\/makermauzsewing\" target=\"_blank\" rel=\"noopener\">YouTube-Kanal Maker Mauz Sewing<\/a><\/p>\t\t\t\t\t\t\t\t<\/div>\n\t\t\t\t<\/div>\n\t\t\t\t\t<\/div>\n\t\t<\/div>\n\t\t\t\t\t<\/div>\n\t\t<\/section>\n\t\t<div class=\"elementor-element elementor-element-961e951 e-flex e-con-boxed e-con e-parent\" data-id=\"961e951\" data-element_type=\"container\" data-e-type=\"container\">\n\t\t\t\t\t<div class=\"e-con-inner\">\n\t\t\t\t<div class=\"elementor-element elementor-element-af7b32a elementor-widget-divider--separator-type-pattern elementor-widget-divider--view-line elementor-widget elementor-widget-divider\" data-id=\"af7b32a\" data-element_type=\"widget\" data-e-type=\"widget\" data-widget_type=\"divider.default\">\n\t\t\t\t<div class=\"elementor-widget-container\">\n\t\t\t\t\t\t\t<div class=\"elementor-divider\" style=\"--divider-pattern-url: url(&quot;data:image\/svg+xml,%3Csvg xmlns=&#039;http:\/\/www.w3.org\/2000\/svg&#039; preserveAspectRatio=&#039;none&#039; overflow=&#039;visible&#039; height=&#039;100%&#039; viewBox=&#039;0 0 24 24&#039; fill=&#039;none&#039; stroke=&#039;black&#039; stroke-width=&#039;1&#039; stroke-linecap=&#039;square&#039; stroke-miterlimit=&#039;10&#039;%3E%3Cpolyline points=&#039;0,18 12,6 24,18 &#039;\/%3E%3C\/svg%3E&quot;);\">\n\t\t\t<span class=\"elementor-divider-separator\">\n\t\t\t\t\t\t<\/span>\n\t\t<\/div>\n\t\t\t\t\t\t<\/div>\n\t\t\t\t<\/div>\n\t\t\t\t\t<\/div>\n\t\t\t\t<\/div>\n\t\t\t\t<\/div>\n\t\t","protected":false},"excerpt":{"rendered":"<ul>\n<li>PDF-Schnittmuster und N\u00e4hanleitung zum selber Ausdrucken, versandkostenfrei<\/li>\n<li>Sofort zum Download verf\u00fcgbar<\/li>\n<li>N\u00e4hschwierigkeit Leicht: Ben\u00f6tigt etwas Erfahrung (2 von 4)<\/li>\n<\/ul>\n","protected":false},"featured_media":7534,"comment_status":"open","ping_status":"closed","template":"elementor_theme","meta":{"om_disable_all_campaigns":false,"kt_blocks_editor_width":"","_monsterinsights_skip_tracking":false,"_monsterinsights_sitenote_active":false,"_monsterinsights_sitenote_note":"","_monsterinsights_sitenote_category":0,"_links_to":"","_links_to_target":""},"product_brand":[],"product_cat":[114,166,151,143,109],"product_tag":[119,168],"class_list":{"0":"post-7530","1":"product","2":"type-product","3":"status-publish","4":"has-post-thumbnail","6":"product_cat-damen","7":"product_cat-schnittmuster-herren","8":"product_cat-pullover-hoodies","9":"product_cat-roecke-hosen","10":"product_cat-schnittmuster","11":"product_tag-naehen","12":"product_tag-schnittmuster","14":"first","15":"instock","16":"downloadable","17":"virtual","18":"sold-individually","19":"purchasable","20":"product-type-simple"},"yoast_head":"<!-- This site is optimized with the Yoast SEO plugin v27.6 - https:\/\/yoast.com\/product\/yoast-seo-wordpress\/ -->\n<title>Schnittmuster Set Jogginghose + Hoodie f\u00fcr Frau und Mann<\/title>\n<meta name=\"description\" content=\"Hier bekommst du das Schnittmuster Set Pullover Hoodie Nafia (Frau) + Nafi (Mann) und die Jogginghose Laiska (Frau) und Manoah (Mann) im Sparparket.\" \/>\n<meta name=\"robots\" content=\"index, follow, max-snippet:-1, max-image-preview:large, max-video-preview:-1\" \/>\n<link rel=\"canonical\" href=\"https:\/\/makermauz.de\/?product=set-jogginghose-hoodie-fur-frau-und-mann\" \/>\n<meta property=\"og:locale\" content=\"de_DE\" \/>\n<meta property=\"og:type\" content=\"article\" \/>\n<meta property=\"og:title\" content=\"Schnittmuster Set Jogginghose + Hoodie f\u00fcr Frau und Mann\" \/>\n<meta property=\"og:description\" content=\"Hier bekommst du das Schnittmuster Set Pullover Hoodie Nafia (Frau) + Nafi (Mann) und die Jogginghose Laiska (Frau) und Manoah (Mann) im Sparparket.\" \/>\n<meta property=\"og:url\" content=\"https:\/\/makermauz.de\/?product=set-jogginghose-hoodie-fur-frau-und-mann\" \/>\n<meta property=\"og:site_name\" content=\"Maker Mauz Sewing\" \/>\n<meta property=\"article:modified_time\" content=\"2025-09-12T15:32:27+00:00\" \/>\n<meta property=\"og:image\" content=\"https:\/\/makermauz.de\/wp-content\/uploads\/2024\/07\/schnittmuster_Jogginghose_Nafi_Nafia_Laiska_Manoah_Set_maker-mauz-sewing.jpg\" \/>\n\t<meta property=\"og:image:width\" content=\"1000\" \/>\n\t<meta property=\"og:image:height\" content=\"1000\" \/>\n\t<meta property=\"og:image:type\" content=\"image\/jpeg\" \/>\n<meta name=\"twitter:card\" content=\"summary_large_image\" \/>\n<meta name=\"twitter:label1\" content=\"Gesch\u00e4tzte Lesezeit\" \/>\n\t<meta name=\"twitter:data1\" content=\"3\u00a0Minuten\" \/>\n<script type=\"application\/ld+json\" class=\"yoast-schema-graph\">{\"@context\":\"https:\\\/\\\/schema.org\",\"@graph\":[{\"@type\":\"WebPage\",\"@id\":\"https:\\\/\\\/makermauz.de\\\/?product=set-jogginghose-hoodie-fur-frau-und-mann\",\"url\":\"https:\\\/\\\/makermauz.de\\\/?product=set-jogginghose-hoodie-fur-frau-und-mann\",\"name\":\"Schnittmuster Set Jogginghose + Hoodie f\u00fcr Frau und Mann\",\"isPartOf\":{\"@id\":\"https:\\\/\\\/makermauz.de\\\/#website\"},\"primaryImageOfPage\":{\"@id\":\"https:\\\/\\\/makermauz.de\\\/?product=set-jogginghose-hoodie-fur-frau-und-mann#primaryimage\"},\"image\":{\"@id\":\"https:\\\/\\\/makermauz.de\\\/?product=set-jogginghose-hoodie-fur-frau-und-mann#primaryimage\"},\"thumbnailUrl\":\"https:\\\/\\\/makermauz.de\\\/wp-content\\\/uploads\\\/2024\\\/07\\\/schnittmuster_Jogginghose_Nafi_Nafia_Laiska_Manoah_Set_maker-mauz-sewing.jpg\",\"datePublished\":\"2024-07-20T10:07:52+00:00\",\"dateModified\":\"2025-09-12T15:32:27+00:00\",\"description\":\"Hier bekommst du das Schnittmuster Set Pullover Hoodie Nafia (Frau) + Nafi (Mann) und die Jogginghose Laiska (Frau) und Manoah (Mann) im Sparparket.\",\"breadcrumb\":{\"@id\":\"https:\\\/\\\/makermauz.de\\\/?product=set-jogginghose-hoodie-fur-frau-und-mann#breadcrumb\"},\"inLanguage\":\"de\",\"potentialAction\":[{\"@type\":\"ReadAction\",\"target\":[\"https:\\\/\\\/makermauz.de\\\/?product=set-jogginghose-hoodie-fur-frau-und-mann\"]}]},{\"@type\":\"ImageObject\",\"inLanguage\":\"de\",\"@id\":\"https:\\\/\\\/makermauz.de\\\/?product=set-jogginghose-hoodie-fur-frau-und-mann#primaryimage\",\"url\":\"https:\\\/\\\/makermauz.de\\\/wp-content\\\/uploads\\\/2024\\\/07\\\/schnittmuster_Jogginghose_Nafi_Nafia_Laiska_Manoah_Set_maker-mauz-sewing.jpg\",\"contentUrl\":\"https:\\\/\\\/makermauz.de\\\/wp-content\\\/uploads\\\/2024\\\/07\\\/schnittmuster_Jogginghose_Nafi_Nafia_Laiska_Manoah_Set_maker-mauz-sewing.jpg\",\"width\":1000,\"height\":1000,\"caption\":\"Jogginghose und Hoodie f\u00fcr Frau und Mann\"},{\"@type\":\"BreadcrumbList\",\"@id\":\"https:\\\/\\\/makermauz.de\\\/?product=set-jogginghose-hoodie-fur-frau-und-mann#breadcrumb\",\"itemListElement\":[{\"@type\":\"ListItem\",\"position\":1,\"name\":\"Startseite\",\"item\":\"https:\\\/\\\/makermauz.de\\\/\"},{\"@type\":\"ListItem\",\"position\":2,\"name\":\"Shop\",\"item\":\"https:\\\/\\\/makermauz.de\\\/?page_id=2666\"},{\"@type\":\"ListItem\",\"position\":3,\"name\":\"Set Jogginghose + Hoodie f\u00fcr Frau und Mann\"}]},{\"@type\":\"WebSite\",\"@id\":\"https:\\\/\\\/makermauz.de\\\/#website\",\"url\":\"https:\\\/\\\/makermauz.de\\\/\",\"name\":\"Maker Mauz Sewing\",\"description\":\"N\u00e4hen lernen, Schnittmuster, N\u00e4hanleitungen, Plotterdateien, DIYs\",\"publisher\":{\"@id\":\"https:\\\/\\\/makermauz.de\\\/#\\\/schema\\\/person\\\/66099be1b4736a5fae4fdbba61fc3467\"},\"potentialAction\":[{\"@type\":\"SearchAction\",\"target\":{\"@type\":\"EntryPoint\",\"urlTemplate\":\"https:\\\/\\\/makermauz.de\\\/?s={search_term_string}\"},\"query-input\":{\"@type\":\"PropertyValueSpecification\",\"valueRequired\":true,\"valueName\":\"search_term_string\"}}],\"inLanguage\":\"de\"},{\"@type\":[\"Person\",\"Organization\"],\"@id\":\"https:\\\/\\\/makermauz.de\\\/#\\\/schema\\\/person\\\/66099be1b4736a5fae4fdbba61fc3467\",\"name\":\"Maker Mauz\",\"image\":{\"@type\":\"ImageObject\",\"inLanguage\":\"de\",\"@id\":\"https:\\\/\\\/secure.gravatar.com\\\/avatar\\\/d8220a7fcaab42a4ad29f49238f10b3cfff9d051acd6cc346f6a59384eed2871?s=96&d=mm&r=g\",\"url\":\"https:\\\/\\\/secure.gravatar.com\\\/avatar\\\/d8220a7fcaab42a4ad29f49238f10b3cfff9d051acd6cc346f6a59384eed2871?s=96&d=mm&r=g\",\"contentUrl\":\"https:\\\/\\\/secure.gravatar.com\\\/avatar\\\/d8220a7fcaab42a4ad29f49238f10b3cfff9d051acd6cc346f6a59384eed2871?s=96&d=mm&r=g\",\"caption\":\"Maker Mauz\"},\"logo\":{\"@id\":\"https:\\\/\\\/secure.gravatar.com\\\/avatar\\\/d8220a7fcaab42a4ad29f49238f10b3cfff9d051acd6cc346f6a59384eed2871?s=96&d=mm&r=g\"}}]}<\/script>\n<!-- \/ Yoast SEO plugin. -->","yoast_head_json":{"title":"Schnittmuster Set Jogginghose + Hoodie f\u00fcr Frau und Mann","description":"Hier bekommst du das Schnittmuster Set Pullover Hoodie Nafia (Frau) + Nafi (Mann) und die Jogginghose Laiska (Frau) und Manoah (Mann) im Sparparket.","robots":{"index":"index","follow":"follow","max-snippet":"max-snippet:-1","max-image-preview":"max-image-preview:large","max-video-preview":"max-video-preview:-1"},"canonical":"https:\/\/makermauz.de\/?product=set-jogginghose-hoodie-fur-frau-und-mann","og_locale":"de_DE","og_type":"article","og_title":"Schnittmuster Set Jogginghose + Hoodie f\u00fcr Frau und Mann","og_description":"Hier bekommst du das Schnittmuster Set Pullover Hoodie Nafia (Frau) + Nafi (Mann) und die Jogginghose Laiska (Frau) und Manoah (Mann) im Sparparket.","og_url":"https:\/\/makermauz.de\/?product=set-jogginghose-hoodie-fur-frau-und-mann","og_site_name":"Maker Mauz Sewing","article_modified_time":"2025-09-12T15:32:27+00:00","og_image":[{"width":1000,"height":1000,"url":"https:\/\/makermauz.de\/wp-content\/uploads\/2024\/07\/schnittmuster_Jogginghose_Nafi_Nafia_Laiska_Manoah_Set_maker-mauz-sewing.jpg","type":"image\/jpeg"}],"twitter_card":"summary_large_image","twitter_misc":{"Gesch\u00e4tzte Lesezeit":"3\u00a0Minuten"},"schema":{"@context":"https:\/\/schema.org","@graph":[{"@type":"WebPage","@id":"https:\/\/makermauz.de\/?product=set-jogginghose-hoodie-fur-frau-und-mann","url":"https:\/\/makermauz.de\/?product=set-jogginghose-hoodie-fur-frau-und-mann","name":"Schnittmuster Set Jogginghose + Hoodie f\u00fcr Frau und Mann","isPartOf":{"@id":"https:\/\/makermauz.de\/#website"},"primaryImageOfPage":{"@id":"https:\/\/makermauz.de\/?product=set-jogginghose-hoodie-fur-frau-und-mann#primaryimage"},"image":{"@id":"https:\/\/makermauz.de\/?product=set-jogginghose-hoodie-fur-frau-und-mann#primaryimage"},"thumbnailUrl":"https:\/\/makermauz.de\/wp-content\/uploads\/2024\/07\/schnittmuster_Jogginghose_Nafi_Nafia_Laiska_Manoah_Set_maker-mauz-sewing.jpg","datePublished":"2024-07-20T10:07:52+00:00","dateModified":"2025-09-12T15:32:27+00:00","description":"Hier bekommst du das Schnittmuster Set Pullover Hoodie Nafia (Frau) + Nafi (Mann) und die Jogginghose Laiska (Frau) und Manoah (Mann) im Sparparket.","breadcrumb":{"@id":"https:\/\/makermauz.de\/?product=set-jogginghose-hoodie-fur-frau-und-mann#breadcrumb"},"inLanguage":"de","potentialAction":[{"@type":"ReadAction","target":["https:\/\/makermauz.de\/?product=set-jogginghose-hoodie-fur-frau-und-mann"]}]},{"@type":"ImageObject","inLanguage":"de","@id":"https:\/\/makermauz.de\/?product=set-jogginghose-hoodie-fur-frau-und-mann#primaryimage","url":"https:\/\/makermauz.de\/wp-content\/uploads\/2024\/07\/schnittmuster_Jogginghose_Nafi_Nafia_Laiska_Manoah_Set_maker-mauz-sewing.jpg","contentUrl":"https:\/\/makermauz.de\/wp-content\/uploads\/2024\/07\/schnittmuster_Jogginghose_Nafi_Nafia_Laiska_Manoah_Set_maker-mauz-sewing.jpg","width":1000,"height":1000,"caption":"Jogginghose und Hoodie f\u00fcr Frau und Mann"},{"@type":"BreadcrumbList","@id":"https:\/\/makermauz.de\/?product=set-jogginghose-hoodie-fur-frau-und-mann#breadcrumb","itemListElement":[{"@type":"ListItem","position":1,"name":"Startseite","item":"https:\/\/makermauz.de\/"},{"@type":"ListItem","position":2,"name":"Shop","item":"https:\/\/makermauz.de\/?page_id=2666"},{"@type":"ListItem","position":3,"name":"Set Jogginghose + Hoodie f\u00fcr Frau und Mann"}]},{"@type":"WebSite","@id":"https:\/\/makermauz.de\/#website","url":"https:\/\/makermauz.de\/","name":"Maker Mauz Sewing","description":"N\u00e4hen lernen, Schnittmuster, N\u00e4hanleitungen, Plotterdateien, DIYs","publisher":{"@id":"https:\/\/makermauz.de\/#\/schema\/person\/66099be1b4736a5fae4fdbba61fc3467"},"potentialAction":[{"@type":"SearchAction","target":{"@type":"EntryPoint","urlTemplate":"https:\/\/makermauz.de\/?s={search_term_string}"},"query-input":{"@type":"PropertyValueSpecification","valueRequired":true,"valueName":"search_term_string"}}],"inLanguage":"de"},{"@type":["Person","Organization"],"@id":"https:\/\/makermauz.de\/#\/schema\/person\/66099be1b4736a5fae4fdbba61fc3467","name":"Maker Mauz","image":{"@type":"ImageObject","inLanguage":"de","@id":"https:\/\/secure.gravatar.com\/avatar\/d8220a7fcaab42a4ad29f49238f10b3cfff9d051acd6cc346f6a59384eed2871?s=96&d=mm&r=g","url":"https:\/\/secure.gravatar.com\/avatar\/d8220a7fcaab42a4ad29f49238f10b3cfff9d051acd6cc346f6a59384eed2871?s=96&d=mm&r=g","contentUrl":"https:\/\/secure.gravatar.com\/avatar\/d8220a7fcaab42a4ad29f49238f10b3cfff9d051acd6cc346f6a59384eed2871?s=96&d=mm&r=g","caption":"Maker Mauz"},"logo":{"@id":"https:\/\/secure.gravatar.com\/avatar\/d8220a7fcaab42a4ad29f49238f10b3cfff9d051acd6cc346f6a59384eed2871?s=96&d=mm&r=g"}}]}},"_links":{"self":[{"href":"https:\/\/makermauz.de\/index.php?rest_route=\/wp\/v2\/product\/7530","targetHints":{"allow":["GET"]}}],"collection":[{"href":"https:\/\/makermauz.de\/index.php?rest_route=\/wp\/v2\/product"}],"about":[{"href":"https:\/\/makermauz.de\/index.php?rest_route=\/wp\/v2\/types\/product"}],"replies":[{"embeddable":true,"href":"https:\/\/makermauz.de\/index.php?rest_route=%2Fwp%2Fv2%2Fcomments&post=7530"}],"version-history":[{"count":26,"href":"https:\/\/makermauz.de\/index.php?rest_route=\/wp\/v2\/product\/7530\/revisions"}],"predecessor-version":[{"id":8826,"href":"https:\/\/makermauz.de\/index.php?rest_route=\/wp\/v2\/product\/7530\/revisions\/8826"}],"wp:featuredmedia":[{"embeddable":true,"href":"https:\/\/makermauz.de\/index.php?rest_route=\/wp\/v2\/media\/7534"}],"wp:attachment":[{"href":"https:\/\/makermauz.de\/index.php?rest_route=%2Fwp%2Fv2%2Fmedia&parent=7530"}],"wp:term":[{"taxonomy":"product_brand","embeddable":true,"href":"https:\/\/makermauz.de\/index.php?rest_route=%2Fwp%2Fv2%2Fproduct_brand&post=7530"},{"taxonomy":"product_cat","embeddable":true,"href":"https:\/\/makermauz.de\/index.php?rest_route=%2Fwp%2Fv2%2Fproduct_cat&post=7530"},{"taxonomy":"product_tag","embeddable":true,"href":"https:\/\/makermauz.de\/index.php?rest_route=%2Fwp%2Fv2%2Fproduct_tag&post=7530"}],"curies":[{"name":"wp","href":"https:\/\/api.w.org\/{rel}","templated":true}]}}