{"id":6549,"date":"2023-06-13T16:28:38","date_gmt":"2023-06-13T16:28:38","guid":{"rendered":"https:\/\/makermauz.de\/?post_type=product&#038;p=6549"},"modified":"2026-02-17T10:53:57","modified_gmt":"2026-02-17T10:53:57","slug":"schnittmuster-festivaltasche-toria","status":"publish","type":"product","link":"https:\/\/makermauz.de\/?product=schnittmuster-festivaltasche-toria","title":{"rendered":"Festivaltasche Toria"},"content":{"rendered":"\t\t<div data-elementor-type=\"wp-post\" data-elementor-id=\"6549\" class=\"elementor elementor-6549\">\n\t\t\t\t\t\t<section class=\"elementor-section elementor-top-section elementor-element elementor-element-c0efce1 elementor-section-boxed elementor-section-height-default elementor-section-height-default\" data-id=\"c0efce1\" data-element_type=\"section\" data-e-type=\"section\">\n\t\t\t\t\t\t<div class=\"elementor-container elementor-column-gap-default\">\n\t\t\t\t\t<div class=\"elementor-column elementor-col-100 elementor-top-column elementor-element elementor-element-513d263e\" data-id=\"513d263e\" data-element_type=\"column\" data-e-type=\"column\">\n\t\t\t<div class=\"elementor-widget-wrap elementor-element-populated\">\n\t\t\t\t\t\t<div class=\"elementor-element elementor-element-786b3925 elementor-widget elementor-widget-text-editor\" data-id=\"786b3925\" data-element_type=\"widget\" data-e-type=\"widget\" data-widget_type=\"text-editor.default\">\n\t\t\t\t<div class=\"elementor-widget-container\">\n\t\t\t\t\t\t\t\t\t<p><span style=\"color: #444444; font-family: Abel;\">Die Festivaltasche Toria ist optimal zum Spazieren, Wandern, Weggehen, Gassi gehen oder f\u00fcr Festivals. Die Tasche hat zwei Rei\u00dfverschlussf\u00e4cher und eine weiteres Fach mit Taschenklappe. Dort ist gen\u00fcgend Platz f\u00fcr alle wichtigen Dinge wie z.B. Handy, Geldbeutel, Schl\u00fcssel, Taschent\u00fccher oder auch ein Wechselshirt uvm. Die multifunktionale Tasche kann auf verschiedene Arten getragen werden z.B. als H\u00fcfttasche, als Rucksack oder als Umh\u00e4ngetasche. Alternativ kann auch ein Oberschenkelgurt dazu gen\u00e4ht werden oder eine Zahnradapplikation aufgen\u00e4ht werden.\u00a0<\/span><\/p><p><span style=\"color: #444444; font-family: Abel;\">N\u00e4hschwierigkeit: Mittel &#8211; Ben\u00f6tigt Fortgeschrittene Erfahrung (3 von 4)<\/span><\/p><p><a href=\"https:\/\/makermauz.de\/wp-content\/uploads\/2023\/06\/Vorschau_Schnittmuster_Naehanleitung-Festivaltasche-Toria-von-Maker-Mauz-Sewing.pdf\">Lookbook mit den Proben\u00e4hbeispielen<\/a><\/p><p><strong>\u00a0<\/strong><strong>Das bekommst du:<\/strong><\/p><ul><li>Schnittmuster in A4 zum Ausdrucken und Zusammenkleben (im PDF Format)<\/li><li>Ausf\u00fchrliche Schritt f\u00fcr Schritt Anleitung (im PDF Format)<\/li><li>\u00a0YouTube Video Tutorial zum Schnittmuster\u00a0<\/li><li>Zahnrad Plotterdatei \/ Applikationsvorlage<\/li><\/ul><div><p><strong><br \/>Ben\u00f6tigtes Material:\u00a0<\/strong><\/p><\/div><ul><li>Grundmaterial Au\u00dfentasche z.B. Oxford, Kunstleder,Canvas, Korkstoff, Softshell, Outdoorstoff oder Cord<\/li><li>Grundmaterial Innentasche z.B. Baumwollwebware oder Futterstoff<\/li><li>Eventuell je nach Stoffart Vlies und Schaumstoff oder Volumenvlies<\/li><li>Magnetverschluss<\/li><li><div>2 Rei\u00dfverschl\u00fcsse<\/div><\/li><li><div><div>Doppelseitiges Klebeband<\/div><\/div><\/li><li><div><div>Rei\u00dfverschlussn\u00e4hfu\u00df<\/div><\/div><\/li><li><div>2-4 Karabiner, Gurtband, 2-4 D-Ringe oder vierkant Ringe<\/div><\/li><li>Schieber oder Gurtschnalle<\/li><\/ul>\t\t\t\t\t\t\t\t<\/div>\n\t\t\t\t<\/div>\n\t\t\t\t<div class=\"elementor-element elementor-element-391889c elementor-widget-divider--separator-type-pattern elementor-widget-divider--view-line elementor-widget elementor-widget-divider\" data-id=\"391889c\" data-element_type=\"widget\" data-e-type=\"widget\" data-widget_type=\"divider.default\">\n\t\t\t\t<div class=\"elementor-widget-container\">\n\t\t\t\t\t\t\t<div class=\"elementor-divider\" style=\"--divider-pattern-url: url(&quot;data:image\/svg+xml,%3Csvg xmlns=&#039;http:\/\/www.w3.org\/2000\/svg&#039; preserveAspectRatio=&#039;none&#039; overflow=&#039;visible&#039; height=&#039;100%&#039; viewBox=&#039;0 0 24 24&#039; fill=&#039;none&#039; stroke=&#039;black&#039; stroke-width=&#039;1&#039; stroke-linecap=&#039;square&#039; stroke-miterlimit=&#039;10&#039;%3E%3Cpolyline points=&#039;0,18 12,6 24,18 &#039;\/%3E%3C\/svg%3E&quot;);\">\n\t\t\t<span class=\"elementor-divider-separator\">\n\t\t\t\t\t\t<\/span>\n\t\t<\/div>\n\t\t\t\t\t\t<\/div>\n\t\t\t\t<\/div>\n\t\t\t\t\t<\/div>\n\t\t<\/div>\n\t\t\t\t\t<\/div>\n\t\t<\/section>\n\t\t\t\t<section class=\"elementor-section elementor-top-section elementor-element elementor-element-1545887 elementor-section-boxed elementor-section-height-default elementor-section-height-default\" data-id=\"1545887\" data-element_type=\"section\" data-e-type=\"section\">\n\t\t\t\t\t\t<div class=\"elementor-container elementor-column-gap-default\">\n\t\t\t\t\t<div class=\"elementor-column elementor-col-50 elementor-top-column elementor-element elementor-element-d9ac30f\" data-id=\"d9ac30f\" data-element_type=\"column\" data-e-type=\"column\" data-settings=\"{&quot;background_background&quot;:&quot;gradient&quot;}\">\n\t\t\t<div class=\"elementor-widget-wrap elementor-element-populated\">\n\t\t\t\t\t\t<div class=\"elementor-element elementor-element-eca1314 elementor-widget elementor-widget-text-editor\" data-id=\"eca1314\" data-element_type=\"widget\" data-e-type=\"widget\" data-widget_type=\"text-editor.default\">\n\t\t\t\t<div class=\"elementor-widget-container\">\n\t\t\t\t\t\t\t\t\t<h2 style=\"text-align: center;\"><span style=\"background-color: transparent;\">Videoanleitung\u00a0<br \/><\/span>Festivaltasche Toria<\/h2><p style=\"text-align: center;\">Zus\u00e4tzlich zur PDF Anleitung werden dir die Arbeitsschritte die du zum N\u00e4hen der Tasche ben\u00f6tigst, in diesem Video noch mal Schritt f\u00fcr Schritt erkl\u00e4rt.\u00a0<\/p><p style=\"text-align: center;\">Weitere N\u00e4hvideos findest du auf meinem\u00a0<a href=\"https:\/\/www.youtube.com\/c\/makermauzsewing\" target=\"_blank\" rel=\"noopener\">YouTube-Kanal Maker Mauz Sewing<\/a><\/p>\t\t\t\t\t\t\t\t<\/div>\n\t\t\t\t<\/div>\n\t\t\t\t\t<\/div>\n\t\t<\/div>\n\t\t\t\t<div class=\"elementor-column elementor-col-50 elementor-top-column elementor-element elementor-element-b4398ca\" data-id=\"b4398ca\" data-element_type=\"column\" data-e-type=\"column\" data-settings=\"{&quot;background_background&quot;:&quot;gradient&quot;}\">\n\t\t\t<div class=\"elementor-widget-wrap elementor-element-populated\">\n\t\t\t\t\t\t<div class=\"elementor-element elementor-element-6147d4f elementor-widget__width-inherit elementor-widget elementor-widget-video\" data-id=\"6147d4f\" data-element_type=\"widget\" data-e-type=\"widget\" data-settings=\"{&quot;youtube_url&quot;:&quot;https:\\\/\\\/youtu.be\\\/YX7kGl2B7ko&quot;,&quot;video_type&quot;:&quot;youtube&quot;,&quot;controls&quot;:&quot;yes&quot;}\" data-widget_type=\"video.default\">\n\t\t\t\t<div class=\"elementor-widget-container\">\n\t\t\t\t\t\t\t<div class=\"elementor-wrapper elementor-open-inline\">\n\t\t\t<div class=\"elementor-video\"><\/div>\t\t<\/div>\n\t\t\t\t\t\t<\/div>\n\t\t\t\t<\/div>\n\t\t\t\t\t<\/div>\n\t\t<\/div>\n\t\t\t\t\t<\/div>\n\t\t<\/section>\n\t\t\t\t<section class=\"elementor-section elementor-top-section elementor-element elementor-element-854e548 elementor-section-boxed elementor-section-height-default elementor-section-height-default\" data-id=\"854e548\" data-element_type=\"section\" data-e-type=\"section\">\n\t\t\t\t\t\t<div class=\"elementor-container elementor-column-gap-default\">\n\t\t\t\t\t<div class=\"elementor-column elementor-col-100 elementor-top-column elementor-element elementor-element-e64754e\" data-id=\"e64754e\" data-element_type=\"column\" data-e-type=\"column\">\n\t\t\t<div class=\"elementor-widget-wrap elementor-element-populated\">\n\t\t\t\t\t\t<div class=\"elementor-element elementor-element-22f43ae elementor-widget elementor-widget-text-editor\" data-id=\"22f43ae\" data-element_type=\"widget\" data-e-type=\"widget\" data-widget_type=\"text-editor.default\">\n\t\t\t\t<div class=\"elementor-widget-container\">\n\t\t\t\t\t\t\t\t\t<p style=\"text-align: left;\"><div class=\"shariff shariff-align-center shariff-widget-align-left\"><ul class=\"shariff-buttons theme-color orientation-horizontal buttonsize-medium\"><li class=\"shariff-button facebook shariff-nocustomcolor\" style=\"background-color:#4273c8\"><a href=\"https:\/\/www.facebook.com\/sharer\/sharer.php?u=https%3A%2F%2Fmakermauz.de%2F%3Fproduct%3Dschnittmuster-festivaltasche-toria\" title=\"Bei Facebook teilen\" aria-label=\"Bei Facebook teilen\" role=\"button\" rel=\"nofollow\" class=\"shariff-link\" style=\"; background-color:#3b5998; color:#fff\" target=\"_blank\"><span class=\"shariff-icon\" style=\"\"><svg width=\"32px\" height=\"20px\" xmlns=\"http:\/\/www.w3.org\/2000\/svg\" viewBox=\"0 0 18 32\"><path fill=\"#3b5998\" d=\"M17.1 0.2v4.7h-2.8q-1.5 0-2.1 0.6t-0.5 1.9v3.4h5.2l-0.7 5.3h-4.5v13.6h-5.5v-13.6h-4.5v-5.3h4.5v-3.9q0-3.3 1.9-5.2t5-1.8q2.6 0 4.1 0.2z\"\/><\/svg><\/span><span class=\"shariff-text\">teilen<\/span>&nbsp;<\/a><\/li><li class=\"shariff-button pinterest shariff-nocustomcolor\" style=\"background-color:#e70f18\"><a href=\"https:\/\/www.pinterest.com\/pin\/create\/link\/?url=https%3A%2F%2Fmakermauz.de%2F%3Fproduct%3Dschnittmuster-festivaltasche-toria&#038;media=https%3A%2F%2Fmakermauz.de%2Fwp-content%2Fuploads%2F2023%2F06%2FSchnittmuster_Festivaltasche_Toria_shop_maker-mauz-sewing_2.jpg&#038;description=Festivaltasche%20Toria\" title=\"Bei Pinterest pinnen\" aria-label=\"Bei Pinterest pinnen\" role=\"button\" rel=\"noopener nofollow\" class=\"shariff-link\" style=\"; background-color:#cb2027; color:#fff\" target=\"_blank\"><span class=\"shariff-icon\" style=\"\"><svg width=\"32px\" height=\"20px\" xmlns=\"http:\/\/www.w3.org\/2000\/svg\" viewBox=\"0 0 27 32\"><path fill=\"#cb2027\" d=\"M27.4 16q0 3.7-1.8 6.9t-5 5-6.9 1.9q-2 0-3.9-0.6 1.1-1.7 1.4-2.9 0.2-0.6 1-3.8 0.4 0.7 1.3 1.2t2 0.5q2.1 0 3.8-1.2t2.7-3.4 0.9-4.8q0-2-1.1-3.8t-3.1-2.9-4.5-1.2q-1.9 0-3.5 0.5t-2.8 1.4-2 2-1.2 2.3-0.4 2.4q0 1.9 0.7 3.3t2.1 2q0.5 0.2 0.7-0.4 0-0.1 0.1-0.5t0.2-0.5q0.1-0.4-0.2-0.8-0.9-1.1-0.9-2.7 0-2.7 1.9-4.6t4.9-2q2.7 0 4.2 1.5t1.5 3.8q0 3-1.2 5.2t-3.1 2.1q-1.1 0-1.7-0.8t-0.4-1.9q0.1-0.6 0.5-1.7t0.5-1.8 0.2-1.4q0-0.9-0.5-1.5t-1.4-0.6q-1.1 0-1.9 1t-0.8 2.6q0 1.3 0.4 2.2l-1.8 7.5q-0.3 1.2-0.2 3.2-3.7-1.6-6-5t-2.3-7.6q0-3.7 1.9-6.9t5-5 6.9-1.9 6.9 1.9 5 5 1.8 6.9z\"\/><\/svg><\/span><span class=\"shariff-text\">merken<\/span>&nbsp;<\/a><\/li><li class=\"shariff-button whatsapp shariff-nocustomcolor\" style=\"background-color:#5cbe4a\"><a href=\"https:\/\/api.whatsapp.com\/send?text=https%3A%2F%2Fmakermauz.de%2F%3Fproduct%3Dschnittmuster-festivaltasche-toria%20Festivaltasche%20Toria\" title=\"Bei Whatsapp teilen\" aria-label=\"Bei Whatsapp teilen\" role=\"button\" rel=\"noopener nofollow\" class=\"shariff-link\" style=\"; background-color:#34af23; color:#fff\" target=\"_blank\"><span class=\"shariff-icon\" style=\"\"><svg width=\"32px\" height=\"20px\" xmlns=\"http:\/\/www.w3.org\/2000\/svg\" viewBox=\"0 0 32 32\"><path fill=\"#34af23\" d=\"M17.6 17.4q0.2 0 1.7 0.8t1.6 0.9q0 0.1 0 0.3 0 0.6-0.3 1.4-0.3 0.7-1.3 1.2t-1.8 0.5q-1 0-3.4-1.1-1.7-0.8-3-2.1t-2.6-3.3q-1.3-1.9-1.3-3.5v-0.1q0.1-1.6 1.3-2.8 0.4-0.4 0.9-0.4 0.1 0 0.3 0t0.3 0q0.3 0 0.5 0.1t0.3 0.5q0.1 0.4 0.6 1.6t0.4 1.3q0 0.4-0.6 1t-0.6 0.8q0 0.1 0.1 0.3 0.6 1.3 1.8 2.4 1 0.9 2.7 1.8 0.2 0.1 0.4 0.1 0.3 0 1-0.9t0.9-0.9zM14 26.9q2.3 0 4.3-0.9t3.6-2.4 2.4-3.6 0.9-4.3-0.9-4.3-2.4-3.6-3.6-2.4-4.3-0.9-4.3 0.9-3.6 2.4-2.4 3.6-0.9 4.3q0 3.6 2.1 6.6l-1.4 4.2 4.3-1.4q2.8 1.9 6.2 1.9zM14 2.2q2.7 0 5.2 1.1t4.3 2.9 2.9 4.3 1.1 5.2-1.1 5.2-2.9 4.3-4.3 2.9-5.2 1.1q-3.5 0-6.5-1.7l-7.4 2.4 2.4-7.2q-1.9-3.2-1.9-6.9 0-2.7 1.1-5.2t2.9-4.3 4.3-2.9 5.2-1.1z\"\/><\/svg><\/span><span class=\"shariff-text\">teilen<\/span>&nbsp;<\/a><\/li><li class=\"shariff-button mailto shariff-nocustomcolor\" style=\"background-color:#a8a8a8\"><a href=\"mailto:?body=https%3A%2F%2Fmakermauz.de%2F%3Fproduct%3Dschnittmuster-festivaltasche-toria&#038;subject=Festivaltasche%20Toria\" title=\"Per E-Mail versenden\" aria-label=\"Per E-Mail versenden\" role=\"button\" rel=\"noopener nofollow\" class=\"shariff-link\" style=\"; background-color:#999; color:#fff\"><span class=\"shariff-icon\" style=\"\"><svg width=\"32px\" height=\"20px\" xmlns=\"http:\/\/www.w3.org\/2000\/svg\" viewBox=\"0 0 32 32\"><path fill=\"#999\" d=\"M32 12.7v14.2q0 1.2-0.8 2t-2 0.9h-26.3q-1.2 0-2-0.9t-0.8-2v-14.2q0.8 0.9 1.8 1.6 6.5 4.4 8.9 6.1 1 0.8 1.6 1.2t1.7 0.9 2 0.4h0.1q0.9 0 2-0.4t1.7-0.9 1.6-1.2q3-2.2 8.9-6.1 1-0.7 1.8-1.6zM32 7.4q0 1.4-0.9 2.7t-2.2 2.2q-6.7 4.7-8.4 5.8-0.2 0.1-0.7 0.5t-1 0.7-0.9 0.6-1.1 0.5-0.9 0.2h-0.1q-0.4 0-0.9-0.2t-1.1-0.5-0.9-0.6-1-0.7-0.7-0.5q-1.6-1.1-4.7-3.2t-3.6-2.6q-1.1-0.7-2.1-2t-1-2.5q0-1.4 0.7-2.3t2.1-0.9h26.3q1.2 0 2 0.8t0.9 2z\"\/><\/svg><\/span><span class=\"shariff-text\">E-Mail<\/span>&nbsp;<\/a><\/li><\/ul><\/div>\t\t\t\t\t\t\t\t<\/div>\n\t\t\t\t<\/div>\n\t\t\t\t<div class=\"elementor-element elementor-element-c6f933e elementor-widget-divider--separator-type-pattern elementor-widget-divider--view-line elementor-widget elementor-widget-divider\" data-id=\"c6f933e\" data-element_type=\"widget\" data-e-type=\"widget\" data-widget_type=\"divider.default\">\n\t\t\t\t<div class=\"elementor-widget-container\">\n\t\t\t\t\t\t\t<div class=\"elementor-divider\" style=\"--divider-pattern-url: url(&quot;data:image\/svg+xml,%3Csvg xmlns=&#039;http:\/\/www.w3.org\/2000\/svg&#039; preserveAspectRatio=&#039;none&#039; overflow=&#039;visible&#039; height=&#039;100%&#039; viewBox=&#039;0 0 24 24&#039; fill=&#039;none&#039; stroke=&#039;black&#039; stroke-width=&#039;1&#039; stroke-linecap=&#039;square&#039; stroke-miterlimit=&#039;10&#039;%3E%3Cpolyline points=&#039;0,18 12,6 24,18 &#039;\/%3E%3C\/svg%3E&quot;);\">\n\t\t\t<span class=\"elementor-divider-separator\">\n\t\t\t\t\t\t<\/span>\n\t\t<\/div>\n\t\t\t\t\t\t<\/div>\n\t\t\t\t<\/div>\n\t\t\t\t\t<\/div>\n\t\t<\/div>\n\t\t\t\t\t<\/div>\n\t\t<\/section>\n\t\t\t\t<\/div>\n\t\t","protected":false},"excerpt":{"rendered":"<ul>\n<li>PDF-Schnittmuster und N\u00e4hanleitung zum selber Ausdrucken, versandkostenfrei<\/li>\n<li>Sofort zum Download verf\u00fcgbar<\/li>\n<li>N\u00e4hschwierigkeit Mittel: Ben\u00f6tigt Fortgeschrittene Erfahrung (3 von 4)<\/li>\n<\/ul>\n","protected":false},"featured_media":6552,"comment_status":"open","ping_status":"closed","template":"","meta":{"om_disable_all_campaigns":false,"kt_blocks_editor_width":"","_monsterinsights_skip_tracking":false,"_monsterinsights_sitenote_active":false,"_monsterinsights_sitenote_note":"","_monsterinsights_sitenote_category":0,"_links_to":"","_links_to_target":""},"product_brand":[],"product_cat":[109,115],"product_tag":[119],"class_list":{"0":"post-6549","1":"product","2":"type-product","3":"status-publish","4":"has-post-thumbnail","6":"product_cat-schnittmuster","7":"product_cat-taschen","8":"product_tag-naehen","10":"first","11":"instock","12":"downloadable","13":"virtual","14":"sold-individually","15":"purchasable","16":"product-type-simple"},"yoast_head":"<!-- This site is optimized with the Yoast SEO plugin v27.6 - https:\/\/yoast.com\/product\/yoast-seo-wordpress\/ -->\n<title>Festivaltasche Toria - Schnittmuster und N\u00e4hanleitung<\/title>\n<meta name=\"description\" content=\"Die Festivaltasche Toria kann als Umh\u00e4ngetasche, Gurttasche oder Rucksack gen\u00e4ht werden. Hier geht\u00b4s zum Schnittmuster mit N\u00e4hanleitung.\" \/>\n<meta name=\"robots\" content=\"index, follow, max-snippet:-1, max-image-preview:large, max-video-preview:-1\" \/>\n<link rel=\"canonical\" href=\"https:\/\/makermauz.de\/?product=schnittmuster-festivaltasche-toria\" \/>\n<meta property=\"og:locale\" content=\"de_DE\" \/>\n<meta property=\"og:type\" content=\"article\" \/>\n<meta property=\"og:title\" content=\"Festivaltasche Toria - Schnittmuster und N\u00e4hanleitung\" \/>\n<meta property=\"og:description\" content=\"Die Festivaltasche Toria kann als Umh\u00e4ngetasche, Gurttasche oder Rucksack gen\u00e4ht werden. Hier geht\u00b4s zum Schnittmuster mit N\u00e4hanleitung.\" \/>\n<meta property=\"og:url\" content=\"https:\/\/makermauz.de\/?product=schnittmuster-festivaltasche-toria\" \/>\n<meta property=\"og:site_name\" content=\"Maker Mauz Sewing\" \/>\n<meta property=\"article:modified_time\" content=\"2026-02-17T10:53:57+00:00\" \/>\n<meta property=\"og:image\" content=\"https:\/\/makermauz.de\/wp-content\/uploads\/2023\/06\/Schnittmuster_Festivaltasche_Toria_shop_maker-mauz-sewing_2.jpg\" \/>\n\t<meta property=\"og:image:width\" content=\"1000\" \/>\n\t<meta property=\"og:image:height\" content=\"1000\" \/>\n\t<meta property=\"og:image:type\" content=\"image\/jpeg\" \/>\n<meta name=\"twitter:card\" content=\"summary_large_image\" \/>\n<meta name=\"twitter:label1\" content=\"Gesch\u00e4tzte Lesezeit\" \/>\n\t<meta name=\"twitter:data1\" content=\"2\u00a0Minuten\" \/>\n<script type=\"application\/ld+json\" class=\"yoast-schema-graph\">{\"@context\":\"https:\\\/\\\/schema.org\",\"@graph\":[{\"@type\":\"WebPage\",\"@id\":\"https:\\\/\\\/makermauz.de\\\/?product=schnittmuster-festivaltasche-toria\",\"url\":\"https:\\\/\\\/makermauz.de\\\/?product=schnittmuster-festivaltasche-toria\",\"name\":\"Festivaltasche Toria - Schnittmuster und N\u00e4hanleitung\",\"isPartOf\":{\"@id\":\"https:\\\/\\\/makermauz.de\\\/#website\"},\"primaryImageOfPage\":{\"@id\":\"https:\\\/\\\/makermauz.de\\\/?product=schnittmuster-festivaltasche-toria#primaryimage\"},\"image\":{\"@id\":\"https:\\\/\\\/makermauz.de\\\/?product=schnittmuster-festivaltasche-toria#primaryimage\"},\"thumbnailUrl\":\"https:\\\/\\\/makermauz.de\\\/wp-content\\\/uploads\\\/2023\\\/06\\\/Schnittmuster_Festivaltasche_Toria_shop_maker-mauz-sewing_2.jpg\",\"datePublished\":\"2023-06-13T16:28:38+00:00\",\"dateModified\":\"2026-02-17T10:53:57+00:00\",\"description\":\"Die Festivaltasche Toria kann als Umh\u00e4ngetasche, Gurttasche oder Rucksack gen\u00e4ht werden. Hier geht\u00b4s zum Schnittmuster mit N\u00e4hanleitung.\",\"breadcrumb\":{\"@id\":\"https:\\\/\\\/makermauz.de\\\/?product=schnittmuster-festivaltasche-toria#breadcrumb\"},\"inLanguage\":\"de\",\"potentialAction\":[{\"@type\":\"ReadAction\",\"target\":[\"https:\\\/\\\/makermauz.de\\\/?product=schnittmuster-festivaltasche-toria\"]}]},{\"@type\":\"ImageObject\",\"inLanguage\":\"de\",\"@id\":\"https:\\\/\\\/makermauz.de\\\/?product=schnittmuster-festivaltasche-toria#primaryimage\",\"url\":\"https:\\\/\\\/makermauz.de\\\/wp-content\\\/uploads\\\/2023\\\/06\\\/Schnittmuster_Festivaltasche_Toria_shop_maker-mauz-sewing_2.jpg\",\"contentUrl\":\"https:\\\/\\\/makermauz.de\\\/wp-content\\\/uploads\\\/2023\\\/06\\\/Schnittmuster_Festivaltasche_Toria_shop_maker-mauz-sewing_2.jpg\",\"width\":1000,\"height\":1000,\"caption\":\"Schnittmuster und N\u00e4hanleitung Festivaltasche Toria\"},{\"@type\":\"BreadcrumbList\",\"@id\":\"https:\\\/\\\/makermauz.de\\\/?product=schnittmuster-festivaltasche-toria#breadcrumb\",\"itemListElement\":[{\"@type\":\"ListItem\",\"position\":1,\"name\":\"Startseite\",\"item\":\"https:\\\/\\\/makermauz.de\\\/\"},{\"@type\":\"ListItem\",\"position\":2,\"name\":\"Shop\",\"item\":\"https:\\\/\\\/makermauz.de\\\/?page_id=2666\"},{\"@type\":\"ListItem\",\"position\":3,\"name\":\"Festivaltasche Toria\"}]},{\"@type\":\"WebSite\",\"@id\":\"https:\\\/\\\/makermauz.de\\\/#website\",\"url\":\"https:\\\/\\\/makermauz.de\\\/\",\"name\":\"Maker Mauz Sewing\",\"description\":\"N\u00e4hen lernen, Schnittmuster, N\u00e4hanleitungen, Plotterdateien, DIYs\",\"publisher\":{\"@id\":\"https:\\\/\\\/makermauz.de\\\/#\\\/schema\\\/person\\\/66099be1b4736a5fae4fdbba61fc3467\"},\"potentialAction\":[{\"@type\":\"SearchAction\",\"target\":{\"@type\":\"EntryPoint\",\"urlTemplate\":\"https:\\\/\\\/makermauz.de\\\/?s={search_term_string}\"},\"query-input\":{\"@type\":\"PropertyValueSpecification\",\"valueRequired\":true,\"valueName\":\"search_term_string\"}}],\"inLanguage\":\"de\"},{\"@type\":[\"Person\",\"Organization\"],\"@id\":\"https:\\\/\\\/makermauz.de\\\/#\\\/schema\\\/person\\\/66099be1b4736a5fae4fdbba61fc3467\",\"name\":\"Maker Mauz\",\"image\":{\"@type\":\"ImageObject\",\"inLanguage\":\"de\",\"@id\":\"https:\\\/\\\/secure.gravatar.com\\\/avatar\\\/d8220a7fcaab42a4ad29f49238f10b3cfff9d051acd6cc346f6a59384eed2871?s=96&d=mm&r=g\",\"url\":\"https:\\\/\\\/secure.gravatar.com\\\/avatar\\\/d8220a7fcaab42a4ad29f49238f10b3cfff9d051acd6cc346f6a59384eed2871?s=96&d=mm&r=g\",\"contentUrl\":\"https:\\\/\\\/secure.gravatar.com\\\/avatar\\\/d8220a7fcaab42a4ad29f49238f10b3cfff9d051acd6cc346f6a59384eed2871?s=96&d=mm&r=g\",\"caption\":\"Maker Mauz\"},\"logo\":{\"@id\":\"https:\\\/\\\/secure.gravatar.com\\\/avatar\\\/d8220a7fcaab42a4ad29f49238f10b3cfff9d051acd6cc346f6a59384eed2871?s=96&d=mm&r=g\"}}]}<\/script>\n<!-- \/ Yoast SEO plugin. -->","yoast_head_json":{"title":"Festivaltasche Toria - Schnittmuster und N\u00e4hanleitung","description":"Die Festivaltasche Toria kann als Umh\u00e4ngetasche, Gurttasche oder Rucksack gen\u00e4ht werden. Hier geht\u00b4s zum Schnittmuster mit N\u00e4hanleitung.","robots":{"index":"index","follow":"follow","max-snippet":"max-snippet:-1","max-image-preview":"max-image-preview:large","max-video-preview":"max-video-preview:-1"},"canonical":"https:\/\/makermauz.de\/?product=schnittmuster-festivaltasche-toria","og_locale":"de_DE","og_type":"article","og_title":"Festivaltasche Toria - Schnittmuster und N\u00e4hanleitung","og_description":"Die Festivaltasche Toria kann als Umh\u00e4ngetasche, Gurttasche oder Rucksack gen\u00e4ht werden. Hier geht\u00b4s zum Schnittmuster mit N\u00e4hanleitung.","og_url":"https:\/\/makermauz.de\/?product=schnittmuster-festivaltasche-toria","og_site_name":"Maker Mauz Sewing","article_modified_time":"2026-02-17T10:53:57+00:00","og_image":[{"width":1000,"height":1000,"url":"https:\/\/makermauz.de\/wp-content\/uploads\/2023\/06\/Schnittmuster_Festivaltasche_Toria_shop_maker-mauz-sewing_2.jpg","type":"image\/jpeg"}],"twitter_card":"summary_large_image","twitter_misc":{"Gesch\u00e4tzte Lesezeit":"2\u00a0Minuten"},"schema":{"@context":"https:\/\/schema.org","@graph":[{"@type":"WebPage","@id":"https:\/\/makermauz.de\/?product=schnittmuster-festivaltasche-toria","url":"https:\/\/makermauz.de\/?product=schnittmuster-festivaltasche-toria","name":"Festivaltasche Toria - Schnittmuster und N\u00e4hanleitung","isPartOf":{"@id":"https:\/\/makermauz.de\/#website"},"primaryImageOfPage":{"@id":"https:\/\/makermauz.de\/?product=schnittmuster-festivaltasche-toria#primaryimage"},"image":{"@id":"https:\/\/makermauz.de\/?product=schnittmuster-festivaltasche-toria#primaryimage"},"thumbnailUrl":"https:\/\/makermauz.de\/wp-content\/uploads\/2023\/06\/Schnittmuster_Festivaltasche_Toria_shop_maker-mauz-sewing_2.jpg","datePublished":"2023-06-13T16:28:38+00:00","dateModified":"2026-02-17T10:53:57+00:00","description":"Die Festivaltasche Toria kann als Umh\u00e4ngetasche, Gurttasche oder Rucksack gen\u00e4ht werden. Hier geht\u00b4s zum Schnittmuster mit N\u00e4hanleitung.","breadcrumb":{"@id":"https:\/\/makermauz.de\/?product=schnittmuster-festivaltasche-toria#breadcrumb"},"inLanguage":"de","potentialAction":[{"@type":"ReadAction","target":["https:\/\/makermauz.de\/?product=schnittmuster-festivaltasche-toria"]}]},{"@type":"ImageObject","inLanguage":"de","@id":"https:\/\/makermauz.de\/?product=schnittmuster-festivaltasche-toria#primaryimage","url":"https:\/\/makermauz.de\/wp-content\/uploads\/2023\/06\/Schnittmuster_Festivaltasche_Toria_shop_maker-mauz-sewing_2.jpg","contentUrl":"https:\/\/makermauz.de\/wp-content\/uploads\/2023\/06\/Schnittmuster_Festivaltasche_Toria_shop_maker-mauz-sewing_2.jpg","width":1000,"height":1000,"caption":"Schnittmuster und N\u00e4hanleitung Festivaltasche Toria"},{"@type":"BreadcrumbList","@id":"https:\/\/makermauz.de\/?product=schnittmuster-festivaltasche-toria#breadcrumb","itemListElement":[{"@type":"ListItem","position":1,"name":"Startseite","item":"https:\/\/makermauz.de\/"},{"@type":"ListItem","position":2,"name":"Shop","item":"https:\/\/makermauz.de\/?page_id=2666"},{"@type":"ListItem","position":3,"name":"Festivaltasche Toria"}]},{"@type":"WebSite","@id":"https:\/\/makermauz.de\/#website","url":"https:\/\/makermauz.de\/","name":"Maker Mauz Sewing","description":"N\u00e4hen lernen, Schnittmuster, N\u00e4hanleitungen, Plotterdateien, DIYs","publisher":{"@id":"https:\/\/makermauz.de\/#\/schema\/person\/66099be1b4736a5fae4fdbba61fc3467"},"potentialAction":[{"@type":"SearchAction","target":{"@type":"EntryPoint","urlTemplate":"https:\/\/makermauz.de\/?s={search_term_string}"},"query-input":{"@type":"PropertyValueSpecification","valueRequired":true,"valueName":"search_term_string"}}],"inLanguage":"de"},{"@type":["Person","Organization"],"@id":"https:\/\/makermauz.de\/#\/schema\/person\/66099be1b4736a5fae4fdbba61fc3467","name":"Maker Mauz","image":{"@type":"ImageObject","inLanguage":"de","@id":"https:\/\/secure.gravatar.com\/avatar\/d8220a7fcaab42a4ad29f49238f10b3cfff9d051acd6cc346f6a59384eed2871?s=96&d=mm&r=g","url":"https:\/\/secure.gravatar.com\/avatar\/d8220a7fcaab42a4ad29f49238f10b3cfff9d051acd6cc346f6a59384eed2871?s=96&d=mm&r=g","contentUrl":"https:\/\/secure.gravatar.com\/avatar\/d8220a7fcaab42a4ad29f49238f10b3cfff9d051acd6cc346f6a59384eed2871?s=96&d=mm&r=g","caption":"Maker Mauz"},"logo":{"@id":"https:\/\/secure.gravatar.com\/avatar\/d8220a7fcaab42a4ad29f49238f10b3cfff9d051acd6cc346f6a59384eed2871?s=96&d=mm&r=g"}}]}},"_links":{"self":[{"href":"https:\/\/makermauz.de\/index.php?rest_route=\/wp\/v2\/product\/6549","targetHints":{"allow":["GET"]}}],"collection":[{"href":"https:\/\/makermauz.de\/index.php?rest_route=\/wp\/v2\/product"}],"about":[{"href":"https:\/\/makermauz.de\/index.php?rest_route=\/wp\/v2\/types\/product"}],"replies":[{"embeddable":true,"href":"https:\/\/makermauz.de\/index.php?rest_route=%2Fwp%2Fv2%2Fcomments&post=6549"}],"version-history":[{"count":17,"href":"https:\/\/makermauz.de\/index.php?rest_route=\/wp\/v2\/product\/6549\/revisions"}],"predecessor-version":[{"id":6605,"href":"https:\/\/makermauz.de\/index.php?rest_route=\/wp\/v2\/product\/6549\/revisions\/6605"}],"wp:featuredmedia":[{"embeddable":true,"href":"https:\/\/makermauz.de\/index.php?rest_route=\/wp\/v2\/media\/6552"}],"wp:attachment":[{"href":"https:\/\/makermauz.de\/index.php?rest_route=%2Fwp%2Fv2%2Fmedia&parent=6549"}],"wp:term":[{"taxonomy":"product_brand","embeddable":true,"href":"https:\/\/makermauz.de\/index.php?rest_route=%2Fwp%2Fv2%2Fproduct_brand&post=6549"},{"taxonomy":"product_cat","embeddable":true,"href":"https:\/\/makermauz.de\/index.php?rest_route=%2Fwp%2Fv2%2Fproduct_cat&post=6549"},{"taxonomy":"product_tag","embeddable":true,"href":"https:\/\/makermauz.de\/index.php?rest_route=%2Fwp%2Fv2%2Fproduct_tag&post=6549"}],"curies":[{"name":"wp","href":"https:\/\/api.w.org\/{rel}","templated":true}]}}