{"id":4695,"date":"2022-08-16T19:33:51","date_gmt":"2022-08-16T19:33:51","guid":{"rendered":"https:\/\/makermauz.de\/?post_type=product&#038;p=4695"},"modified":"2022-11-08T09:18:46","modified_gmt":"2022-11-08T09:18:46","slug":"kleingewerbelizenz-plotterdateien","status":"publish","type":"product","link":"https:\/\/makermauz.de\/?product=kleingewerbelizenz-plotterdateien","title":{"rendered":"Gewerbelizenz Plotterdateien"},"content":{"rendered":"\t\t<div data-elementor-type=\"wp-post\" data-elementor-id=\"4695\" class=\"elementor elementor-4695\">\n\t\t\t\t\t\t<section class=\"elementor-section elementor-top-section elementor-element elementor-element-c0efce1 elementor-section-boxed elementor-section-height-default elementor-section-height-default\" data-id=\"c0efce1\" data-element_type=\"section\" data-e-type=\"section\">\n\t\t\t\t\t\t<div class=\"elementor-container elementor-column-gap-default\">\n\t\t\t\t\t<div class=\"elementor-column elementor-col-100 elementor-top-column elementor-element elementor-element-513d263e\" data-id=\"513d263e\" data-element_type=\"column\" data-e-type=\"column\">\n\t\t\t<div class=\"elementor-widget-wrap elementor-element-populated\">\n\t\t\t\t\t\t<div class=\"elementor-element elementor-element-786b3925 elementor-widget elementor-widget-text-editor\" data-id=\"786b3925\" data-element_type=\"widget\" data-e-type=\"widget\" data-widget_type=\"text-editor.default\">\n\t\t\t\t<div class=\"elementor-widget-container\">\n\t\t\t\t\t\t\t\t\t<p>Du m\u00f6chtest selbst geplottete Werke in Kleinserie verkaufen und daf\u00fcr Maker Mauz Plotterdateien verwenden? <br \/>Dann ben\u00f6tigst du eine Gewerbelizenz f\u00fcr die gew\u00fcnschte Plotterdatei, die du hier kaufen kannst.<\/p><p>Bitte lies erst den unten stehenden Text der <strong>Lizenzbedingungen<\/strong> durch und bestelle Sie nur, wenn du mit den Bedingungen einverstanden bist:<\/p><ul><li>Die Lizenz ist 12 Monate lang ab den Kaufdatum g\u00fcltig und du kannst bis zu 50 Exemplare herstellen. Nach Ablauf bzw. nach den 50 Exemplaren erlischt die Lizenz und kann bei Bedarf erneut gekauft werden.<\/li><li>Die Lizenz gilt nur f\u00fcr eine Plotterdatei, d.h. du musst f\u00fcr jede Plotterdatei eine extra Lizenz erwerben, bei Plotterdatei-Sets mit mehreren Motiven d\u00fcrfen insgesamt 50 Motive geplottet werden.<\/li><li>Die Plotterdatei muss separat gekauft werden und ist nicht Bestandteil der Lizenz. Dieses kannst du hier im Shop erwerben. Solltest du das Schnittmuster bei Makerist, Alles-f\u00fcr-Selbermacher oder einem anderen Anbieter gekauft haben, teile mir das bitte im Bestellkommentar mit.<\/li><li>Die Lizenz bezieht sich auf die in der Lizenz angegebene Person und ist nicht \u00fcbertragbar. Nur diese Person darf unter seinem Namen\/Label und unter Angabe des Namens der lizenzierten Plotterdatei von Maker Mauz Sewing plotten und verkaufen.<\/li><li>Die Lizenz ist vom Umtausch ausgeschlossen.<\/li><li>Die Weitergabe und Vervielf\u00e4ltigung der Plotterdatei ist untersagt.<\/li><li>Massenproduktion sowie die Beauftragung professioneller Plotter\/innen ist nicht gestattet!<\/li><li>Mit dieser Lizenz ist auch die Nutzung zu Vorf\u00fchrungen oder Plotterkurse meiner Plotterdatei abgedeckt.<\/li><li>Bitte beachte, dass es sich hierbei nur um die gewerbliche Lizenz handelt und es sich nicht um Exklusivlizenzen handelt. D.h.alle Rechte im Sinne des Urhebergesetzes verbleiben bei Maker Mauz Sewing.<\/li><li>Die erworbene Lizenz muss mit der Nennung und Verlinkung des Urhebers Makermauz.de in der Produktbeschreibung des jeweiligen Angebots deutlich ersichtlich sein.<\/li><li>Bei Anfrage bin ich als Lizenznehmer verpflichtet, Maker Mauz Sewing dar\u00fcber zu informieren, wo ich meine Einzelst\u00fccke verkaufe und wie viele schon verkauft wurden. Deshalb ist die F\u00fchrung einer Liste mit verkauften Maker Mauz Produkten notwendig, um einen \u00dcberblick dr\u00fcber zu behalten.<\/li><li>Bei Verletzung dieser Lizenzbedingungen erlischt die Lizenz mit sofortiger Wirkung<\/li><\/ul><p><strong>Und so funktioniert\u2019s:<\/strong><\/p><p>1. W\u00e4hle die Plotterdatei aus, f\u00fcr das du eine Lizenz erwerben willst. Kaufe das Produkt \u201ePlotterdatei Kleingewerbelizenz\u201c mit dem ausgew\u00e4hlten Produkt. Du bekommst per Email den Lizenzvertrag als PDF-Datei zum Herunterladen.<\/p><p>2. F\u00fclle den Lizenzvertrag aus und schicke ihn uns unterschrieben zu als Scan oder Foto per Email an kontakt@makermauz.de<\/p><p>3. Du erh\u00e4ltst eine Rechnung von mir. Als Lizenznachweis gilt die ausgestellte Rechnung mit dem ausgew\u00e4hlten Schnittmuster in Kombination mit der ausgef\u00fcllten Lizenz. Sollte ich noch weitere Angaben ben\u00f6tigen, melden ich mich bei dir.\u00a0<\/p><p>Bei Fragen wende Dich gerne per Mail an: kontakt@makermauz.de<\/p>\t\t\t\t\t\t\t\t<\/div>\n\t\t\t\t<\/div>\n\t\t\t\t<div class=\"elementor-element elementor-element-391889c elementor-widget-divider--separator-type-pattern elementor-widget-divider--view-line elementor-widget elementor-widget-divider\" data-id=\"391889c\" data-element_type=\"widget\" data-e-type=\"widget\" data-widget_type=\"divider.default\">\n\t\t\t\t<div class=\"elementor-widget-container\">\n\t\t\t\t\t\t\t<div class=\"elementor-divider\" style=\"--divider-pattern-url: url(&quot;data:image\/svg+xml,%3Csvg xmlns=&#039;http:\/\/www.w3.org\/2000\/svg&#039; preserveAspectRatio=&#039;none&#039; overflow=&#039;visible&#039; height=&#039;100%&#039; viewBox=&#039;0 0 24 24&#039; fill=&#039;none&#039; stroke=&#039;black&#039; stroke-width=&#039;1&#039; stroke-linecap=&#039;square&#039; stroke-miterlimit=&#039;10&#039;%3E%3Cpolyline points=&#039;0,18 12,6 24,18 &#039;\/%3E%3C\/svg%3E&quot;);\">\n\t\t\t<span class=\"elementor-divider-separator\">\n\t\t\t\t\t\t<\/span>\n\t\t<\/div>\n\t\t\t\t\t\t<\/div>\n\t\t\t\t<\/div>\n\t\t\t\t\t<\/div>\n\t\t<\/div>\n\t\t\t\t\t<\/div>\n\t\t<\/section>\n\t\t\t\t<\/div>\n\t\t","protected":false},"excerpt":{"rendered":"<p>\u25cf Lizenz f\u00fcr den Verkauf deiner geplotteten Werke nach einer Maker Mauz Plotterdatei<br \/>\n\u25cf g\u00fcltig f\u00fcr ein Plotterdatei\/Plotterdateien-Set<br \/>\n\u25cf bis zu 50 Exemplare<br \/>\n\u25cf 1 Jahr g\u00fcltig<\/p>\n","protected":false},"featured_media":4458,"comment_status":"open","ping_status":"closed","template":"elementor_theme","meta":{"om_disable_all_campaigns":false,"kt_blocks_editor_width":"","_monsterinsights_skip_tracking":false,"_monsterinsights_sitenote_active":false,"_monsterinsights_sitenote_note":"","_monsterinsights_sitenote_category":0,"_links_to":"","_links_to_target":""},"product_brand":[],"product_cat":[145],"product_tag":[124],"class_list":{"0":"post-4695","1":"product","2":"type-product","3":"status-publish","4":"has-post-thumbnail","6":"product_cat-gewerbelizenz","7":"product_tag-plotten","9":"first","10":"instock","11":"shipping-taxable","12":"purchasable","13":"product-type-variable"},"yoast_head":"<!-- This site is optimized with the Yoast SEO plugin v27.6 - https:\/\/yoast.com\/product\/yoast-seo-wordpress\/ -->\n<title>Kleingewerbelizenz Plotterdateien von Maker Mauz<\/title>\n<meta name=\"description\" content=\"Du m\u00f6chtest geplottete Dinge nach den Plotterdateien von Maker Mauz Sewing verkaufen? Denn ben\u00f6tigst du die Kleingewerbelizenz f\u00fcr Plotterdateien.\" \/>\n<meta name=\"robots\" content=\"index, follow, max-snippet:-1, max-image-preview:large, max-video-preview:-1\" \/>\n<link rel=\"canonical\" href=\"https:\/\/makermauz.de\/?product=kleingewerbelizenz-plotterdateien\" \/>\n<meta property=\"og:locale\" content=\"de_DE\" \/>\n<meta property=\"og:type\" content=\"article\" \/>\n<meta property=\"og:title\" content=\"Kleingewerbelizenz Plotterdateien von Maker Mauz\" \/>\n<meta property=\"og:description\" content=\"Du m\u00f6chtest geplottete Dinge nach den Plotterdateien von Maker Mauz Sewing verkaufen? Denn ben\u00f6tigst du die Kleingewerbelizenz f\u00fcr Plotterdateien.\" \/>\n<meta property=\"og:url\" content=\"https:\/\/makermauz.de\/?product=kleingewerbelizenz-plotterdateien\" \/>\n<meta property=\"og:site_name\" content=\"Maker Mauz Sewing\" \/>\n<meta property=\"article:modified_time\" content=\"2022-11-08T09:18:46+00:00\" \/>\n<meta property=\"og:image\" content=\"https:\/\/makermauz.de\/wp-content\/uploads\/2022\/08\/plotterdatei-kleingewerbelizenz-lizenz-verkauf_3.jpg\" \/>\n\t<meta property=\"og:image:width\" content=\"900\" \/>\n\t<meta property=\"og:image:height\" content=\"900\" \/>\n\t<meta property=\"og:image:type\" content=\"image\/jpeg\" \/>\n<meta name=\"twitter:card\" content=\"summary_large_image\" \/>\n<meta name=\"twitter:label1\" content=\"Gesch\u00e4tzte Lesezeit\" \/>\n\t<meta name=\"twitter:data1\" content=\"3\u00a0Minuten\" \/>\n<script type=\"application\/ld+json\" class=\"yoast-schema-graph\">{\"@context\":\"https:\\\/\\\/schema.org\",\"@graph\":[{\"@type\":\"WebPage\",\"@id\":\"https:\\\/\\\/makermauz.de\\\/?product=kleingewerbelizenz-plotterdateien\",\"url\":\"https:\\\/\\\/makermauz.de\\\/?product=kleingewerbelizenz-plotterdateien\",\"name\":\"Kleingewerbelizenz Plotterdateien von Maker Mauz\",\"isPartOf\":{\"@id\":\"https:\\\/\\\/makermauz.de\\\/#website\"},\"primaryImageOfPage\":{\"@id\":\"https:\\\/\\\/makermauz.de\\\/?product=kleingewerbelizenz-plotterdateien#primaryimage\"},\"image\":{\"@id\":\"https:\\\/\\\/makermauz.de\\\/?product=kleingewerbelizenz-plotterdateien#primaryimage\"},\"thumbnailUrl\":\"https:\\\/\\\/makermauz.de\\\/wp-content\\\/uploads\\\/2022\\\/08\\\/plotterdatei-kleingewerbelizenz-lizenz-verkauf_3.jpg\",\"datePublished\":\"2022-08-16T19:33:51+00:00\",\"dateModified\":\"2022-11-08T09:18:46+00:00\",\"description\":\"Du m\u00f6chtest geplottete Dinge nach den Plotterdateien von Maker Mauz Sewing verkaufen? Denn ben\u00f6tigst du die Kleingewerbelizenz f\u00fcr Plotterdateien.\",\"breadcrumb\":{\"@id\":\"https:\\\/\\\/makermauz.de\\\/?product=kleingewerbelizenz-plotterdateien#breadcrumb\"},\"inLanguage\":\"de\",\"potentialAction\":[{\"@type\":\"ReadAction\",\"target\":[\"https:\\\/\\\/makermauz.de\\\/?product=kleingewerbelizenz-plotterdateien\"]}]},{\"@type\":\"ImageObject\",\"inLanguage\":\"de\",\"@id\":\"https:\\\/\\\/makermauz.de\\\/?product=kleingewerbelizenz-plotterdateien#primaryimage\",\"url\":\"https:\\\/\\\/makermauz.de\\\/wp-content\\\/uploads\\\/2022\\\/08\\\/plotterdatei-kleingewerbelizenz-lizenz-verkauf_3.jpg\",\"contentUrl\":\"https:\\\/\\\/makermauz.de\\\/wp-content\\\/uploads\\\/2022\\\/08\\\/plotterdatei-kleingewerbelizenz-lizenz-verkauf_3.jpg\",\"width\":900,\"height\":900,\"caption\":\"Plotterdateien Gewerbelizenz\"},{\"@type\":\"BreadcrumbList\",\"@id\":\"https:\\\/\\\/makermauz.de\\\/?product=kleingewerbelizenz-plotterdateien#breadcrumb\",\"itemListElement\":[{\"@type\":\"ListItem\",\"position\":1,\"name\":\"Startseite\",\"item\":\"https:\\\/\\\/makermauz.de\\\/\"},{\"@type\":\"ListItem\",\"position\":2,\"name\":\"Shop\",\"item\":\"https:\\\/\\\/makermauz.de\\\/?page_id=2666\"},{\"@type\":\"ListItem\",\"position\":3,\"name\":\"Gewerbelizenz Plotterdateien\"}]},{\"@type\":\"WebSite\",\"@id\":\"https:\\\/\\\/makermauz.de\\\/#website\",\"url\":\"https:\\\/\\\/makermauz.de\\\/\",\"name\":\"Maker Mauz Sewing\",\"description\":\"N\u00e4hen lernen, Schnittmuster, N\u00e4hanleitungen, Plotterdateien, DIYs\",\"publisher\":{\"@id\":\"https:\\\/\\\/makermauz.de\\\/#\\\/schema\\\/person\\\/66099be1b4736a5fae4fdbba61fc3467\"},\"potentialAction\":[{\"@type\":\"SearchAction\",\"target\":{\"@type\":\"EntryPoint\",\"urlTemplate\":\"https:\\\/\\\/makermauz.de\\\/?s={search_term_string}\"},\"query-input\":{\"@type\":\"PropertyValueSpecification\",\"valueRequired\":true,\"valueName\":\"search_term_string\"}}],\"inLanguage\":\"de\"},{\"@type\":[\"Person\",\"Organization\"],\"@id\":\"https:\\\/\\\/makermauz.de\\\/#\\\/schema\\\/person\\\/66099be1b4736a5fae4fdbba61fc3467\",\"name\":\"Maker Mauz\",\"image\":{\"@type\":\"ImageObject\",\"inLanguage\":\"de\",\"@id\":\"https:\\\/\\\/secure.gravatar.com\\\/avatar\\\/d8220a7fcaab42a4ad29f49238f10b3cfff9d051acd6cc346f6a59384eed2871?s=96&d=mm&r=g\",\"url\":\"https:\\\/\\\/secure.gravatar.com\\\/avatar\\\/d8220a7fcaab42a4ad29f49238f10b3cfff9d051acd6cc346f6a59384eed2871?s=96&d=mm&r=g\",\"contentUrl\":\"https:\\\/\\\/secure.gravatar.com\\\/avatar\\\/d8220a7fcaab42a4ad29f49238f10b3cfff9d051acd6cc346f6a59384eed2871?s=96&d=mm&r=g\",\"caption\":\"Maker Mauz\"},\"logo\":{\"@id\":\"https:\\\/\\\/secure.gravatar.com\\\/avatar\\\/d8220a7fcaab42a4ad29f49238f10b3cfff9d051acd6cc346f6a59384eed2871?s=96&d=mm&r=g\"}}]}<\/script>\n<!-- \/ Yoast SEO plugin. -->","yoast_head_json":{"title":"Kleingewerbelizenz Plotterdateien von Maker Mauz","description":"Du m\u00f6chtest geplottete Dinge nach den Plotterdateien von Maker Mauz Sewing verkaufen? Denn ben\u00f6tigst du die Kleingewerbelizenz f\u00fcr Plotterdateien.","robots":{"index":"index","follow":"follow","max-snippet":"max-snippet:-1","max-image-preview":"max-image-preview:large","max-video-preview":"max-video-preview:-1"},"canonical":"https:\/\/makermauz.de\/?product=kleingewerbelizenz-plotterdateien","og_locale":"de_DE","og_type":"article","og_title":"Kleingewerbelizenz Plotterdateien von Maker Mauz","og_description":"Du m\u00f6chtest geplottete Dinge nach den Plotterdateien von Maker Mauz Sewing verkaufen? Denn ben\u00f6tigst du die Kleingewerbelizenz f\u00fcr Plotterdateien.","og_url":"https:\/\/makermauz.de\/?product=kleingewerbelizenz-plotterdateien","og_site_name":"Maker Mauz Sewing","article_modified_time":"2022-11-08T09:18:46+00:00","og_image":[{"width":900,"height":900,"url":"https:\/\/makermauz.de\/wp-content\/uploads\/2022\/08\/plotterdatei-kleingewerbelizenz-lizenz-verkauf_3.jpg","type":"image\/jpeg"}],"twitter_card":"summary_large_image","twitter_misc":{"Gesch\u00e4tzte Lesezeit":"3\u00a0Minuten"},"schema":{"@context":"https:\/\/schema.org","@graph":[{"@type":"WebPage","@id":"https:\/\/makermauz.de\/?product=kleingewerbelizenz-plotterdateien","url":"https:\/\/makermauz.de\/?product=kleingewerbelizenz-plotterdateien","name":"Kleingewerbelizenz Plotterdateien von Maker Mauz","isPartOf":{"@id":"https:\/\/makermauz.de\/#website"},"primaryImageOfPage":{"@id":"https:\/\/makermauz.de\/?product=kleingewerbelizenz-plotterdateien#primaryimage"},"image":{"@id":"https:\/\/makermauz.de\/?product=kleingewerbelizenz-plotterdateien#primaryimage"},"thumbnailUrl":"https:\/\/makermauz.de\/wp-content\/uploads\/2022\/08\/plotterdatei-kleingewerbelizenz-lizenz-verkauf_3.jpg","datePublished":"2022-08-16T19:33:51+00:00","dateModified":"2022-11-08T09:18:46+00:00","description":"Du m\u00f6chtest geplottete Dinge nach den Plotterdateien von Maker Mauz Sewing verkaufen? Denn ben\u00f6tigst du die Kleingewerbelizenz f\u00fcr Plotterdateien.","breadcrumb":{"@id":"https:\/\/makermauz.de\/?product=kleingewerbelizenz-plotterdateien#breadcrumb"},"inLanguage":"de","potentialAction":[{"@type":"ReadAction","target":["https:\/\/makermauz.de\/?product=kleingewerbelizenz-plotterdateien"]}]},{"@type":"ImageObject","inLanguage":"de","@id":"https:\/\/makermauz.de\/?product=kleingewerbelizenz-plotterdateien#primaryimage","url":"https:\/\/makermauz.de\/wp-content\/uploads\/2022\/08\/plotterdatei-kleingewerbelizenz-lizenz-verkauf_3.jpg","contentUrl":"https:\/\/makermauz.de\/wp-content\/uploads\/2022\/08\/plotterdatei-kleingewerbelizenz-lizenz-verkauf_3.jpg","width":900,"height":900,"caption":"Plotterdateien Gewerbelizenz"},{"@type":"BreadcrumbList","@id":"https:\/\/makermauz.de\/?product=kleingewerbelizenz-plotterdateien#breadcrumb","itemListElement":[{"@type":"ListItem","position":1,"name":"Startseite","item":"https:\/\/makermauz.de\/"},{"@type":"ListItem","position":2,"name":"Shop","item":"https:\/\/makermauz.de\/?page_id=2666"},{"@type":"ListItem","position":3,"name":"Gewerbelizenz Plotterdateien"}]},{"@type":"WebSite","@id":"https:\/\/makermauz.de\/#website","url":"https:\/\/makermauz.de\/","name":"Maker Mauz Sewing","description":"N\u00e4hen lernen, Schnittmuster, N\u00e4hanleitungen, Plotterdateien, DIYs","publisher":{"@id":"https:\/\/makermauz.de\/#\/schema\/person\/66099be1b4736a5fae4fdbba61fc3467"},"potentialAction":[{"@type":"SearchAction","target":{"@type":"EntryPoint","urlTemplate":"https:\/\/makermauz.de\/?s={search_term_string}"},"query-input":{"@type":"PropertyValueSpecification","valueRequired":true,"valueName":"search_term_string"}}],"inLanguage":"de"},{"@type":["Person","Organization"],"@id":"https:\/\/makermauz.de\/#\/schema\/person\/66099be1b4736a5fae4fdbba61fc3467","name":"Maker Mauz","image":{"@type":"ImageObject","inLanguage":"de","@id":"https:\/\/secure.gravatar.com\/avatar\/d8220a7fcaab42a4ad29f49238f10b3cfff9d051acd6cc346f6a59384eed2871?s=96&d=mm&r=g","url":"https:\/\/secure.gravatar.com\/avatar\/d8220a7fcaab42a4ad29f49238f10b3cfff9d051acd6cc346f6a59384eed2871?s=96&d=mm&r=g","contentUrl":"https:\/\/secure.gravatar.com\/avatar\/d8220a7fcaab42a4ad29f49238f10b3cfff9d051acd6cc346f6a59384eed2871?s=96&d=mm&r=g","caption":"Maker Mauz"},"logo":{"@id":"https:\/\/secure.gravatar.com\/avatar\/d8220a7fcaab42a4ad29f49238f10b3cfff9d051acd6cc346f6a59384eed2871?s=96&d=mm&r=g"}}]}},"_links":{"self":[{"href":"https:\/\/makermauz.de\/index.php?rest_route=\/wp\/v2\/product\/4695","targetHints":{"allow":["GET"]}}],"collection":[{"href":"https:\/\/makermauz.de\/index.php?rest_route=\/wp\/v2\/product"}],"about":[{"href":"https:\/\/makermauz.de\/index.php?rest_route=\/wp\/v2\/types\/product"}],"replies":[{"embeddable":true,"href":"https:\/\/makermauz.de\/index.php?rest_route=%2Fwp%2Fv2%2Fcomments&post=4695"}],"version-history":[{"count":25,"href":"https:\/\/makermauz.de\/index.php?rest_route=\/wp\/v2\/product\/4695\/revisions"}],"predecessor-version":[{"id":6016,"href":"https:\/\/makermauz.de\/index.php?rest_route=\/wp\/v2\/product\/4695\/revisions\/6016"}],"wp:featuredmedia":[{"embeddable":true,"href":"https:\/\/makermauz.de\/index.php?rest_route=\/wp\/v2\/media\/4458"}],"wp:attachment":[{"href":"https:\/\/makermauz.de\/index.php?rest_route=%2Fwp%2Fv2%2Fmedia&parent=4695"}],"wp:term":[{"taxonomy":"product_brand","embeddable":true,"href":"https:\/\/makermauz.de\/index.php?rest_route=%2Fwp%2Fv2%2Fproduct_brand&post=4695"},{"taxonomy":"product_cat","embeddable":true,"href":"https:\/\/makermauz.de\/index.php?rest_route=%2Fwp%2Fv2%2Fproduct_cat&post=4695"},{"taxonomy":"product_tag","embeddable":true,"href":"https:\/\/makermauz.de\/index.php?rest_route=%2Fwp%2Fv2%2Fproduct_tag&post=4695"}],"curies":[{"name":"wp","href":"https:\/\/api.w.org\/{rel}","templated":true}]}}