{"id":309,"date":"2017-05-21T16:14:00","date_gmt":"2017-05-21T16:14:00","guid":{"rendered":"https:\/\/makermauz.de\/?page_id=309"},"modified":"2023-03-16T20:31:11","modified_gmt":"2023-03-16T20:31:11","slug":"schnittmuster-ausdrucken-und-zusammenkleben","status":"publish","type":"page","link":"https:\/\/makermauz.de\/?page_id=309","title":{"rendered":"Schnittmuster ausdrucken und zusammenkleben"},"content":{"rendered":"\t\t<div data-elementor-type=\"wp-page\" data-elementor-id=\"309\" class=\"elementor elementor-309\">\n\t\t\t\t\t\t<section class=\"elementor-section elementor-top-section elementor-element elementor-element-38bbe95 elementor-section-boxed elementor-section-height-default elementor-section-height-default\" data-id=\"38bbe95\" data-element_type=\"section\" data-e-type=\"section\">\n\t\t\t\t\t\t<div class=\"elementor-container elementor-column-gap-default\">\n\t\t\t\t\t<div class=\"elementor-column elementor-col-100 elementor-top-column elementor-element elementor-element-3048e0dd\" data-id=\"3048e0dd\" data-element_type=\"column\" data-e-type=\"column\">\n\t\t\t<div class=\"elementor-widget-wrap elementor-element-populated\">\n\t\t\t\t\t\t<div class=\"elementor-element elementor-element-3e8ebaf6 elementor-widget elementor-widget-text-editor\" data-id=\"3e8ebaf6\" data-element_type=\"widget\" data-e-type=\"widget\" data-widget_type=\"text-editor.default\">\n\t\t\t\t<div class=\"elementor-widget-container\">\n\t\t\t\t\t\t\t\t\t<p><\/p>\n<h1>Schnittmuster ausdrucken und zusammenkleben<\/h1>\n<p>1. Lade dir dazu das PDF herunter, speichere es auf deinem PC und \u00f6ffne es in einem PDF Reader z.B. Adobe Acrobat Reader (Dieses Programm kann kostenlos heruntergeladen werden). Drucke alle Schnittteile aus. ACHTUNG: Dabei musst du darauf achten, dass das Dokument in Originalgr\u00f6\u00dfe (bzw. tats\u00e4chliche Gr\u00f6\u00dfe oder 100%) ausgedruckt wird, d. h. es darf KEINE Seitenanpassung durchgef\u00fchrt werden. Kontrolliere zur \u00dcberpr\u00fcfung das Kontrollk\u00e4stchen. Ist dieses genau 3 x 3 cm gro\u00df, ist alles richtig. (Um beim Kontrollieren Papier zu sparen solltest du nur die erste Seite ausdrucken.)<\/p>\n<p><\/p>\n<figure class=\"wp-block-image\"><img fetchpriority=\"high\" decoding=\"async\" width=\"767\" height=\"270\" class=\"wp-image-3676\" src=\"https:\/\/makermauz.de\/wp-content\/uploads\/2022\/08\/schnittmuster_ausdrucken_acrobat_reader_grafik_erklaerung_maker-mauz-sewing.jpg\" alt=\"Schnittmuster audrucken\" srcset=\"https:\/\/makermauz.de\/wp-content\/uploads\/2022\/08\/schnittmuster_ausdrucken_acrobat_reader_grafik_erklaerung_maker-mauz-sewing.jpg 767w, https:\/\/makermauz.de\/wp-content\/uploads\/2022\/08\/schnittmuster_ausdrucken_acrobat_reader_grafik_erklaerung_maker-mauz-sewing-300x106.jpg 300w, https:\/\/makermauz.de\/wp-content\/uploads\/2022\/08\/schnittmuster_ausdrucken_acrobat_reader_grafik_erklaerung_maker-mauz-sewing-600x211.jpg 600w\" sizes=\"(max-width: 767px) 100vw, 767px\" \/><\/figure>\n<p><\/p>\n<p>2. Schneide jedes Blatt an der gestrichelten Scheren Markierung entlang des Rands ab. Klebe die Teilst\u00fccke der Schnittteile zusammen. Die Markierungen zeigen dir, welche Teile aneinander geh\u00f6ren. Schneide bei jedem Blatt die Seiten mit der Markierung \u201eHier schneiden\u201c entlang des Randes ab. Klebe die geschnittenen Kanten an die Markierung \u201eHier kleben\u201c. Diese Markierungen mit Buchstaben oder Zahlen am Schneide- und Kleberand zeigen dir, welche Teile zueinander geh\u00f6ren. Die gro\u00dfen Nummern links oben helfen dir als zus\u00e4tzliche Orientierung. (Bei \u00e4lteren Schnittmustern sind die gro\u00dfen Nummern sowie die \u201eHier schneiden\u201c und hier \u201eHier kleben\u201c Markierungen nicht vorhanden. Du kannst das Schnittmuster mit Klebestreifen zusammenkleben oder ebenfalls nur eine Seite abschneiden und an die andere Seite kleben)<\/p>\n<p><\/p>\n<figure class=\"wp-block-image\"><img decoding=\"async\" width=\"767\" height=\"512\" class=\"wp-image-3677\" src=\"https:\/\/makermauz.de\/wp-content\/uploads\/2022\/08\/schnittmuster_zusammenkleben_grafik_erklaerung_maker-mauz-sewing.png\" alt=\"Schnittmuster ausdrucken und zusammenkleben\" srcset=\"https:\/\/makermauz.de\/wp-content\/uploads\/2022\/08\/schnittmuster_zusammenkleben_grafik_erklaerung_maker-mauz-sewing.png 767w, https:\/\/makermauz.de\/wp-content\/uploads\/2022\/08\/schnittmuster_zusammenkleben_grafik_erklaerung_maker-mauz-sewing-300x200.png 300w, https:\/\/makermauz.de\/wp-content\/uploads\/2022\/08\/schnittmuster_zusammenkleben_grafik_erklaerung_maker-mauz-sewing-600x401.png 600w\" sizes=\"(max-width: 767px) 100vw, 767px\" \/><\/figure>\n<p><\/p>\n<p>3. Pause die ben\u00f6tigte Gr\u00f6\u00dfe vom ausgebreiteten Schnittbogen ab und schneide die Schnittteile aus.<\/p>\n<p><\/p>\t\t\t\t\t\t\t\t<\/div>\n\t\t\t\t<\/div>\n\t\t\t\t<div class=\"elementor-element elementor-element-3483c43 elementor-widget elementor-widget-text-editor\" data-id=\"3483c43\" data-element_type=\"widget\" data-e-type=\"widget\" data-widget_type=\"text-editor.default\">\n\t\t\t\t<div class=\"elementor-widget-container\">\n\t\t\t\t\t\t\t\t\t<h3>Schnittmuster ausdrucken und zusammenkleben Video, falls du lieber schaust statt zu lesen:<\/h3>\t\t\t\t\t\t\t\t<\/div>\n\t\t\t\t<\/div>\n\t\t\t\t<div class=\"elementor-element elementor-element-4a9e04b elementor-widget elementor-widget-video\" data-id=\"4a9e04b\" data-element_type=\"widget\" data-e-type=\"widget\" data-settings=\"{&quot;youtube_url&quot;:&quot;https:\\\/\\\/youtu.be\\\/7YoCixXlXus&quot;,&quot;video_type&quot;:&quot;youtube&quot;,&quot;controls&quot;:&quot;yes&quot;}\" data-widget_type=\"video.default\">\n\t\t\t\t<div class=\"elementor-widget-container\">\n\t\t\t\t\t\t\t<div class=\"elementor-wrapper elementor-open-inline\">\n\t\t\t<div class=\"elementor-video\"><\/div>\t\t<\/div>\n\t\t\t\t\t\t<\/div>\n\t\t\t\t<\/div>\n\t\t\t\t\t<\/div>\n\t\t<\/div>\n\t\t\t\t\t<\/div>\n\t\t<\/section>\n\t\t\t\t<section class=\"elementor-section elementor-top-section elementor-element elementor-element-848a8c9 elementor-section-boxed elementor-section-height-default elementor-section-height-default\" data-id=\"848a8c9\" data-element_type=\"section\" data-e-type=\"section\">\n\t\t\t\t\t\t<div class=\"elementor-container elementor-column-gap-default\">\n\t\t\t\t\t<div class=\"elementor-column elementor-col-100 elementor-top-column elementor-element elementor-element-2379f15\" data-id=\"2379f15\" data-element_type=\"column\" data-e-type=\"column\">\n\t\t\t<div class=\"elementor-widget-wrap elementor-element-populated\">\n\t\t\t\t\t\t<div class=\"elementor-element elementor-element-c400ad6 elementor-widget-divider--separator-type-pattern elementor-widget-divider--view-line elementor-widget elementor-widget-divider\" data-id=\"c400ad6\" data-element_type=\"widget\" data-e-type=\"widget\" data-widget_type=\"divider.default\">\n\t\t\t\t<div class=\"elementor-widget-container\">\n\t\t\t\t\t\t\t<div class=\"elementor-divider\" style=\"--divider-pattern-url: url(&quot;data:image\/svg+xml,%3Csvg xmlns=&#039;http:\/\/www.w3.org\/2000\/svg&#039; preserveAspectRatio=&#039;none&#039; overflow=&#039;visible&#039; height=&#039;100%&#039; viewBox=&#039;0 0 24 24&#039; fill=&#039;none&#039; stroke=&#039;black&#039; stroke-width=&#039;1&#039; stroke-linecap=&#039;square&#039; stroke-miterlimit=&#039;10&#039;%3E%3Cpolyline points=&#039;0,18 12,6 24,18 &#039;\/%3E%3C\/svg%3E&quot;);\">\n\t\t\t<span class=\"elementor-divider-separator\">\n\t\t\t\t\t\t<\/span>\n\t\t<\/div>\n\t\t\t\t\t\t<\/div>\n\t\t\t\t<\/div>\n\t\t\t\t\t<\/div>\n\t\t<\/div>\n\t\t\t\t\t<\/div>\n\t\t<\/section>\n\t\t\t\t<section class=\"elementor-section elementor-top-section elementor-element elementor-element-b92aed5 elementor-section-boxed elementor-section-height-default elementor-section-height-default\" data-id=\"b92aed5\" data-element_type=\"section\" data-e-type=\"section\">\n\t\t\t\t\t\t<div class=\"elementor-container elementor-column-gap-default\">\n\t\t\t\t\t<div class=\"elementor-column elementor-col-25 elementor-top-column elementor-element elementor-element-e1ac995\" data-id=\"e1ac995\" data-element_type=\"column\" data-e-type=\"column\">\n\t\t\t<div class=\"elementor-widget-wrap elementor-element-populated\">\n\t\t\t\t\t\t<div class=\"elementor-element elementor-element-bd0433b elementor-widget elementor-widget-image\" data-id=\"bd0433b\" data-element_type=\"widget\" data-e-type=\"widget\" data-widget_type=\"image.default\">\n\t\t\t\t<div class=\"elementor-widget-container\">\n\t\t\t\t\t\t\t\t\t\t\t\t\t\t\t\t<a href=\"https:\/\/makermauz.de\/schnittmuster\/\">\n\t\t\t\t\t\t\t<img decoding=\"async\" width=\"350\" height=\"450\" src=\"https:\/\/makermauz.de\/wp-content\/uploads\/2021\/06\/Schnittmuster-Naehanleitung-Video-Maker-Mauz-Sewing-Teaser.jpg\" class=\"attachment-large size-large wp-image-2092\" alt=\"Schnittmuster und N\u00e4hanleitungen in meinem Shop\" srcset=\"https:\/\/makermauz.de\/wp-content\/uploads\/2021\/06\/Schnittmuster-Naehanleitung-Video-Maker-Mauz-Sewing-Teaser.jpg 350w, https:\/\/makermauz.de\/wp-content\/uploads\/2021\/06\/Schnittmuster-Naehanleitung-Video-Maker-Mauz-Sewing-Teaser-233x300.jpg 233w\" sizes=\"(max-width: 350px) 100vw, 350px\" \/>\t\t\t\t\t\t\t\t<\/a>\n\t\t\t\t\t\t\t\t\t\t\t\t\t\t\t<\/div>\n\t\t\t\t<\/div>\n\t\t\t\t\t<\/div>\n\t\t<\/div>\n\t\t\t\t<div class=\"elementor-column elementor-col-25 elementor-top-column elementor-element elementor-element-e3bde51\" data-id=\"e3bde51\" data-element_type=\"column\" data-e-type=\"column\">\n\t\t\t<div class=\"elementor-widget-wrap elementor-element-populated\">\n\t\t\t\t\t\t<div class=\"elementor-element elementor-element-2f71629 elementor-widget elementor-widget-image\" data-id=\"2f71629\" data-element_type=\"widget\" data-e-type=\"widget\" data-widget_type=\"image.default\">\n\t\t\t\t<div class=\"elementor-widget-container\">\n\t\t\t\t\t\t\t\t\t\t\t\t\t\t\t\t<a href=\"https:\/\/www.youtube.com\/c\/makermauzsewing\">\n\t\t\t\t\t\t\t<img loading=\"lazy\" decoding=\"async\" width=\"350\" height=\"450\" src=\"https:\/\/makermauz.de\/wp-content\/uploads\/2021\/06\/YouTube-Kanal-Schnittmuster-Naehen-lernen-Maker-Mauz-Sewing-Teaser.jpg\" class=\"attachment-large size-large wp-image-2094\" alt=\"Videoanleitungen zum N\u00e4hen lernen\" srcset=\"https:\/\/makermauz.de\/wp-content\/uploads\/2021\/06\/YouTube-Kanal-Schnittmuster-Naehen-lernen-Maker-Mauz-Sewing-Teaser.jpg 350w, https:\/\/makermauz.de\/wp-content\/uploads\/2021\/06\/YouTube-Kanal-Schnittmuster-Naehen-lernen-Maker-Mauz-Sewing-Teaser-233x300.jpg 233w\" sizes=\"(max-width: 350px) 100vw, 350px\" \/>\t\t\t\t\t\t\t\t<\/a>\n\t\t\t\t\t\t\t\t\t\t\t\t\t\t\t<\/div>\n\t\t\t\t<\/div>\n\t\t\t\t\t<\/div>\n\t\t<\/div>\n\t\t\t\t<div class=\"elementor-column elementor-col-25 elementor-top-column elementor-element elementor-element-1661cf3\" data-id=\"1661cf3\" data-element_type=\"column\" data-e-type=\"column\">\n\t\t\t<div class=\"elementor-widget-wrap elementor-element-populated\">\n\t\t\t\t\t\t<div class=\"elementor-element elementor-element-3ee2e77 elementor-widget elementor-widget-image\" data-id=\"3ee2e77\" data-element_type=\"widget\" data-e-type=\"widget\" data-widget_type=\"image.default\">\n\t\t\t\t<div class=\"elementor-widget-container\">\n\t\t\t\t\t\t\t\t\t\t\t\t\t\t\t\t<a href=\"https:\/\/makermauz.de\/schnittmuster-abpausen\/\">\n\t\t\t\t\t\t\t<img loading=\"lazy\" decoding=\"async\" width=\"350\" height=\"450\" src=\"https:\/\/makermauz.de\/wp-content\/uploads\/2022\/08\/Schnittmuster_abpausen_Naehen-lernen_Maker-Mauz-Sewing-Teaser.jpg\" class=\"attachment-large size-large wp-image-4819\" alt=\"\" srcset=\"https:\/\/makermauz.de\/wp-content\/uploads\/2022\/08\/Schnittmuster_abpausen_Naehen-lernen_Maker-Mauz-Sewing-Teaser.jpg 350w, https:\/\/makermauz.de\/wp-content\/uploads\/2022\/08\/Schnittmuster_abpausen_Naehen-lernen_Maker-Mauz-Sewing-Teaser-233x300.jpg 233w\" sizes=\"(max-width: 350px) 100vw, 350px\" \/>\t\t\t\t\t\t\t\t<\/a>\n\t\t\t\t\t\t\t\t\t\t\t\t\t\t\t<\/div>\n\t\t\t\t<\/div>\n\t\t\t\t\t<\/div>\n\t\t<\/div>\n\t\t\t\t<div class=\"elementor-column elementor-col-25 elementor-top-column elementor-element elementor-element-f27df31\" data-id=\"f27df31\" data-element_type=\"column\" data-e-type=\"column\">\n\t\t\t<div class=\"elementor-widget-wrap elementor-element-populated\">\n\t\t\t\t\t\t<div class=\"elementor-element elementor-element-a1f4da8 elementor-widget elementor-widget-image\" data-id=\"a1f4da8\" data-element_type=\"widget\" data-e-type=\"widget\" data-widget_type=\"image.default\">\n\t\t\t\t<div class=\"elementor-widget-container\">\n\t\t\t\t\t\t\t\t\t\t\t\t\t\t\t\t<a href=\"https:\/\/stats.sender.net\/forms\/e7751e\/view\">\n\t\t\t\t\t\t\t<img loading=\"lazy\" decoding=\"async\" width=\"350\" height=\"450\" src=\"https:\/\/makermauz.de\/wp-content\/uploads\/2022\/08\/Newsletter_abonnieren_Schnittmuster_plotterdateien_Maker-Mauz-Sewing-Teaser_2.jpg\" class=\"attachment-large size-large wp-image-4817\" alt=\"\" srcset=\"https:\/\/makermauz.de\/wp-content\/uploads\/2022\/08\/Newsletter_abonnieren_Schnittmuster_plotterdateien_Maker-Mauz-Sewing-Teaser_2.jpg 350w, https:\/\/makermauz.de\/wp-content\/uploads\/2022\/08\/Newsletter_abonnieren_Schnittmuster_plotterdateien_Maker-Mauz-Sewing-Teaser_2-233x300.jpg 233w\" sizes=\"(max-width: 350px) 100vw, 350px\" \/>\t\t\t\t\t\t\t\t<\/a>\n\t\t\t\t\t\t\t\t\t\t\t\t\t\t\t<\/div>\n\t\t\t\t<\/div>\n\t\t\t\t\t<\/div>\n\t\t<\/div>\n\t\t\t\t\t<\/div>\n\t\t<\/section>\n\t\t\t\t<\/div>\n\t\t","protected":false},"excerpt":{"rendered":"<p>Schnittmuster ausdrucken und zusammenkleben 1. Lade dir dazu das PDF herunter, speichere es auf deinem PC und \u00f6ffne es in einem PDF Reader z.B. Adobe Acrobat Reader (Dieses Programm kann kostenlos heruntergeladen werden). Drucke alle Schnittteile aus. ACHTUNG: Dabei musst &hellip; <a href=\"https:\/\/makermauz.de\/?page_id=309\">Weiter<\/a><\/p>\n","protected":false},"author":1,"featured_media":314,"parent":0,"menu_order":0,"comment_status":"closed","ping_status":"closed","template":"","meta":{"om_disable_all_campaigns":false,"kt_blocks_editor_width":"","_monsterinsights_skip_tracking":false,"_monsterinsights_sitenote_active":false,"_monsterinsights_sitenote_note":"","_monsterinsights_sitenote_category":0,"footnotes":"","_links_to":"","_links_to_target":""},"class_list":["post-309","page","type-page","status-publish","has-post-thumbnail","hentry"],"yoast_head":"<!-- This site is optimized with the Yoast SEO plugin v27.6 - https:\/\/yoast.com\/product\/yoast-seo-wordpress\/ -->\n<title>Schnittmuster ausdrucken und zusammenkleben<\/title>\n<meta name=\"description\" content=\"Eine Anleitung zum Schnittmuster ausdrucken und zusammenkleben. Die Anleitung der Schnittmuster findet ihr zus\u00e4tzlich in den N\u00e4hanleitungen.\" \/>\n<meta name=\"robots\" content=\"index, follow, max-snippet:-1, max-image-preview:large, max-video-preview:-1\" \/>\n<link rel=\"canonical\" href=\"https:\/\/makermauz.de\/?page_id=309\" \/>\n<meta property=\"og:locale\" content=\"de_DE\" \/>\n<meta property=\"og:type\" content=\"article\" \/>\n<meta property=\"og:title\" content=\"Schnittmuster ausdrucken und zusammenkleben\" \/>\n<meta property=\"og:description\" content=\"Eine Anleitung zum Schnittmuster ausdrucken und zusammenkleben. Die Anleitung der Schnittmuster findet ihr zus\u00e4tzlich in den N\u00e4hanleitungen.\" \/>\n<meta property=\"og:url\" content=\"https:\/\/makermauz.de\/?page_id=309\" \/>\n<meta property=\"og:site_name\" content=\"Maker Mauz Sewing\" \/>\n<meta property=\"article:modified_time\" content=\"2023-03-16T20:31:11+00:00\" \/>\n<meta property=\"og:image\" content=\"https:\/\/makermauz.de\/wp-content\/uploads\/2019\/12\/Vorlage-Vorschaubilder-Schnittmuster-ausdrucken-400x400-1.jpg\" \/>\n\t<meta property=\"og:image:width\" content=\"400\" \/>\n\t<meta property=\"og:image:height\" content=\"400\" \/>\n\t<meta property=\"og:image:type\" content=\"image\/jpeg\" \/>\n<meta name=\"twitter:card\" content=\"summary_large_image\" \/>\n<meta name=\"twitter:label1\" content=\"Gesch\u00e4tzte Lesezeit\" \/>\n\t<meta name=\"twitter:data1\" content=\"3\u00a0Minuten\" \/>\n<script type=\"application\/ld+json\" class=\"yoast-schema-graph\">{\"@context\":\"https:\\\/\\\/schema.org\",\"@graph\":[{\"@type\":\"WebPage\",\"@id\":\"https:\\\/\\\/makermauz.de\\\/?page_id=309\",\"url\":\"https:\\\/\\\/makermauz.de\\\/?page_id=309\",\"name\":\"Schnittmuster ausdrucken und zusammenkleben\",\"isPartOf\":{\"@id\":\"https:\\\/\\\/makermauz.de\\\/#website\"},\"primaryImageOfPage\":{\"@id\":\"https:\\\/\\\/makermauz.de\\\/?page_id=309#primaryimage\"},\"image\":{\"@id\":\"https:\\\/\\\/makermauz.de\\\/?page_id=309#primaryimage\"},\"thumbnailUrl\":\"https:\\\/\\\/makermauz.de\\\/wp-content\\\/uploads\\\/2019\\\/12\\\/Vorlage-Vorschaubilder-Schnittmuster-ausdrucken-400x400-1.jpg\",\"datePublished\":\"2017-05-21T16:14:00+00:00\",\"dateModified\":\"2023-03-16T20:31:11+00:00\",\"description\":\"Eine Anleitung zum Schnittmuster ausdrucken und zusammenkleben. Die Anleitung der Schnittmuster findet ihr zus\u00e4tzlich in den N\u00e4hanleitungen.\",\"breadcrumb\":{\"@id\":\"https:\\\/\\\/makermauz.de\\\/?page_id=309#breadcrumb\"},\"inLanguage\":\"de\",\"potentialAction\":[{\"@type\":\"ReadAction\",\"target\":[\"https:\\\/\\\/makermauz.de\\\/?page_id=309\"]}]},{\"@type\":\"ImageObject\",\"inLanguage\":\"de\",\"@id\":\"https:\\\/\\\/makermauz.de\\\/?page_id=309#primaryimage\",\"url\":\"https:\\\/\\\/makermauz.de\\\/wp-content\\\/uploads\\\/2019\\\/12\\\/Vorlage-Vorschaubilder-Schnittmuster-ausdrucken-400x400-1.jpg\",\"contentUrl\":\"https:\\\/\\\/makermauz.de\\\/wp-content\\\/uploads\\\/2019\\\/12\\\/Vorlage-Vorschaubilder-Schnittmuster-ausdrucken-400x400-1.jpg\",\"width\":400,\"height\":400,\"caption\":\"Vorlage Vorschaubilder Schnittmuster ausdrucken\"},{\"@type\":\"BreadcrumbList\",\"@id\":\"https:\\\/\\\/makermauz.de\\\/?page_id=309#breadcrumb\",\"itemListElement\":[{\"@type\":\"ListItem\",\"position\":1,\"name\":\"Startseite\",\"item\":\"https:\\\/\\\/makermauz.de\\\/\"},{\"@type\":\"ListItem\",\"position\":2,\"name\":\"Schnittmuster ausdrucken und zusammenkleben\"}]},{\"@type\":\"WebSite\",\"@id\":\"https:\\\/\\\/makermauz.de\\\/#website\",\"url\":\"https:\\\/\\\/makermauz.de\\\/\",\"name\":\"Maker Mauz Sewing\",\"description\":\"N\u00e4hen lernen, Schnittmuster, N\u00e4hanleitungen, Plotterdateien, DIYs\",\"publisher\":{\"@id\":\"https:\\\/\\\/makermauz.de\\\/#\\\/schema\\\/person\\\/66099be1b4736a5fae4fdbba61fc3467\"},\"potentialAction\":[{\"@type\":\"SearchAction\",\"target\":{\"@type\":\"EntryPoint\",\"urlTemplate\":\"https:\\\/\\\/makermauz.de\\\/?s={search_term_string}\"},\"query-input\":{\"@type\":\"PropertyValueSpecification\",\"valueRequired\":true,\"valueName\":\"search_term_string\"}}],\"inLanguage\":\"de\"},{\"@type\":[\"Person\",\"Organization\"],\"@id\":\"https:\\\/\\\/makermauz.de\\\/#\\\/schema\\\/person\\\/66099be1b4736a5fae4fdbba61fc3467\",\"name\":\"Maker Mauz\",\"image\":{\"@type\":\"ImageObject\",\"inLanguage\":\"de\",\"@id\":\"https:\\\/\\\/secure.gravatar.com\\\/avatar\\\/d8220a7fcaab42a4ad29f49238f10b3cfff9d051acd6cc346f6a59384eed2871?s=96&d=mm&r=g\",\"url\":\"https:\\\/\\\/secure.gravatar.com\\\/avatar\\\/d8220a7fcaab42a4ad29f49238f10b3cfff9d051acd6cc346f6a59384eed2871?s=96&d=mm&r=g\",\"contentUrl\":\"https:\\\/\\\/secure.gravatar.com\\\/avatar\\\/d8220a7fcaab42a4ad29f49238f10b3cfff9d051acd6cc346f6a59384eed2871?s=96&d=mm&r=g\",\"caption\":\"Maker Mauz\"},\"logo\":{\"@id\":\"https:\\\/\\\/secure.gravatar.com\\\/avatar\\\/d8220a7fcaab42a4ad29f49238f10b3cfff9d051acd6cc346f6a59384eed2871?s=96&d=mm&r=g\"}}]}<\/script>\n<!-- \/ Yoast SEO plugin. -->","yoast_head_json":{"title":"Schnittmuster ausdrucken und zusammenkleben","description":"Eine Anleitung zum Schnittmuster ausdrucken und zusammenkleben. Die Anleitung der Schnittmuster findet ihr zus\u00e4tzlich in den N\u00e4hanleitungen.","robots":{"index":"index","follow":"follow","max-snippet":"max-snippet:-1","max-image-preview":"max-image-preview:large","max-video-preview":"max-video-preview:-1"},"canonical":"https:\/\/makermauz.de\/?page_id=309","og_locale":"de_DE","og_type":"article","og_title":"Schnittmuster ausdrucken und zusammenkleben","og_description":"Eine Anleitung zum Schnittmuster ausdrucken und zusammenkleben. Die Anleitung der Schnittmuster findet ihr zus\u00e4tzlich in den N\u00e4hanleitungen.","og_url":"https:\/\/makermauz.de\/?page_id=309","og_site_name":"Maker Mauz Sewing","article_modified_time":"2023-03-16T20:31:11+00:00","og_image":[{"width":400,"height":400,"url":"https:\/\/makermauz.de\/wp-content\/uploads\/2019\/12\/Vorlage-Vorschaubilder-Schnittmuster-ausdrucken-400x400-1.jpg","type":"image\/jpeg"}],"twitter_card":"summary_large_image","twitter_misc":{"Gesch\u00e4tzte Lesezeit":"3\u00a0Minuten"},"schema":{"@context":"https:\/\/schema.org","@graph":[{"@type":"WebPage","@id":"https:\/\/makermauz.de\/?page_id=309","url":"https:\/\/makermauz.de\/?page_id=309","name":"Schnittmuster ausdrucken und zusammenkleben","isPartOf":{"@id":"https:\/\/makermauz.de\/#website"},"primaryImageOfPage":{"@id":"https:\/\/makermauz.de\/?page_id=309#primaryimage"},"image":{"@id":"https:\/\/makermauz.de\/?page_id=309#primaryimage"},"thumbnailUrl":"https:\/\/makermauz.de\/wp-content\/uploads\/2019\/12\/Vorlage-Vorschaubilder-Schnittmuster-ausdrucken-400x400-1.jpg","datePublished":"2017-05-21T16:14:00+00:00","dateModified":"2023-03-16T20:31:11+00:00","description":"Eine Anleitung zum Schnittmuster ausdrucken und zusammenkleben. Die Anleitung der Schnittmuster findet ihr zus\u00e4tzlich in den N\u00e4hanleitungen.","breadcrumb":{"@id":"https:\/\/makermauz.de\/?page_id=309#breadcrumb"},"inLanguage":"de","potentialAction":[{"@type":"ReadAction","target":["https:\/\/makermauz.de\/?page_id=309"]}]},{"@type":"ImageObject","inLanguage":"de","@id":"https:\/\/makermauz.de\/?page_id=309#primaryimage","url":"https:\/\/makermauz.de\/wp-content\/uploads\/2019\/12\/Vorlage-Vorschaubilder-Schnittmuster-ausdrucken-400x400-1.jpg","contentUrl":"https:\/\/makermauz.de\/wp-content\/uploads\/2019\/12\/Vorlage-Vorschaubilder-Schnittmuster-ausdrucken-400x400-1.jpg","width":400,"height":400,"caption":"Vorlage Vorschaubilder Schnittmuster ausdrucken"},{"@type":"BreadcrumbList","@id":"https:\/\/makermauz.de\/?page_id=309#breadcrumb","itemListElement":[{"@type":"ListItem","position":1,"name":"Startseite","item":"https:\/\/makermauz.de\/"},{"@type":"ListItem","position":2,"name":"Schnittmuster ausdrucken und zusammenkleben"}]},{"@type":"WebSite","@id":"https:\/\/makermauz.de\/#website","url":"https:\/\/makermauz.de\/","name":"Maker Mauz Sewing","description":"N\u00e4hen lernen, Schnittmuster, N\u00e4hanleitungen, Plotterdateien, DIYs","publisher":{"@id":"https:\/\/makermauz.de\/#\/schema\/person\/66099be1b4736a5fae4fdbba61fc3467"},"potentialAction":[{"@type":"SearchAction","target":{"@type":"EntryPoint","urlTemplate":"https:\/\/makermauz.de\/?s={search_term_string}"},"query-input":{"@type":"PropertyValueSpecification","valueRequired":true,"valueName":"search_term_string"}}],"inLanguage":"de"},{"@type":["Person","Organization"],"@id":"https:\/\/makermauz.de\/#\/schema\/person\/66099be1b4736a5fae4fdbba61fc3467","name":"Maker Mauz","image":{"@type":"ImageObject","inLanguage":"de","@id":"https:\/\/secure.gravatar.com\/avatar\/d8220a7fcaab42a4ad29f49238f10b3cfff9d051acd6cc346f6a59384eed2871?s=96&d=mm&r=g","url":"https:\/\/secure.gravatar.com\/avatar\/d8220a7fcaab42a4ad29f49238f10b3cfff9d051acd6cc346f6a59384eed2871?s=96&d=mm&r=g","contentUrl":"https:\/\/secure.gravatar.com\/avatar\/d8220a7fcaab42a4ad29f49238f10b3cfff9d051acd6cc346f6a59384eed2871?s=96&d=mm&r=g","caption":"Maker Mauz"},"logo":{"@id":"https:\/\/secure.gravatar.com\/avatar\/d8220a7fcaab42a4ad29f49238f10b3cfff9d051acd6cc346f6a59384eed2871?s=96&d=mm&r=g"}}]}},"_links":{"self":[{"href":"https:\/\/makermauz.de\/index.php?rest_route=\/wp\/v2\/pages\/309","targetHints":{"allow":["GET"]}}],"collection":[{"href":"https:\/\/makermauz.de\/index.php?rest_route=\/wp\/v2\/pages"}],"about":[{"href":"https:\/\/makermauz.de\/index.php?rest_route=\/wp\/v2\/types\/page"}],"author":[{"embeddable":true,"href":"https:\/\/makermauz.de\/index.php?rest_route=\/wp\/v2\/users\/1"}],"replies":[{"embeddable":true,"href":"https:\/\/makermauz.de\/index.php?rest_route=%2Fwp%2Fv2%2Fcomments&post=309"}],"version-history":[{"count":31,"href":"https:\/\/makermauz.de\/index.php?rest_route=\/wp\/v2\/pages\/309\/revisions"}],"predecessor-version":[{"id":6306,"href":"https:\/\/makermauz.de\/index.php?rest_route=\/wp\/v2\/pages\/309\/revisions\/6306"}],"wp:featuredmedia":[{"embeddable":true,"href":"https:\/\/makermauz.de\/index.php?rest_route=\/wp\/v2\/media\/314"}],"wp:attachment":[{"href":"https:\/\/makermauz.de\/index.php?rest_route=%2Fwp%2Fv2%2Fmedia&parent=309"}],"curies":[{"name":"wp","href":"https:\/\/api.w.org\/{rel}","templated":true}]}}