{"id":300,"date":"2016-10-26T15:59:43","date_gmt":"2016-10-26T15:59:43","guid":{"rendered":"https:\/\/makermauz.de\/?page_id=300"},"modified":"2024-11-09T12:34:54","modified_gmt":"2024-11-09T12:34:54","slug":"presse-werbung","status":"publish","type":"page","link":"https:\/\/makermauz.de\/?page_id=300","title":{"rendered":"Presse &#038; Werbung"},"content":{"rendered":"\t\t<div data-elementor-type=\"wp-page\" data-elementor-id=\"300\" class=\"elementor elementor-300\">\n\t\t\t\t\t\t<section class=\"elementor-section elementor-top-section elementor-element elementor-element-7a238b96 elementor-section-boxed elementor-section-height-default elementor-section-height-default\" data-id=\"7a238b96\" data-element_type=\"section\" data-e-type=\"section\">\n\t\t\t\t\t\t<div class=\"elementor-container elementor-column-gap-default\">\n\t\t\t\t\t<div class=\"elementor-column elementor-col-100 elementor-top-column elementor-element elementor-element-5e0e7fa9\" data-id=\"5e0e7fa9\" data-element_type=\"column\" data-e-type=\"column\">\n\t\t\t<div class=\"elementor-widget-wrap elementor-element-populated\">\n\t\t\t\t\t\t<div class=\"elementor-element elementor-element-1f06501d elementor-widget elementor-widget-text-editor\" data-id=\"1f06501d\" data-element_type=\"widget\" data-e-type=\"widget\" data-widget_type=\"text-editor.default\">\n\t\t\t\t<div class=\"elementor-widget-container\">\n\t\t\t\t\t\t\t\t\t<p>Du willst \u00fcber mich schreiben oder Werbung schalten? Dann bist du hier bei Presse &amp; Werbung genau richtig.<br \/>Hier finden du unter anderem Infos zum Blog sowie das Mediakit, das alle wichtigen Daten und Fakten in einer PDF Datei zusammenfasst.<\/p><p><a href=\"https:\/\/makermauz.de\/wp-content\/uploads\/2024\/11\/Media-Kit-Maker-Mauz-Sewing_November-2024.pdf\" target=\"_blank\" rel=\"noopener\">Media Kit Maker Mauz Sewing<\/a><\/p><p>Bei meinem Blog Maker Mauz Sewing sind aber auch unterschiedliche Koorperationen m\u00f6glich. Egal ob Produkttests, Bannerwerbungen oder sonstiges. Preise werden individuell verhandelt. Koorperationen werden sorgf\u00e4ltig ausgew\u00e4hlt, da diese zu meinem Blog passen sollen und zudem einen Mehrwert f\u00fcr meine Leser bieten sollen. Schreibt mir einfach.<\/p><p>Seit August 2019 lade ich immer wieder neue Videos auf meinen <a href=\"https:\/\/www.youtube.com\/c\/makermauzsewing\" target=\"_blank\" rel=\"noopener\">YouTube Kanal Maker Mauz Sewing<\/a>, die bereits 1.093.557-<span class=\"about-stat\">mal Aufgerufen wurden<\/span>. Dort und auf meinem Blog \u201eMaker Mauz Sewing\u201c dreht sich alles um das N\u00e4hen. Von kleinen selbstgen\u00e4hten Dingen f\u00fcr den Alltag, Schritt-f\u00fcr-Schritt Anleitungen von Schnittmustern bis hin zu N\u00e4htechniken ist alles dabei. Neben detaillierten Videos und Schnittmustern will ich auch Wissen rund ums N\u00e4hen und Basteln, Tipps und Tricks anbieten.<\/p><h3>Social Media<\/h3><p>YouTube Follower: 6960<br \/>Instagram-Follower: 7727<br \/>Facebook-Fans: 1170<br \/>Pinterest: 582<br \/>Newsletter: 847<\/p><h3>Gru\u0308nderin Jaqueline Wenger<\/h3><p>Mein Name ist Jaqueline und ich arbeite als Grafikdesignerin. Ich habe meine Ausbildung in der St\u00e4dtische Berufsfachschule f\u00fcr Kommunikationsdesign in M\u00fcnchen zum Juli 2006 erfolgreich beendet. 2011 habe ich einen Fernlehrgang zur Professionellen Fotografie absolviert. 2015 habe ich meine YouTube Kanal Maker Mauz gegr\u00fcndet. Daraus hat sich der Blog Maker Mauz sewing im November 2016 entwickelt und der neue <a href=\"https:\/\/www.youtube.com\/c\/makermauzsewing\" target=\"_blank\" rel=\"noopener\">YouTube Kanal Maker Mauz Sewing<\/a>.<\/p><p>Hier m\u00f6chte ich Eindr\u00fccke, Dinge die mich inspirieren und nat\u00fcrlich selbst gemachte Sachen mit euch teilen. Neben detaillierten Videos, kostenlosen Schnittmustern, will ich Wissen rund ums N\u00e4hen und Basteln, Tipps und Tricks anbieten.<\/p><p>Falls es noch Fragen gibt, schreibe mir \u00fcbers Kontaktformular oder \u00fcber makermauz@outlook.de<\/p><h3>Kooperationsbeispiel<\/h3><p>So k\u00f6nnte z.B. eine Kooperation aussehen.\u00a0<\/p><p><img fetchpriority=\"high\" decoding=\"async\" class=\"alignnone wp-image-7913 size-full\" src=\"https:\/\/makermauz.de\/wp-content\/uploads\/2024\/11\/IG-Stoffe-Hemmers.jpg\" alt=\"\" width=\"1600\" height=\"1018\" srcset=\"https:\/\/makermauz.de\/wp-content\/uploads\/2024\/11\/IG-Stoffe-Hemmers.jpg 1600w, https:\/\/makermauz.de\/wp-content\/uploads\/2024\/11\/IG-Stoffe-Hemmers-300x191.jpg 300w, https:\/\/makermauz.de\/wp-content\/uploads\/2024\/11\/IG-Stoffe-Hemmers-1024x652.jpg 1024w, https:\/\/makermauz.de\/wp-content\/uploads\/2024\/11\/IG-Stoffe-Hemmers-768x489.jpg 768w, https:\/\/makermauz.de\/wp-content\/uploads\/2024\/11\/IG-Stoffe-Hemmers-1536x977.jpg 1536w, https:\/\/makermauz.de\/wp-content\/uploads\/2024\/11\/IG-Stoffe-Hemmers-80x50.jpg 80w, https:\/\/makermauz.de\/wp-content\/uploads\/2024\/11\/IG-Stoffe-Hemmers-600x382.jpg 600w\" sizes=\"(max-width: 1600px) 100vw, 1600px\" \/><\/p>\t\t\t\t\t\t\t\t<\/div>\n\t\t\t\t<\/div>\n\t\t\t\t\t<\/div>\n\t\t<\/div>\n\t\t\t\t\t<\/div>\n\t\t<\/section>\n\t\t\t\t<\/div>\n\t\t","protected":false},"excerpt":{"rendered":"<p>Du willst \u00fcber mich schreiben oder Werbung schalten? Dann bist du hier bei Presse &amp; Werbung genau richtig.Hier finden du unter anderem Infos zum Blog sowie das Mediakit, das alle wichtigen Daten und Fakten in einer PDF Datei zusammenfasst. Media &hellip; <a href=\"https:\/\/makermauz.de\/?page_id=300\">Weiter<\/a><\/p>\n","protected":false},"author":1,"featured_media":0,"parent":0,"menu_order":0,"comment_status":"closed","ping_status":"closed","template":"","meta":{"om_disable_all_campaigns":false,"kt_blocks_editor_width":"","_monsterinsights_skip_tracking":false,"_monsterinsights_sitenote_active":false,"_monsterinsights_sitenote_note":"","_monsterinsights_sitenote_category":0,"footnotes":"","_links_to":"","_links_to_target":""},"class_list":["post-300","page","type-page","status-publish","hentry"],"yoast_head":"<!-- This site is optimized with the Yoast SEO plugin v27.6 - https:\/\/yoast.com\/product\/yoast-seo-wordpress\/ -->\n<title>Presse &amp; Werbung - Mediakit und Werbem\u00f6glichkeiten<\/title>\n<meta name=\"description\" content=\"Presse &amp; Werbung - Mediakit und Webem\u00f6glichkeiten. Du willst \u00fcber mich schreiben oder eine Kooperation mit mir eingehen?\" \/>\n<meta name=\"robots\" content=\"noindex, nofollow\" \/>\n<meta property=\"og:locale\" content=\"de_DE\" \/>\n<meta property=\"og:type\" content=\"article\" \/>\n<meta property=\"og:title\" content=\"Presse &amp; Werbung - Mediakit und Werbem\u00f6glichkeiten\" \/>\n<meta property=\"og:description\" content=\"Presse &amp; Werbung - Mediakit und Webem\u00f6glichkeiten. Du willst \u00fcber mich schreiben oder eine Kooperation mit mir eingehen?\" \/>\n<meta property=\"og:url\" content=\"https:\/\/makermauz.de\/?page_id=300\" \/>\n<meta property=\"og:site_name\" content=\"Maker Mauz Sewing\" \/>\n<meta property=\"article:modified_time\" content=\"2024-11-09T12:34:54+00:00\" \/>\n<meta property=\"og:image\" content=\"https:\/\/makermauz.de\/wp-content\/uploads\/2024\/11\/IG-Stoffe-Hemmers.jpg\" \/>\n<meta name=\"twitter:card\" content=\"summary_large_image\" \/>\n<meta name=\"twitter:label1\" content=\"Gesch\u00e4tzte Lesezeit\" \/>\n\t<meta name=\"twitter:data1\" content=\"2\u00a0Minuten\" \/>\n<script type=\"application\/ld+json\" class=\"yoast-schema-graph\">{\"@context\":\"https:\\\/\\\/schema.org\",\"@graph\":[{\"@type\":\"WebPage\",\"@id\":\"https:\\\/\\\/makermauz.de\\\/?page_id=300\",\"url\":\"https:\\\/\\\/makermauz.de\\\/?page_id=300\",\"name\":\"Presse & Werbung - Mediakit und Werbem\u00f6glichkeiten\",\"isPartOf\":{\"@id\":\"https:\\\/\\\/makermauz.de\\\/#website\"},\"primaryImageOfPage\":{\"@id\":\"https:\\\/\\\/makermauz.de\\\/?page_id=300#primaryimage\"},\"image\":{\"@id\":\"https:\\\/\\\/makermauz.de\\\/?page_id=300#primaryimage\"},\"thumbnailUrl\":\"https:\\\/\\\/makermauz.de\\\/wp-content\\\/uploads\\\/2024\\\/11\\\/IG-Stoffe-Hemmers.jpg\",\"datePublished\":\"2016-10-26T15:59:43+00:00\",\"dateModified\":\"2024-11-09T12:34:54+00:00\",\"description\":\"Presse & Werbung - Mediakit und Webem\u00f6glichkeiten. Du willst \u00fcber mich schreiben oder eine Kooperation mit mir eingehen?\",\"breadcrumb\":{\"@id\":\"https:\\\/\\\/makermauz.de\\\/?page_id=300#breadcrumb\"},\"inLanguage\":\"de\",\"potentialAction\":[{\"@type\":\"ReadAction\",\"target\":[\"https:\\\/\\\/makermauz.de\\\/?page_id=300\"]}]},{\"@type\":\"ImageObject\",\"inLanguage\":\"de\",\"@id\":\"https:\\\/\\\/makermauz.de\\\/?page_id=300#primaryimage\",\"url\":\"https:\\\/\\\/makermauz.de\\\/wp-content\\\/uploads\\\/2024\\\/11\\\/IG-Stoffe-Hemmers.jpg\",\"contentUrl\":\"https:\\\/\\\/makermauz.de\\\/wp-content\\\/uploads\\\/2024\\\/11\\\/IG-Stoffe-Hemmers.jpg\",\"width\":1600,\"height\":1018},{\"@type\":\"BreadcrumbList\",\"@id\":\"https:\\\/\\\/makermauz.de\\\/?page_id=300#breadcrumb\",\"itemListElement\":[{\"@type\":\"ListItem\",\"position\":1,\"name\":\"Startseite\",\"item\":\"https:\\\/\\\/makermauz.de\\\/\"},{\"@type\":\"ListItem\",\"position\":2,\"name\":\"Presse &#038; Werbung\"}]},{\"@type\":\"WebSite\",\"@id\":\"https:\\\/\\\/makermauz.de\\\/#website\",\"url\":\"https:\\\/\\\/makermauz.de\\\/\",\"name\":\"Maker Mauz Sewing\",\"description\":\"N\u00e4hen lernen, Schnittmuster, N\u00e4hanleitungen, Plotterdateien, DIYs\",\"publisher\":{\"@id\":\"https:\\\/\\\/makermauz.de\\\/#\\\/schema\\\/person\\\/66099be1b4736a5fae4fdbba61fc3467\"},\"potentialAction\":[{\"@type\":\"SearchAction\",\"target\":{\"@type\":\"EntryPoint\",\"urlTemplate\":\"https:\\\/\\\/makermauz.de\\\/?s={search_term_string}\"},\"query-input\":{\"@type\":\"PropertyValueSpecification\",\"valueRequired\":true,\"valueName\":\"search_term_string\"}}],\"inLanguage\":\"de\"},{\"@type\":[\"Person\",\"Organization\"],\"@id\":\"https:\\\/\\\/makermauz.de\\\/#\\\/schema\\\/person\\\/66099be1b4736a5fae4fdbba61fc3467\",\"name\":\"Maker Mauz\",\"image\":{\"@type\":\"ImageObject\",\"inLanguage\":\"de\",\"@id\":\"https:\\\/\\\/secure.gravatar.com\\\/avatar\\\/d8220a7fcaab42a4ad29f49238f10b3cfff9d051acd6cc346f6a59384eed2871?s=96&d=mm&r=g\",\"url\":\"https:\\\/\\\/secure.gravatar.com\\\/avatar\\\/d8220a7fcaab42a4ad29f49238f10b3cfff9d051acd6cc346f6a59384eed2871?s=96&d=mm&r=g\",\"contentUrl\":\"https:\\\/\\\/secure.gravatar.com\\\/avatar\\\/d8220a7fcaab42a4ad29f49238f10b3cfff9d051acd6cc346f6a59384eed2871?s=96&d=mm&r=g\",\"caption\":\"Maker Mauz\"},\"logo\":{\"@id\":\"https:\\\/\\\/secure.gravatar.com\\\/avatar\\\/d8220a7fcaab42a4ad29f49238f10b3cfff9d051acd6cc346f6a59384eed2871?s=96&d=mm&r=g\"}}]}<\/script>\n<!-- \/ Yoast SEO plugin. -->","yoast_head_json":{"title":"Presse & Werbung - Mediakit und Werbem\u00f6glichkeiten","description":"Presse & Werbung - Mediakit und Webem\u00f6glichkeiten. Du willst \u00fcber mich schreiben oder eine Kooperation mit mir eingehen?","robots":{"index":"noindex","follow":"nofollow"},"og_locale":"de_DE","og_type":"article","og_title":"Presse & Werbung - Mediakit und Werbem\u00f6glichkeiten","og_description":"Presse & Werbung - Mediakit und Webem\u00f6glichkeiten. Du willst \u00fcber mich schreiben oder eine Kooperation mit mir eingehen?","og_url":"https:\/\/makermauz.de\/?page_id=300","og_site_name":"Maker Mauz Sewing","article_modified_time":"2024-11-09T12:34:54+00:00","og_image":[{"url":"https:\/\/makermauz.de\/wp-content\/uploads\/2024\/11\/IG-Stoffe-Hemmers.jpg","type":"","width":"","height":""}],"twitter_card":"summary_large_image","twitter_misc":{"Gesch\u00e4tzte Lesezeit":"2\u00a0Minuten"},"schema":{"@context":"https:\/\/schema.org","@graph":[{"@type":"WebPage","@id":"https:\/\/makermauz.de\/?page_id=300","url":"https:\/\/makermauz.de\/?page_id=300","name":"Presse & Werbung - Mediakit und Werbem\u00f6glichkeiten","isPartOf":{"@id":"https:\/\/makermauz.de\/#website"},"primaryImageOfPage":{"@id":"https:\/\/makermauz.de\/?page_id=300#primaryimage"},"image":{"@id":"https:\/\/makermauz.de\/?page_id=300#primaryimage"},"thumbnailUrl":"https:\/\/makermauz.de\/wp-content\/uploads\/2024\/11\/IG-Stoffe-Hemmers.jpg","datePublished":"2016-10-26T15:59:43+00:00","dateModified":"2024-11-09T12:34:54+00:00","description":"Presse & Werbung - Mediakit und Webem\u00f6glichkeiten. Du willst \u00fcber mich schreiben oder eine Kooperation mit mir eingehen?","breadcrumb":{"@id":"https:\/\/makermauz.de\/?page_id=300#breadcrumb"},"inLanguage":"de","potentialAction":[{"@type":"ReadAction","target":["https:\/\/makermauz.de\/?page_id=300"]}]},{"@type":"ImageObject","inLanguage":"de","@id":"https:\/\/makermauz.de\/?page_id=300#primaryimage","url":"https:\/\/makermauz.de\/wp-content\/uploads\/2024\/11\/IG-Stoffe-Hemmers.jpg","contentUrl":"https:\/\/makermauz.de\/wp-content\/uploads\/2024\/11\/IG-Stoffe-Hemmers.jpg","width":1600,"height":1018},{"@type":"BreadcrumbList","@id":"https:\/\/makermauz.de\/?page_id=300#breadcrumb","itemListElement":[{"@type":"ListItem","position":1,"name":"Startseite","item":"https:\/\/makermauz.de\/"},{"@type":"ListItem","position":2,"name":"Presse &#038; Werbung"}]},{"@type":"WebSite","@id":"https:\/\/makermauz.de\/#website","url":"https:\/\/makermauz.de\/","name":"Maker Mauz Sewing","description":"N\u00e4hen lernen, Schnittmuster, N\u00e4hanleitungen, Plotterdateien, DIYs","publisher":{"@id":"https:\/\/makermauz.de\/#\/schema\/person\/66099be1b4736a5fae4fdbba61fc3467"},"potentialAction":[{"@type":"SearchAction","target":{"@type":"EntryPoint","urlTemplate":"https:\/\/makermauz.de\/?s={search_term_string}"},"query-input":{"@type":"PropertyValueSpecification","valueRequired":true,"valueName":"search_term_string"}}],"inLanguage":"de"},{"@type":["Person","Organization"],"@id":"https:\/\/makermauz.de\/#\/schema\/person\/66099be1b4736a5fae4fdbba61fc3467","name":"Maker Mauz","image":{"@type":"ImageObject","inLanguage":"de","@id":"https:\/\/secure.gravatar.com\/avatar\/d8220a7fcaab42a4ad29f49238f10b3cfff9d051acd6cc346f6a59384eed2871?s=96&d=mm&r=g","url":"https:\/\/secure.gravatar.com\/avatar\/d8220a7fcaab42a4ad29f49238f10b3cfff9d051acd6cc346f6a59384eed2871?s=96&d=mm&r=g","contentUrl":"https:\/\/secure.gravatar.com\/avatar\/d8220a7fcaab42a4ad29f49238f10b3cfff9d051acd6cc346f6a59384eed2871?s=96&d=mm&r=g","caption":"Maker Mauz"},"logo":{"@id":"https:\/\/secure.gravatar.com\/avatar\/d8220a7fcaab42a4ad29f49238f10b3cfff9d051acd6cc346f6a59384eed2871?s=96&d=mm&r=g"}}]}},"_links":{"self":[{"href":"https:\/\/makermauz.de\/index.php?rest_route=\/wp\/v2\/pages\/300","targetHints":{"allow":["GET"]}}],"collection":[{"href":"https:\/\/makermauz.de\/index.php?rest_route=\/wp\/v2\/pages"}],"about":[{"href":"https:\/\/makermauz.de\/index.php?rest_route=\/wp\/v2\/types\/page"}],"author":[{"embeddable":true,"href":"https:\/\/makermauz.de\/index.php?rest_route=\/wp\/v2\/users\/1"}],"replies":[{"embeddable":true,"href":"https:\/\/makermauz.de\/index.php?rest_route=%2Fwp%2Fv2%2Fcomments&post=300"}],"version-history":[{"count":21,"href":"https:\/\/makermauz.de\/index.php?rest_route=\/wp\/v2\/pages\/300\/revisions"}],"predecessor-version":[{"id":7919,"href":"https:\/\/makermauz.de\/index.php?rest_route=\/wp\/v2\/pages\/300\/revisions\/7919"}],"wp:attachment":[{"href":"https:\/\/makermauz.de\/index.php?rest_route=%2Fwp%2Fv2%2Fmedia&parent=300"}],"curies":[{"name":"wp","href":"https:\/\/api.w.org\/{rel}","templated":true}]}}