{"id":2676,"date":"2022-02-20T09:38:06","date_gmt":"2022-02-20T09:38:06","guid":{"rendered":"https:\/\/makermauz.de\/agb\/"},"modified":"2022-09-12T09:21:04","modified_gmt":"2022-09-12T09:21:04","slug":"agb","status":"publish","type":"page","link":"https:\/\/makermauz.de\/?page_id=2676","title":{"rendered":"AGB"},"content":{"rendered":"\t\t<div data-elementor-type=\"wp-page\" data-elementor-id=\"2676\" class=\"elementor elementor-2676\">\n\t\t\t\t\t\t<section class=\"elementor-section elementor-top-section elementor-element elementor-element-64c53bd elementor-section-boxed elementor-section-height-default elementor-section-height-default\" data-id=\"64c53bd\" data-element_type=\"section\" data-e-type=\"section\">\n\t\t\t\t\t\t<div class=\"elementor-container elementor-column-gap-default\">\n\t\t\t\t\t<div class=\"elementor-column elementor-col-100 elementor-top-column elementor-element elementor-element-9c81b51\" data-id=\"9c81b51\" data-element_type=\"column\" data-e-type=\"column\">\n\t\t\t<div class=\"elementor-widget-wrap elementor-element-populated\">\n\t\t\t\t\t\t<div class=\"elementor-element elementor-element-18275fa elementor-widget elementor-widget-text-editor\" data-id=\"18275fa\" data-element_type=\"widget\" data-e-type=\"widget\" data-widget_type=\"text-editor.default\">\n\t\t\t\t<div class=\"elementor-widget-container\">\n\t\t\t\t\t\t\t\t\t<h3 style=\"margin-bottom: 16.55px;\">&nbsp;Allgemeine Gesch\u00e4ftsbedingungen<br><\/h3>\n<div><br><\/div>\n<h3 style=\"margin-bottom: 16.55px;\">1. Geltungsbereich<br><\/h3>\n<p>F\u00fcr alle Bestellungen \u00fcber unseren Online-Shop gelten die nachfolgenden AGB. Dies gilt auch, wenn der Zugang auf die Webseite au\u00dferhalb der Bundesrepublik Deutschland erfolgt.&nbsp;Mein Online-Shop richtet sich ausschlie\u00dflich an Verbraucher:<\/p>\n<p>Verbraucher ist jede nat\u00fcrliche Person, die ein Rechtsgesch\u00e4ft zu Zwecken abschlie\u00dft, die \u00fcberwiegend weder ihrer gewerblichen noch ihrer selbst\u00e4ndigen beruflichen T\u00e4tigkeit zugerechnet werden k\u00f6nnen. Unternehmer ist eine nat\u00fcrliche oder juristische Person oder eine rechtsf\u00e4hige Personengesellschaft, die bei Abschluss eines Rechtsgesch\u00e4fts in Aus\u00fcbung ihrer gewerblichen oder selbst\u00e4ndigen beruflichen T\u00e4tigkeit handelt.<\/p>\n<p><br><\/p>\n<h3 style=\"margin-bottom: 16.55px;\">2. Vertragspartner, Vertragsschluss, Korrekturm\u00f6glichkeiten<\/h3>\n<p>Der Kaufvertrag kommt zustande mit Maker Mauz, Frau Jaqueline Wenger.<\/p>\n<p>Mit Einstellung der Produkte in den Online-Shop gebe wir ein verbindliches Angebot zum Vertragsschluss \u00fcber diese Artikel ab. Sie k\u00f6nnen unsere Produkte zun\u00e4chst unverbindlich in den Warenkorb legen und Ihre Eingaben vor Absenden Ihrer verbindlichen Bestellung jederzeit korrigieren, indem Sie die hierf\u00fcr im Bestellablauf vorgesehenen und erl\u00e4uterten Korrekturhilfen nutzen. Der Vertrag kommt zustande, indem Sie durch Anklicken des Bestellbuttons das Angebot \u00fcber die im Warenkorb enthaltenen Waren annehmen.&nbsp;<\/p>\n<p>Der Online-Zahlungsservice leitet Sie nach Eingabe deiner Bestellung zur Paypal Seite weiter, dort k\u00f6nnen Sie sich einloggen und bezahlen. Falls Sie noch kein Paypal-Konto haben, k\u00f6nnen Sie dieses unter:&nbsp;<a href=\"https:\/\/www.paypal.com\/de\/home\/\" target=\"_blank\">www.paypal.de<\/a>&nbsp;anlegen. Paypal speichert dabei Ihre Bank- oder Kreditinformationen. Nach Abschluss des Zahlungsvorganges auf der Paypal Webseite, bekommen Sie anschlie\u00dfend eine Bestellbest\u00e4tigung per E-Mail. Sie haben sicherzustellen, dass die von Ihnen angegebene E-Mail-Adresse korrekt ist.<\/p>\n<p><br><\/p>\n<h3 style=\"margin-bottom: 16.55px;\">3. Vertragssprache, Vertragstextspeicherung<\/h3>\n<p>Die f\u00fcr den Vertragsschluss zur Verf\u00fcgung stehende(n) Sprache(n): Deutsch<\/p>\n<p>Wir speichern den Vertragstext und senden Ihnen die Bestelldaten und unsere AGB in Textform zu. Der Vertragstext ist aus Sicherheitsgr\u00fcnden nicht mehr \u00fcber das Internet zug\u00e4nglich.<\/p>\n<p><br><\/p>\n<h3 style=\"margin-bottom: 16.55px;\">4. Lieferung \/ Download<\/h3>\n<p>Unsere Artikel sind ausschlie\u00dflich digitale Produkte (im Dateiformat PDF) die nach Erwerb zum Download bereit gestellt werden. Dazu schickt Maker Mauz einen Link an die vom Besteller vorgegeben E-Mail-Adresse. Der Link steht dem Kunden einige Wochen (mindestens 1 Monat) zur Verf\u00fcgung. Es ist ratsam, den Download deshalb sofort zu t\u00e4tigen. Falls der Kunde eine Kundenkonto besitzt, kann er die Datei dort jederzeit unter Meine Bestellungen herunterladen.<\/p>\n<p>Um unsere Produkte lesen und ausdrucken zu k\u00f6nnen ben\u00f6tigt der Kunde einen PDF-Reader z.B. Adobe Reader. Dieser kann auf der Herstellerseite des PDF Software Anbieters heruntergeladen werden. Es fallen keine Versandkosten an.&nbsp;<\/p>\n<p><br><\/p>\n\n<h3 style=\"margin-bottom: 16.55px;\">5. Preise, Zahlungsbedingunen, Bezahlung<\/h3>\n<p>Die Preise auf unseren Produktseiten stellen den Gesamtpreis dar. Keine Berechnung der Mehrwertsteuer, da Kleinunternehmer nach \u00a719 (1) UStG.<\/p>\n\n<p>In unserem Shop stehen Ihnen grunds\u00e4tzlich die folgenden Zahlungsarten zur Verf\u00fcgung:<\/p>\n<p><span style=\"font-weight: 700;\">PayPal, PayPal Express<\/span><\/p>\n<p><span style=\"color: var( --e-global-color-text );\">PayPal ist ein Online-Zahlungsservice der PayPal (Europe) S.\u00e0 r.l. &amp; Cie, S.C.A. Im Bestellprozess werden Sie auf die Webseite des Online-Anbieters PayPal weitergeleitet. Um den Rechnungsbetrag \u00fcber PayPal bezahlen zu k\u00f6nnen, m\u00fcssen Sie dort registriert sein bzw. sich erst registrieren, mit Ihren Zugangsdaten legitimieren und die Zahlungsanweisung an uns best\u00e4tigen. Nach Abgabe der Bestellung im Shop fordern wir PayPal zur Einleitung der Zahlungstransaktion auf. Die Zahlungstransaktion wird durch PayPal unmittelbar danach automatisch durchgef\u00fchrt. Weitere Hinweise erhalten Sie beim Bestellvorgang.&nbsp; N\u00e4here Informationen erhalten Sie unter:&nbsp;<\/span><a href=\"https:\/\/www.paypal.com\/de\/home\/\" target=\"_blank\">www.paypal.de.<\/a><\/p>\n<p><br><\/p>\n<h3 style=\"margin-bottom: 16.55px;\">6. Nutzungsrechte<\/h3>\n\n<p>Die angeboten Produkte von Maker Mauz sind urheberrechtlich gesch\u00fctzt.&nbsp;<\/p>\n<p>Sie erhalten kein Sacheigentum beim Erwerb eines Produktes, sondern eine einfache Nutzungslizenz, soweit nicht anders im erhaltenen Angebot angegeben. Die einfache Nutzungslizenz beinhaltet das Recht eine Kopie f\u00fcr den pers\u00f6nlichen Gebrauch auf ihrem elektronischen Ger\u00e4ten abzuspeichern oder\/und auszudrucken. Die Lizenz ist nicht \u00fcbertragbar und nicht unterlizenzierbar. Gen\u00e4hte Einzelst\u00fccke d\u00fcrfen bis zu einer Menge von f\u00fcnf St\u00fcck verkauft werden. Eine Massenproduktion ist ausdr\u00fccklich untersagt.&nbsp; F\u00fcr gr\u00f6\u00dfere St\u00fcckzahlen m\u00fcssen Sie eine Erweiterungslizenz bei uns erwerben.&nbsp;<\/p>\n\n<p>Des weiteren ist es nicht gestatte, den gekauften Artikel zu ver\u00e4ndern, zu vervielf\u00e4ltigen, an Dritte weiterzugeben, zu verkaufen, auszustellen oder \u00f6ffentlich wiederzugeben. Der Artikel darf nicht \u00f6ffentlich zug\u00e4nglich gemacht werden.<\/p>\n<p><br><\/p>\n\n<h3 style=\"margin-bottom: 16.55px;\">7. Haftung<\/h3>\n<p>F\u00fcr Anspr\u00fcche aufgrund von Sch\u00e4den, die durch uns, unsere gesetzlichen Vertreter oder Erf\u00fcllungsgehilfen verursacht wurden, haften wir stets unbeschr\u00e4nkt<\/p>\n<p>\u2022 bei Verletzung des Lebens, des K\u00f6rpers oder der Gesundheit<\/p>\n<p>\u2022 bei vors\u00e4tzlicher oder grob fahrl\u00e4ssiger Pflichtverletzung<\/p>\n<p>\u2022 bei Garantieversprechen, soweit vereinbart, oder<\/p>\n<p>\u2022 soweit der Anwendungsbereich des Produkthaftungsgesetzes er\u00f6ffnet ist.<\/p>\n<p>Bei Verletzung wesentlicher Vertragspflichten, deren Erf\u00fcllung die ordnungsgem\u00e4\u00dfe Durchf\u00fchrung des Vertrages \u00fcberhaupt erst erm\u00f6glicht und auf deren Einhaltung der Vertragspartner regelm\u00e4\u00dfig vertrauen darf, (Kardinalpflichten) durch leichte Fahrl\u00e4ssigkeit von uns, unseren gesetzlichen Vertretern oder Erf\u00fcllungsgehilfen ist die Haftung der H\u00f6he nach auf den bei Vertragsschluss vorhersehbaren Schaden begrenzt, mit dessen Entstehung typischerweise gerechnet werden muss.<\/p>\n<p><br><\/p>\n<h3 style=\"margin-bottom: 16.55px;\">8. Alternative Streitbeilegung gem\u00e4\u00df Art. 14 Abs. 1 ODR-VO und \u00a7 36 VSBG:&nbsp;<\/h3>\n<p>Die Europ\u00e4ische Kommission stellt eine Plattform zur Online-Streitbelegung (OS) bereit, die unter&nbsp;<a href=\"https:\/\/ec.europa.eu\/consumers\/odr\" target=\"_blank\">https:\/\/ec.europa.eu\/consumers\/odr<\/a>&nbsp;zu finden ist. Zur Teilnahme an einem Schlichtungsverfahren vor einer Verbraucherschlichtungsstelle sind wir nicht verpflichtet und k\u00f6nnen die Teilnahme an einem solchen Verfahren leider auch nicht anbieten.<\/p>\n<p>Stand August 2022<\/p>\t\t\t\t\t\t\t\t<\/div>\n\t\t\t\t<\/div>\n\t\t\t\t\t<\/div>\n\t\t<\/div>\n\t\t\t\t\t<\/div>\n\t\t<\/section>\n\t\t\t\t<\/div>\n\t\t","protected":false},"excerpt":{"rendered":"<p>&nbsp;Allgemeine Gesch\u00e4ftsbedingungen 1. Geltungsbereich F\u00fcr alle Bestellungen \u00fcber unseren Online-Shop gelten die nachfolgenden AGB. Dies gilt auch, wenn der Zugang auf die Webseite au\u00dferhalb der Bundesrepublik Deutschland erfolgt.&nbsp;Mein Online-Shop richtet sich ausschlie\u00dflich an Verbraucher: Verbraucher ist jede nat\u00fcrliche Person, die &hellip; <a href=\"https:\/\/makermauz.de\/?page_id=2676\">Weiter<\/a><\/p>\n","protected":false},"author":1,"featured_media":0,"parent":0,"menu_order":0,"comment_status":"closed","ping_status":"closed","template":"","meta":{"om_disable_all_campaigns":false,"kt_blocks_editor_width":"","_monsterinsights_skip_tracking":false,"_monsterinsights_sitenote_active":false,"_monsterinsights_sitenote_note":"","_monsterinsights_sitenote_category":0,"footnotes":"","_links_to":"","_links_to_target":""},"class_list":["post-2676","page","type-page","status-publish","hentry"],"yoast_head":"<!-- This site is optimized with the Yoast SEO plugin v27.6 - https:\/\/yoast.com\/product\/yoast-seo-wordpress\/ -->\n<title>AGB von Maker Mauz<\/title>\n<meta name=\"description\" content=\"Allgemeine Gesch\u00e4ftsbedingungen von Maker Mauz\" \/>\n<meta name=\"robots\" content=\"noindex, nofollow\" \/>\n<meta property=\"og:locale\" content=\"de_DE\" \/>\n<meta property=\"og:type\" content=\"article\" \/>\n<meta property=\"og:title\" content=\"AGB von Maker Mauz\" \/>\n<meta property=\"og:description\" content=\"Allgemeine Gesch\u00e4ftsbedingungen von Maker Mauz\" \/>\n<meta property=\"og:url\" content=\"https:\/\/makermauz.de\/?page_id=2676\" \/>\n<meta property=\"og:site_name\" content=\"Maker Mauz Sewing\" \/>\n<meta property=\"article:modified_time\" content=\"2022-09-12T09:21:04+00:00\" \/>\n<meta name=\"twitter:card\" content=\"summary_large_image\" \/>\n<meta name=\"twitter:label1\" content=\"Gesch\u00e4tzte Lesezeit\" \/>\n\t<meta name=\"twitter:data1\" content=\"5\u00a0Minuten\" \/>\n<script type=\"application\/ld+json\" class=\"yoast-schema-graph\">{\"@context\":\"https:\\\/\\\/schema.org\",\"@graph\":[{\"@type\":\"WebPage\",\"@id\":\"https:\\\/\\\/makermauz.de\\\/?page_id=2676\",\"url\":\"https:\\\/\\\/makermauz.de\\\/?page_id=2676\",\"name\":\"AGB von Maker Mauz\",\"isPartOf\":{\"@id\":\"https:\\\/\\\/makermauz.de\\\/#website\"},\"datePublished\":\"2022-02-20T09:38:06+00:00\",\"dateModified\":\"2022-09-12T09:21:04+00:00\",\"description\":\"Allgemeine Gesch\u00e4ftsbedingungen von Maker Mauz\",\"breadcrumb\":{\"@id\":\"https:\\\/\\\/makermauz.de\\\/?page_id=2676#breadcrumb\"},\"inLanguage\":\"de\",\"potentialAction\":[{\"@type\":\"ReadAction\",\"target\":[\"https:\\\/\\\/makermauz.de\\\/?page_id=2676\"]}]},{\"@type\":\"BreadcrumbList\",\"@id\":\"https:\\\/\\\/makermauz.de\\\/?page_id=2676#breadcrumb\",\"itemListElement\":[{\"@type\":\"ListItem\",\"position\":1,\"name\":\"Startseite\",\"item\":\"https:\\\/\\\/makermauz.de\\\/\"},{\"@type\":\"ListItem\",\"position\":2,\"name\":\"AGB\"}]},{\"@type\":\"WebSite\",\"@id\":\"https:\\\/\\\/makermauz.de\\\/#website\",\"url\":\"https:\\\/\\\/makermauz.de\\\/\",\"name\":\"Maker Mauz Sewing\",\"description\":\"N\u00e4hen lernen, Schnittmuster, N\u00e4hanleitungen, Plotterdateien, DIYs\",\"publisher\":{\"@id\":\"https:\\\/\\\/makermauz.de\\\/#\\\/schema\\\/person\\\/66099be1b4736a5fae4fdbba61fc3467\"},\"potentialAction\":[{\"@type\":\"SearchAction\",\"target\":{\"@type\":\"EntryPoint\",\"urlTemplate\":\"https:\\\/\\\/makermauz.de\\\/?s={search_term_string}\"},\"query-input\":{\"@type\":\"PropertyValueSpecification\",\"valueRequired\":true,\"valueName\":\"search_term_string\"}}],\"inLanguage\":\"de\"},{\"@type\":[\"Person\",\"Organization\"],\"@id\":\"https:\\\/\\\/makermauz.de\\\/#\\\/schema\\\/person\\\/66099be1b4736a5fae4fdbba61fc3467\",\"name\":\"Maker Mauz\",\"image\":{\"@type\":\"ImageObject\",\"inLanguage\":\"de\",\"@id\":\"https:\\\/\\\/secure.gravatar.com\\\/avatar\\\/d8220a7fcaab42a4ad29f49238f10b3cfff9d051acd6cc346f6a59384eed2871?s=96&d=mm&r=g\",\"url\":\"https:\\\/\\\/secure.gravatar.com\\\/avatar\\\/d8220a7fcaab42a4ad29f49238f10b3cfff9d051acd6cc346f6a59384eed2871?s=96&d=mm&r=g\",\"contentUrl\":\"https:\\\/\\\/secure.gravatar.com\\\/avatar\\\/d8220a7fcaab42a4ad29f49238f10b3cfff9d051acd6cc346f6a59384eed2871?s=96&d=mm&r=g\",\"caption\":\"Maker Mauz\"},\"logo\":{\"@id\":\"https:\\\/\\\/secure.gravatar.com\\\/avatar\\\/d8220a7fcaab42a4ad29f49238f10b3cfff9d051acd6cc346f6a59384eed2871?s=96&d=mm&r=g\"}}]}<\/script>\n<!-- \/ Yoast SEO plugin. -->","yoast_head_json":{"title":"AGB von Maker Mauz","description":"Allgemeine Gesch\u00e4ftsbedingungen von Maker Mauz","robots":{"index":"noindex","follow":"nofollow"},"og_locale":"de_DE","og_type":"article","og_title":"AGB von Maker Mauz","og_description":"Allgemeine Gesch\u00e4ftsbedingungen von Maker Mauz","og_url":"https:\/\/makermauz.de\/?page_id=2676","og_site_name":"Maker Mauz Sewing","article_modified_time":"2022-09-12T09:21:04+00:00","twitter_card":"summary_large_image","twitter_misc":{"Gesch\u00e4tzte Lesezeit":"5\u00a0Minuten"},"schema":{"@context":"https:\/\/schema.org","@graph":[{"@type":"WebPage","@id":"https:\/\/makermauz.de\/?page_id=2676","url":"https:\/\/makermauz.de\/?page_id=2676","name":"AGB von Maker Mauz","isPartOf":{"@id":"https:\/\/makermauz.de\/#website"},"datePublished":"2022-02-20T09:38:06+00:00","dateModified":"2022-09-12T09:21:04+00:00","description":"Allgemeine Gesch\u00e4ftsbedingungen von Maker Mauz","breadcrumb":{"@id":"https:\/\/makermauz.de\/?page_id=2676#breadcrumb"},"inLanguage":"de","potentialAction":[{"@type":"ReadAction","target":["https:\/\/makermauz.de\/?page_id=2676"]}]},{"@type":"BreadcrumbList","@id":"https:\/\/makermauz.de\/?page_id=2676#breadcrumb","itemListElement":[{"@type":"ListItem","position":1,"name":"Startseite","item":"https:\/\/makermauz.de\/"},{"@type":"ListItem","position":2,"name":"AGB"}]},{"@type":"WebSite","@id":"https:\/\/makermauz.de\/#website","url":"https:\/\/makermauz.de\/","name":"Maker Mauz Sewing","description":"N\u00e4hen lernen, Schnittmuster, N\u00e4hanleitungen, Plotterdateien, DIYs","publisher":{"@id":"https:\/\/makermauz.de\/#\/schema\/person\/66099be1b4736a5fae4fdbba61fc3467"},"potentialAction":[{"@type":"SearchAction","target":{"@type":"EntryPoint","urlTemplate":"https:\/\/makermauz.de\/?s={search_term_string}"},"query-input":{"@type":"PropertyValueSpecification","valueRequired":true,"valueName":"search_term_string"}}],"inLanguage":"de"},{"@type":["Person","Organization"],"@id":"https:\/\/makermauz.de\/#\/schema\/person\/66099be1b4736a5fae4fdbba61fc3467","name":"Maker Mauz","image":{"@type":"ImageObject","inLanguage":"de","@id":"https:\/\/secure.gravatar.com\/avatar\/d8220a7fcaab42a4ad29f49238f10b3cfff9d051acd6cc346f6a59384eed2871?s=96&d=mm&r=g","url":"https:\/\/secure.gravatar.com\/avatar\/d8220a7fcaab42a4ad29f49238f10b3cfff9d051acd6cc346f6a59384eed2871?s=96&d=mm&r=g","contentUrl":"https:\/\/secure.gravatar.com\/avatar\/d8220a7fcaab42a4ad29f49238f10b3cfff9d051acd6cc346f6a59384eed2871?s=96&d=mm&r=g","caption":"Maker Mauz"},"logo":{"@id":"https:\/\/secure.gravatar.com\/avatar\/d8220a7fcaab42a4ad29f49238f10b3cfff9d051acd6cc346f6a59384eed2871?s=96&d=mm&r=g"}}]}},"_links":{"self":[{"href":"https:\/\/makermauz.de\/index.php?rest_route=\/wp\/v2\/pages\/2676","targetHints":{"allow":["GET"]}}],"collection":[{"href":"https:\/\/makermauz.de\/index.php?rest_route=\/wp\/v2\/pages"}],"about":[{"href":"https:\/\/makermauz.de\/index.php?rest_route=\/wp\/v2\/types\/page"}],"author":[{"embeddable":true,"href":"https:\/\/makermauz.de\/index.php?rest_route=\/wp\/v2\/users\/1"}],"replies":[{"embeddable":true,"href":"https:\/\/makermauz.de\/index.php?rest_route=%2Fwp%2Fv2%2Fcomments&post=2676"}],"version-history":[{"count":28,"href":"https:\/\/makermauz.de\/index.php?rest_route=\/wp\/v2\/pages\/2676\/revisions"}],"predecessor-version":[{"id":5027,"href":"https:\/\/makermauz.de\/index.php?rest_route=\/wp\/v2\/pages\/2676\/revisions\/5027"}],"wp:attachment":[{"href":"https:\/\/makermauz.de\/index.php?rest_route=%2Fwp%2Fv2%2Fmedia&parent=2676"}],"curies":[{"name":"wp","href":"https:\/\/api.w.org\/{rel}","templated":true}]}}