{"id":210,"date":"2016-04-15T12:15:00","date_gmt":"2016-04-15T12:15:00","guid":{"rendered":"https:\/\/makermauz.de\/?page_id=210"},"modified":"2023-02-10T08:20:30","modified_gmt":"2023-02-10T08:20:30","slug":"blog","status":"publish","type":"page","link":"https:\/\/makermauz.de\/?page_id=210","title":{"rendered":"N\u00e4h-Blog"},"content":{"rendered":"<h1>N\u00e4h-Blog von Maker Mauz Sewing<\/h1>\n<p>Sch\u00f6n das ihr meinen N\u00e4hblog gefunden habt. Vielleicht kennt ihr mich ja schon aus <a href=\"https:\/\/www.youtube.com\/channel\/UCpP_f6wPDE2yZkeLCIzactw\">YouTube<\/a>. Dort betreibe ich einen DIY Kanal. Hier auf meiner Webseite spezialisiere ich mich auf das Thema N\u00e4hen.<\/p>\n<p><span class=\"st\"> Ihr seid N\u00e4hanf\u00e4nger und wollt <em>n\u00e4hen<\/em> lernen?<\/span> Dann seid ihr hier in meinem N\u00e4h-Blog genau richtig! In meinen Blogartikeln stelle ich meine aktuellsten N\u00e4h-Projekte vor z.B. meine N\u00e4hanleitungen und Schnittmuster, Tutorials, N\u00e4htipps und Inspirationen die mich antreiben &#8211; einfach alles rund ums N\u00e4hen.<\/p>\n<p>\u00dcbrigens findet ihr auf meiner Webseite noch viele andere Infos z.B.<\/p>\n<ul>\n<li>ein <a href=\"https:\/\/makermauz.de\/naehlexikon\/\">N\u00e4hlexikon<\/a> &#8211; dort findet ihr viele Wissenswertes zum n\u00e4hen lernen.<\/li>\n<li>meine <a href=\"https:\/\/makermauz.de\/schnittmuster\/\">Schnittmuster<\/a> &#8211; darunter viele kostenlose N\u00e4hanleitungen mit Videokurse f\u00fcr Anf\u00e4nger und Fortgeschrittene.<\/li>\n<\/ul>\n","protected":false},"excerpt":{"rendered":"<p>N\u00e4h-Blog von Maker Mauz Sewing Sch\u00f6n das ihr meinen N\u00e4hblog gefunden habt. Vielleicht kennt ihr mich ja schon aus YouTube. Dort betreibe ich einen DIY Kanal. Hier auf meiner Webseite spezialisiere ich mich auf das Thema N\u00e4hen. Ihr seid N\u00e4hanf\u00e4nger &hellip; <a href=\"https:\/\/makermauz.de\/?page_id=210\">Weiter<\/a><\/p>\n","protected":false},"author":1,"featured_media":0,"parent":0,"menu_order":0,"comment_status":"closed","ping_status":"open","template":"","meta":{"om_disable_all_campaigns":false,"kt_blocks_editor_width":"","_monsterinsights_skip_tracking":false,"_monsterinsights_sitenote_active":false,"_monsterinsights_sitenote_note":"","_monsterinsights_sitenote_category":0,"footnotes":"","_links_to":"","_links_to_target":""},"class_list":["post-210","page","type-page","status-publish","hentry"],"yoast_head":"<!-- This site is optimized with the Yoast SEO plugin v27.6 - https:\/\/yoast.com\/product\/yoast-seo-wordpress\/ -->\n<title>N\u00e4h-Blog Maker Mauz - N\u00e4hen lernen leicht gemacht<\/title>\n<meta name=\"description\" content=\"N\u00e4h-Blog \u00fcber N\u00e4hanleitungen, Schnittmuster, Tutorials, Tipps zum N\u00e4hen lernen, aktuellen Projekten und Inspirationen.\" \/>\n<meta name=\"robots\" content=\"index, follow, max-snippet:-1, max-image-preview:large, max-video-preview:-1\" \/>\n<link rel=\"canonical\" href=\"https:\/\/makermauz.de\/?page_id=210\" \/>\n<meta property=\"og:locale\" content=\"de_DE\" \/>\n<meta property=\"og:type\" content=\"article\" \/>\n<meta property=\"og:title\" content=\"N\u00e4h-Blog Maker Mauz - N\u00e4hen lernen leicht gemacht\" \/>\n<meta property=\"og:description\" content=\"N\u00e4h-Blog \u00fcber N\u00e4hanleitungen, Schnittmuster, Tutorials, Tipps zum N\u00e4hen lernen, aktuellen Projekten und Inspirationen.\" \/>\n<meta property=\"og:url\" content=\"https:\/\/makermauz.de\/?page_id=210\" \/>\n<meta property=\"og:site_name\" content=\"Maker Mauz Sewing\" \/>\n<meta property=\"article:modified_time\" content=\"2023-02-10T08:20:30+00:00\" \/>\n<meta name=\"twitter:card\" content=\"summary_large_image\" \/>\n<meta name=\"twitter:label1\" content=\"Gesch\u00e4tzte Lesezeit\" \/>\n\t<meta name=\"twitter:data1\" content=\"1\u00a0Minute\" \/>\n<script type=\"application\/ld+json\" class=\"yoast-schema-graph\">{\"@context\":\"https:\\\/\\\/schema.org\",\"@graph\":[{\"@type\":\"WebPage\",\"@id\":\"https:\\\/\\\/makermauz.de\\\/?page_id=210\",\"url\":\"https:\\\/\\\/makermauz.de\\\/?page_id=210\",\"name\":\"N\u00e4h-Blog Maker Mauz - N\u00e4hen lernen leicht gemacht\",\"isPartOf\":{\"@id\":\"https:\\\/\\\/makermauz.de\\\/#website\"},\"datePublished\":\"2016-04-15T12:15:00+00:00\",\"dateModified\":\"2023-02-10T08:20:30+00:00\",\"description\":\"N\u00e4h-Blog \u00fcber N\u00e4hanleitungen, Schnittmuster, Tutorials, Tipps zum N\u00e4hen lernen, aktuellen Projekten und Inspirationen.\",\"breadcrumb\":{\"@id\":\"https:\\\/\\\/makermauz.de\\\/?page_id=210#breadcrumb\"},\"inLanguage\":\"de\",\"potentialAction\":[{\"@type\":\"ReadAction\",\"target\":[\"https:\\\/\\\/makermauz.de\\\/?page_id=210\"]}]},{\"@type\":\"BreadcrumbList\",\"@id\":\"https:\\\/\\\/makermauz.de\\\/?page_id=210#breadcrumb\",\"itemListElement\":[{\"@type\":\"ListItem\",\"position\":1,\"name\":\"Startseite\",\"item\":\"https:\\\/\\\/makermauz.de\\\/\"},{\"@type\":\"ListItem\",\"position\":2,\"name\":\"N\u00e4h-Blog\"}]},{\"@type\":\"WebSite\",\"@id\":\"https:\\\/\\\/makermauz.de\\\/#website\",\"url\":\"https:\\\/\\\/makermauz.de\\\/\",\"name\":\"Maker Mauz Sewing\",\"description\":\"N\u00e4hen lernen, Schnittmuster, N\u00e4hanleitungen, Plotterdateien, DIYs\",\"publisher\":{\"@id\":\"https:\\\/\\\/makermauz.de\\\/#\\\/schema\\\/person\\\/66099be1b4736a5fae4fdbba61fc3467\"},\"potentialAction\":[{\"@type\":\"SearchAction\",\"target\":{\"@type\":\"EntryPoint\",\"urlTemplate\":\"https:\\\/\\\/makermauz.de\\\/?s={search_term_string}\"},\"query-input\":{\"@type\":\"PropertyValueSpecification\",\"valueRequired\":true,\"valueName\":\"search_term_string\"}}],\"inLanguage\":\"de\"},{\"@type\":[\"Person\",\"Organization\"],\"@id\":\"https:\\\/\\\/makermauz.de\\\/#\\\/schema\\\/person\\\/66099be1b4736a5fae4fdbba61fc3467\",\"name\":\"Maker Mauz\",\"image\":{\"@type\":\"ImageObject\",\"inLanguage\":\"de\",\"@id\":\"https:\\\/\\\/secure.gravatar.com\\\/avatar\\\/d8220a7fcaab42a4ad29f49238f10b3cfff9d051acd6cc346f6a59384eed2871?s=96&d=mm&r=g\",\"url\":\"https:\\\/\\\/secure.gravatar.com\\\/avatar\\\/d8220a7fcaab42a4ad29f49238f10b3cfff9d051acd6cc346f6a59384eed2871?s=96&d=mm&r=g\",\"contentUrl\":\"https:\\\/\\\/secure.gravatar.com\\\/avatar\\\/d8220a7fcaab42a4ad29f49238f10b3cfff9d051acd6cc346f6a59384eed2871?s=96&d=mm&r=g\",\"caption\":\"Maker Mauz\"},\"logo\":{\"@id\":\"https:\\\/\\\/secure.gravatar.com\\\/avatar\\\/d8220a7fcaab42a4ad29f49238f10b3cfff9d051acd6cc346f6a59384eed2871?s=96&d=mm&r=g\"}}]}<\/script>\n<!-- \/ Yoast SEO plugin. -->","yoast_head_json":{"title":"N\u00e4h-Blog Maker Mauz - N\u00e4hen lernen leicht gemacht","description":"N\u00e4h-Blog \u00fcber N\u00e4hanleitungen, Schnittmuster, Tutorials, Tipps zum N\u00e4hen lernen, aktuellen Projekten und Inspirationen.","robots":{"index":"index","follow":"follow","max-snippet":"max-snippet:-1","max-image-preview":"max-image-preview:large","max-video-preview":"max-video-preview:-1"},"canonical":"https:\/\/makermauz.de\/?page_id=210","og_locale":"de_DE","og_type":"article","og_title":"N\u00e4h-Blog Maker Mauz - N\u00e4hen lernen leicht gemacht","og_description":"N\u00e4h-Blog \u00fcber N\u00e4hanleitungen, Schnittmuster, Tutorials, Tipps zum N\u00e4hen lernen, aktuellen Projekten und Inspirationen.","og_url":"https:\/\/makermauz.de\/?page_id=210","og_site_name":"Maker Mauz Sewing","article_modified_time":"2023-02-10T08:20:30+00:00","twitter_card":"summary_large_image","twitter_misc":{"Gesch\u00e4tzte Lesezeit":"1\u00a0Minute"},"schema":{"@context":"https:\/\/schema.org","@graph":[{"@type":"WebPage","@id":"https:\/\/makermauz.de\/?page_id=210","url":"https:\/\/makermauz.de\/?page_id=210","name":"N\u00e4h-Blog Maker Mauz - N\u00e4hen lernen leicht gemacht","isPartOf":{"@id":"https:\/\/makermauz.de\/#website"},"datePublished":"2016-04-15T12:15:00+00:00","dateModified":"2023-02-10T08:20:30+00:00","description":"N\u00e4h-Blog \u00fcber N\u00e4hanleitungen, Schnittmuster, Tutorials, Tipps zum N\u00e4hen lernen, aktuellen Projekten und Inspirationen.","breadcrumb":{"@id":"https:\/\/makermauz.de\/?page_id=210#breadcrumb"},"inLanguage":"de","potentialAction":[{"@type":"ReadAction","target":["https:\/\/makermauz.de\/?page_id=210"]}]},{"@type":"BreadcrumbList","@id":"https:\/\/makermauz.de\/?page_id=210#breadcrumb","itemListElement":[{"@type":"ListItem","position":1,"name":"Startseite","item":"https:\/\/makermauz.de\/"},{"@type":"ListItem","position":2,"name":"N\u00e4h-Blog"}]},{"@type":"WebSite","@id":"https:\/\/makermauz.de\/#website","url":"https:\/\/makermauz.de\/","name":"Maker Mauz Sewing","description":"N\u00e4hen lernen, Schnittmuster, N\u00e4hanleitungen, Plotterdateien, DIYs","publisher":{"@id":"https:\/\/makermauz.de\/#\/schema\/person\/66099be1b4736a5fae4fdbba61fc3467"},"potentialAction":[{"@type":"SearchAction","target":{"@type":"EntryPoint","urlTemplate":"https:\/\/makermauz.de\/?s={search_term_string}"},"query-input":{"@type":"PropertyValueSpecification","valueRequired":true,"valueName":"search_term_string"}}],"inLanguage":"de"},{"@type":["Person","Organization"],"@id":"https:\/\/makermauz.de\/#\/schema\/person\/66099be1b4736a5fae4fdbba61fc3467","name":"Maker Mauz","image":{"@type":"ImageObject","inLanguage":"de","@id":"https:\/\/secure.gravatar.com\/avatar\/d8220a7fcaab42a4ad29f49238f10b3cfff9d051acd6cc346f6a59384eed2871?s=96&d=mm&r=g","url":"https:\/\/secure.gravatar.com\/avatar\/d8220a7fcaab42a4ad29f49238f10b3cfff9d051acd6cc346f6a59384eed2871?s=96&d=mm&r=g","contentUrl":"https:\/\/secure.gravatar.com\/avatar\/d8220a7fcaab42a4ad29f49238f10b3cfff9d051acd6cc346f6a59384eed2871?s=96&d=mm&r=g","caption":"Maker Mauz"},"logo":{"@id":"https:\/\/secure.gravatar.com\/avatar\/d8220a7fcaab42a4ad29f49238f10b3cfff9d051acd6cc346f6a59384eed2871?s=96&d=mm&r=g"}}]}},"_links":{"self":[{"href":"https:\/\/makermauz.de\/index.php?rest_route=\/wp\/v2\/pages\/210","targetHints":{"allow":["GET"]}}],"collection":[{"href":"https:\/\/makermauz.de\/index.php?rest_route=\/wp\/v2\/pages"}],"about":[{"href":"https:\/\/makermauz.de\/index.php?rest_route=\/wp\/v2\/types\/page"}],"author":[{"embeddable":true,"href":"https:\/\/makermauz.de\/index.php?rest_route=\/wp\/v2\/users\/1"}],"replies":[{"embeddable":true,"href":"https:\/\/makermauz.de\/index.php?rest_route=%2Fwp%2Fv2%2Fcomments&post=210"}],"version-history":[{"count":3,"href":"https:\/\/makermauz.de\/index.php?rest_route=\/wp\/v2\/pages\/210\/revisions"}],"predecessor-version":[{"id":544,"href":"https:\/\/makermauz.de\/index.php?rest_route=\/wp\/v2\/pages\/210\/revisions\/544"}],"wp:attachment":[{"href":"https:\/\/makermauz.de\/index.php?rest_route=%2Fwp%2Fv2%2Fmedia&parent=210"}],"curies":[{"name":"wp","href":"https:\/\/api.w.org\/{rel}","templated":true}]}}