{"id":184,"date":"2016-04-15T11:12:00","date_gmt":"2016-04-15T11:12:00","guid":{"rendered":"https:\/\/makermauz.de\/?page_id=184"},"modified":"2022-08-17T14:25:12","modified_gmt":"2022-08-17T14:25:12","slug":"about","status":"publish","type":"page","link":"https:\/\/makermauz.de\/?page_id=184","title":{"rendered":"\u00dcber mich"},"content":{"rendered":"\t\t<div data-elementor-type=\"wp-page\" data-elementor-id=\"184\" class=\"elementor elementor-184\">\n\t\t\t\t\t\t<section class=\"elementor-section elementor-top-section elementor-element elementor-element-2d27e2c4 elementor-section-boxed elementor-section-height-default elementor-section-height-default\" data-id=\"2d27e2c4\" data-element_type=\"section\" data-e-type=\"section\">\n\t\t\t\t\t\t<div class=\"elementor-container elementor-column-gap-default\">\n\t\t\t\t\t<div class=\"elementor-column elementor-col-100 elementor-top-column elementor-element elementor-element-4cdd977f\" data-id=\"4cdd977f\" data-element_type=\"column\" data-e-type=\"column\">\n\t\t\t<div class=\"elementor-widget-wrap elementor-element-populated\">\n\t\t\t\t\t\t<div class=\"elementor-element elementor-element-4f3da554 elementor-widget elementor-widget-text-editor\" data-id=\"4f3da554\" data-element_type=\"widget\" data-e-type=\"widget\" data-widget_type=\"text-editor.default\">\n\t\t\t\t<div class=\"elementor-widget-container\">\n\t\t\t\t\t\t\t\t\t<p>Angefangen habe ich 2015 mit dem <a href=\"https:\/\/www.youtube.com\/c\/makermauz\" target=\"_blank\" rel=\"noopener\">DIY YouTube Kanal Maker Mauz<\/a>. Dort habe ich sehr viele Dinge getestet von Holzwerken, N\u00e4hen, Hausrenovieren, Basteln usw. Es hat sich schnell herauskristallisiert, das ich am liebsten n\u00e4he. Wahrscheinlich liegt das daran, dass ich das schon sehr lange mache und ich mir zu diesem Thema das meiste Wissen erarbeitet habe. Vieles davon durch B\u00fccher z.B. Schnittkonstruktion und N\u00e4htechniken, aber auch durch Museen und andere YouTube Videos. Durch meine Ausbildung als Grafikdesignerin waren mir viele Programme schon bekannt. Auf dem YouTube Kanal habe ich dann mein erstes Schnittmuster entwickelt, den <a href=\"https:\/\/youtu.be\/ae83KkVgmaI\" target=\"_blank\" rel=\"noopener\">Glockenrock Fiftys<\/a>. Das hat mir sehr viel Spa\u00df gemacht und ich wusste, ich will mehr davon machen. Es entstand dieser <a href=\"https:\/\/makermauz.de\/blog\/\" target=\"_blank\" rel=\"noopener\">Blog<\/a> und ein spezieller <a href=\"https:\/\/www.youtube.com\/c\/makermauzsewing\" target=\"_blank\" rel=\"noopener\">N\u00e4hkanal Maker Mauz Sewing<\/a><\/p><p>Seitdem sind einige Schnittmuster und auch Plotterdateien entstanden die ich z.B. bei<a href=\"https:\/\/www.makerist.de\/users\/maker_mauz\/ebooks\" target=\"_blank\" rel=\"noopener\"> Makerist<\/a> und <a href=\"https:\/\/www.alles-fuer-selbermacher.de\/digitale-dateien&amp;manufacturer_id=3146\" target=\"_blank\" rel=\"noopener\">Alles f\u00fcr Selbermacher<\/a> verkaufe und seit neustem auch in meinem eigenen Onlineshop.<\/p><h2><img fetchpriority=\"high\" decoding=\"async\" class=\"alignleft wp-image-3213 size-full\" src=\"https:\/\/makermauz.de\/wp-content\/uploads\/2022\/08\/maker-mauz-sewing_gruenderin_jaqueline_shop_schnittmuster_plotterdateien.jpg\" alt=\"Maker Mauz n\u00e4ht\" width=\"1800\" height=\"875\" srcset=\"https:\/\/makermauz.de\/wp-content\/uploads\/2022\/08\/maker-mauz-sewing_gruenderin_jaqueline_shop_schnittmuster_plotterdateien.jpg 1800w, https:\/\/makermauz.de\/wp-content\/uploads\/2022\/08\/maker-mauz-sewing_gruenderin_jaqueline_shop_schnittmuster_plotterdateien-300x146.jpg 300w, https:\/\/makermauz.de\/wp-content\/uploads\/2022\/08\/maker-mauz-sewing_gruenderin_jaqueline_shop_schnittmuster_plotterdateien-1024x498.jpg 1024w, https:\/\/makermauz.de\/wp-content\/uploads\/2022\/08\/maker-mauz-sewing_gruenderin_jaqueline_shop_schnittmuster_plotterdateien-768x373.jpg 768w, https:\/\/makermauz.de\/wp-content\/uploads\/2022\/08\/maker-mauz-sewing_gruenderin_jaqueline_shop_schnittmuster_plotterdateien-1536x747.jpg 1536w, https:\/\/makermauz.de\/wp-content\/uploads\/2022\/08\/maker-mauz-sewing_gruenderin_jaqueline_shop_schnittmuster_plotterdateien-600x292.jpg 600w\" sizes=\"(max-width: 1800px) 100vw, 1800px\" \/><\/h2><h2 style=\"text-align: left;\">Und das bin ich:<\/h2><p>Mein Name ist Jaqueline und ich bin 36 Jahre. Aufgewachsen bin ich im sch\u00f6nen Bayern bei M\u00fcnchen und lebe bis heute dort mit meiner s\u00fc\u00dfen Katze Lilly Luchsohr. Ich bin gelernte Grafikdesignerin und Fotografin. Im Autodidakt habe ich mir das N\u00e4hen und das Schnittmustererstellen beigebracht, genauso das Videoschneiden und alles weitere was ich f\u00fcr Maker Mauz ben\u00f6tige. Ich freue mich auf jeden Tag den ich f\u00fcr mein Label aufbringen darf, denn ich liebe was ich hier tue.<\/p><p>Liebe Gr\u00fc\u00dfe,<br \/>Jaqueline<\/p>\t\t\t\t\t\t\t\t<\/div>\n\t\t\t\t<\/div>\n\t\t\t\t\t<\/div>\n\t\t<\/div>\n\t\t\t\t\t<\/div>\n\t\t<\/section>\n\t\t\t\t<\/div>\n\t\t","protected":false},"excerpt":{"rendered":"<p>Angefangen habe ich 2015 mit dem DIY YouTube Kanal Maker Mauz. Dort habe ich sehr viele Dinge getestet von Holzwerken, N\u00e4hen, Hausrenovieren, Basteln usw. Es hat sich schnell herauskristallisiert, das ich am liebsten n\u00e4he. Wahrscheinlich liegt das daran, dass ich &hellip; <a href=\"https:\/\/makermauz.de\/?page_id=184\">Weiter<\/a><\/p>\n","protected":false},"author":1,"featured_media":0,"parent":0,"menu_order":0,"comment_status":"closed","ping_status":"open","template":"","meta":{"om_disable_all_campaigns":false,"kt_blocks_editor_width":"","_monsterinsights_skip_tracking":false,"_monsterinsights_sitenote_active":false,"_monsterinsights_sitenote_note":"","_monsterinsights_sitenote_category":0,"footnotes":"","_links_to":"","_links_to_target":""},"class_list":["post-184","page","type-page","status-publish","hentry"],"yoast_head":"<!-- This site is optimized with the Yoast SEO plugin v27.6 - https:\/\/yoast.com\/product\/yoast-seo-wordpress\/ -->\n<title>\u00dcber mich - Wer steckt hinter Maker Mauz<\/title>\n<meta name=\"description\" content=\"Infos \u00fcber Jaqueline von Maker Mauz Sewing - Der Onlineshop f\u00fcr Schnittmuster, N\u00e4htricks und Plotterdateien.\" \/>\n<meta name=\"robots\" content=\"noindex, nofollow\" \/>\n<meta property=\"og:locale\" content=\"de_DE\" \/>\n<meta property=\"og:type\" content=\"article\" \/>\n<meta property=\"og:title\" content=\"\u00dcber mich - Wer steckt hinter Maker Mauz\" \/>\n<meta property=\"og:description\" content=\"Infos \u00fcber Jaqueline von Maker Mauz Sewing - Der Onlineshop f\u00fcr Schnittmuster, N\u00e4htricks und Plotterdateien.\" \/>\n<meta property=\"og:url\" content=\"https:\/\/makermauz.de\/?page_id=184\" \/>\n<meta property=\"og:site_name\" content=\"Maker Mauz Sewing\" \/>\n<meta property=\"article:modified_time\" content=\"2022-08-17T14:25:12+00:00\" \/>\n<meta property=\"og:image\" content=\"https:\/\/makermauz.de\/wp-content\/uploads\/2022\/08\/maker-mauz-sewing_gruenderin_jaqueline_shop_schnittmuster_plotterdateien.jpg\" \/>\n<meta name=\"twitter:card\" content=\"summary_large_image\" \/>\n<meta name=\"twitter:label1\" content=\"Gesch\u00e4tzte Lesezeit\" \/>\n\t<meta name=\"twitter:data1\" content=\"2\u00a0Minuten\" \/>\n<script type=\"application\/ld+json\" class=\"yoast-schema-graph\">{\"@context\":\"https:\\\/\\\/schema.org\",\"@graph\":[{\"@type\":\"WebPage\",\"@id\":\"https:\\\/\\\/makermauz.de\\\/?page_id=184\",\"url\":\"https:\\\/\\\/makermauz.de\\\/?page_id=184\",\"name\":\"\u00dcber mich - Wer steckt hinter Maker Mauz\",\"isPartOf\":{\"@id\":\"https:\\\/\\\/makermauz.de\\\/#website\"},\"primaryImageOfPage\":{\"@id\":\"https:\\\/\\\/makermauz.de\\\/?page_id=184#primaryimage\"},\"image\":{\"@id\":\"https:\\\/\\\/makermauz.de\\\/?page_id=184#primaryimage\"},\"thumbnailUrl\":\"https:\\\/\\\/makermauz.de\\\/wp-content\\\/uploads\\\/2022\\\/08\\\/maker-mauz-sewing_gruenderin_jaqueline_shop_schnittmuster_plotterdateien.jpg\",\"datePublished\":\"2016-04-15T11:12:00+00:00\",\"dateModified\":\"2022-08-17T14:25:12+00:00\",\"description\":\"Infos \u00fcber Jaqueline von Maker Mauz Sewing - Der Onlineshop f\u00fcr Schnittmuster, N\u00e4htricks und Plotterdateien.\",\"breadcrumb\":{\"@id\":\"https:\\\/\\\/makermauz.de\\\/?page_id=184#breadcrumb\"},\"inLanguage\":\"de\",\"potentialAction\":[{\"@type\":\"ReadAction\",\"target\":[\"https:\\\/\\\/makermauz.de\\\/?page_id=184\"]}]},{\"@type\":\"ImageObject\",\"inLanguage\":\"de\",\"@id\":\"https:\\\/\\\/makermauz.de\\\/?page_id=184#primaryimage\",\"url\":\"https:\\\/\\\/makermauz.de\\\/wp-content\\\/uploads\\\/2022\\\/08\\\/maker-mauz-sewing_gruenderin_jaqueline_shop_schnittmuster_plotterdateien.jpg\",\"contentUrl\":\"https:\\\/\\\/makermauz.de\\\/wp-content\\\/uploads\\\/2022\\\/08\\\/maker-mauz-sewing_gruenderin_jaqueline_shop_schnittmuster_plotterdateien.jpg\",\"width\":1800,\"height\":875,\"caption\":\"N\u00e4hen lernen mit der Mauz\"},{\"@type\":\"BreadcrumbList\",\"@id\":\"https:\\\/\\\/makermauz.de\\\/?page_id=184#breadcrumb\",\"itemListElement\":[{\"@type\":\"ListItem\",\"position\":1,\"name\":\"Startseite\",\"item\":\"https:\\\/\\\/makermauz.de\\\/\"},{\"@type\":\"ListItem\",\"position\":2,\"name\":\"\u00dcber mich\"}]},{\"@type\":\"WebSite\",\"@id\":\"https:\\\/\\\/makermauz.de\\\/#website\",\"url\":\"https:\\\/\\\/makermauz.de\\\/\",\"name\":\"Maker Mauz Sewing\",\"description\":\"N\u00e4hen lernen, Schnittmuster, N\u00e4hanleitungen, Plotterdateien, DIYs\",\"publisher\":{\"@id\":\"https:\\\/\\\/makermauz.de\\\/#\\\/schema\\\/person\\\/66099be1b4736a5fae4fdbba61fc3467\"},\"potentialAction\":[{\"@type\":\"SearchAction\",\"target\":{\"@type\":\"EntryPoint\",\"urlTemplate\":\"https:\\\/\\\/makermauz.de\\\/?s={search_term_string}\"},\"query-input\":{\"@type\":\"PropertyValueSpecification\",\"valueRequired\":true,\"valueName\":\"search_term_string\"}}],\"inLanguage\":\"de\"},{\"@type\":[\"Person\",\"Organization\"],\"@id\":\"https:\\\/\\\/makermauz.de\\\/#\\\/schema\\\/person\\\/66099be1b4736a5fae4fdbba61fc3467\",\"name\":\"Maker Mauz\",\"image\":{\"@type\":\"ImageObject\",\"inLanguage\":\"de\",\"@id\":\"https:\\\/\\\/secure.gravatar.com\\\/avatar\\\/d8220a7fcaab42a4ad29f49238f10b3cfff9d051acd6cc346f6a59384eed2871?s=96&d=mm&r=g\",\"url\":\"https:\\\/\\\/secure.gravatar.com\\\/avatar\\\/d8220a7fcaab42a4ad29f49238f10b3cfff9d051acd6cc346f6a59384eed2871?s=96&d=mm&r=g\",\"contentUrl\":\"https:\\\/\\\/secure.gravatar.com\\\/avatar\\\/d8220a7fcaab42a4ad29f49238f10b3cfff9d051acd6cc346f6a59384eed2871?s=96&d=mm&r=g\",\"caption\":\"Maker Mauz\"},\"logo\":{\"@id\":\"https:\\\/\\\/secure.gravatar.com\\\/avatar\\\/d8220a7fcaab42a4ad29f49238f10b3cfff9d051acd6cc346f6a59384eed2871?s=96&d=mm&r=g\"}}]}<\/script>\n<!-- \/ Yoast SEO plugin. -->","yoast_head_json":{"title":"\u00dcber mich - Wer steckt hinter Maker Mauz","description":"Infos \u00fcber Jaqueline von Maker Mauz Sewing - Der Onlineshop f\u00fcr Schnittmuster, N\u00e4htricks und Plotterdateien.","robots":{"index":"noindex","follow":"nofollow"},"og_locale":"de_DE","og_type":"article","og_title":"\u00dcber mich - Wer steckt hinter Maker Mauz","og_description":"Infos \u00fcber Jaqueline von Maker Mauz Sewing - Der Onlineshop f\u00fcr Schnittmuster, N\u00e4htricks und Plotterdateien.","og_url":"https:\/\/makermauz.de\/?page_id=184","og_site_name":"Maker Mauz Sewing","article_modified_time":"2022-08-17T14:25:12+00:00","og_image":[{"url":"https:\/\/makermauz.de\/wp-content\/uploads\/2022\/08\/maker-mauz-sewing_gruenderin_jaqueline_shop_schnittmuster_plotterdateien.jpg","type":"","width":"","height":""}],"twitter_card":"summary_large_image","twitter_misc":{"Gesch\u00e4tzte Lesezeit":"2\u00a0Minuten"},"schema":{"@context":"https:\/\/schema.org","@graph":[{"@type":"WebPage","@id":"https:\/\/makermauz.de\/?page_id=184","url":"https:\/\/makermauz.de\/?page_id=184","name":"\u00dcber mich - Wer steckt hinter Maker Mauz","isPartOf":{"@id":"https:\/\/makermauz.de\/#website"},"primaryImageOfPage":{"@id":"https:\/\/makermauz.de\/?page_id=184#primaryimage"},"image":{"@id":"https:\/\/makermauz.de\/?page_id=184#primaryimage"},"thumbnailUrl":"https:\/\/makermauz.de\/wp-content\/uploads\/2022\/08\/maker-mauz-sewing_gruenderin_jaqueline_shop_schnittmuster_plotterdateien.jpg","datePublished":"2016-04-15T11:12:00+00:00","dateModified":"2022-08-17T14:25:12+00:00","description":"Infos \u00fcber Jaqueline von Maker Mauz Sewing - Der Onlineshop f\u00fcr Schnittmuster, N\u00e4htricks und Plotterdateien.","breadcrumb":{"@id":"https:\/\/makermauz.de\/?page_id=184#breadcrumb"},"inLanguage":"de","potentialAction":[{"@type":"ReadAction","target":["https:\/\/makermauz.de\/?page_id=184"]}]},{"@type":"ImageObject","inLanguage":"de","@id":"https:\/\/makermauz.de\/?page_id=184#primaryimage","url":"https:\/\/makermauz.de\/wp-content\/uploads\/2022\/08\/maker-mauz-sewing_gruenderin_jaqueline_shop_schnittmuster_plotterdateien.jpg","contentUrl":"https:\/\/makermauz.de\/wp-content\/uploads\/2022\/08\/maker-mauz-sewing_gruenderin_jaqueline_shop_schnittmuster_plotterdateien.jpg","width":1800,"height":875,"caption":"N\u00e4hen lernen mit der Mauz"},{"@type":"BreadcrumbList","@id":"https:\/\/makermauz.de\/?page_id=184#breadcrumb","itemListElement":[{"@type":"ListItem","position":1,"name":"Startseite","item":"https:\/\/makermauz.de\/"},{"@type":"ListItem","position":2,"name":"\u00dcber mich"}]},{"@type":"WebSite","@id":"https:\/\/makermauz.de\/#website","url":"https:\/\/makermauz.de\/","name":"Maker Mauz Sewing","description":"N\u00e4hen lernen, Schnittmuster, N\u00e4hanleitungen, Plotterdateien, DIYs","publisher":{"@id":"https:\/\/makermauz.de\/#\/schema\/person\/66099be1b4736a5fae4fdbba61fc3467"},"potentialAction":[{"@type":"SearchAction","target":{"@type":"EntryPoint","urlTemplate":"https:\/\/makermauz.de\/?s={search_term_string}"},"query-input":{"@type":"PropertyValueSpecification","valueRequired":true,"valueName":"search_term_string"}}],"inLanguage":"de"},{"@type":["Person","Organization"],"@id":"https:\/\/makermauz.de\/#\/schema\/person\/66099be1b4736a5fae4fdbba61fc3467","name":"Maker Mauz","image":{"@type":"ImageObject","inLanguage":"de","@id":"https:\/\/secure.gravatar.com\/avatar\/d8220a7fcaab42a4ad29f49238f10b3cfff9d051acd6cc346f6a59384eed2871?s=96&d=mm&r=g","url":"https:\/\/secure.gravatar.com\/avatar\/d8220a7fcaab42a4ad29f49238f10b3cfff9d051acd6cc346f6a59384eed2871?s=96&d=mm&r=g","contentUrl":"https:\/\/secure.gravatar.com\/avatar\/d8220a7fcaab42a4ad29f49238f10b3cfff9d051acd6cc346f6a59384eed2871?s=96&d=mm&r=g","caption":"Maker Mauz"},"logo":{"@id":"https:\/\/secure.gravatar.com\/avatar\/d8220a7fcaab42a4ad29f49238f10b3cfff9d051acd6cc346f6a59384eed2871?s=96&d=mm&r=g"}}]}},"_links":{"self":[{"href":"https:\/\/makermauz.de\/index.php?rest_route=\/wp\/v2\/pages\/184","targetHints":{"allow":["GET"]}}],"collection":[{"href":"https:\/\/makermauz.de\/index.php?rest_route=\/wp\/v2\/pages"}],"about":[{"href":"https:\/\/makermauz.de\/index.php?rest_route=\/wp\/v2\/types\/page"}],"author":[{"embeddable":true,"href":"https:\/\/makermauz.de\/index.php?rest_route=\/wp\/v2\/users\/1"}],"replies":[{"embeddable":true,"href":"https:\/\/makermauz.de\/index.php?rest_route=%2Fwp%2Fv2%2Fcomments&post=184"}],"version-history":[{"count":16,"href":"https:\/\/makermauz.de\/index.php?rest_route=\/wp\/v2\/pages\/184\/revisions"}],"predecessor-version":[{"id":4788,"href":"https:\/\/makermauz.de\/index.php?rest_route=\/wp\/v2\/pages\/184\/revisions\/4788"}],"wp:attachment":[{"href":"https:\/\/makermauz.de\/index.php?rest_route=%2Fwp%2Fv2%2Fmedia&parent=184"}],"curies":[{"name":"wp","href":"https:\/\/api.w.org\/{rel}","templated":true}]}}